
{"id":812,"date":"2017-09-06T11:31:00","date_gmt":"2017-09-06T11:31:00","guid":{"rendered":"http:\/\/www.ljdivingtenerife.com\/\/?page_id=812"},"modified":"2026-01-02T10:28:02","modified_gmt":"2026-01-02T09:28:02","slug":"certification-programs","status":"publish","type":"page","link":"https:\/\/www.ljdivingtenerife.com\/fr\/certification-programs\/","title":{"rendered":"Cours et certifications"},"content":{"rendered":"<p>[vc_row][vc_column][vc_single_image image=\u00a0\u00bb2500&Prime; img_size=\u00a0\u00bbfull\u00a0\u00bb alignment=\u00a0\u00bbcenter\u00a0\u00bb css=\u00a0\u00bb.vc_custom_1709823783355{padding-bottom: 20px !important;}\u00a0\u00bb][\/vc_column][\/vc_row][vc_row][vc_column width=\u00a0\u00bb1\/3&Prime;][vc_single_image image=\u00a0\u00bb1574&Prime; alignment=\u00a0\u00bbcenter\u00a0\u00bb][\/vc_column][vc_column width=\u00a0\u00bb1\/3&Prime;][vc_single_image image=\u00a0\u00bb2456&Prime; alignment=\u00a0\u00bbcenter\u00a0\u00bb][\/vc_column][vc_column width=\u00a0\u00bb1\/3&Prime;][vc_single_image image=\u00a0\u00bb2530&Prime; alignment=\u00a0\u00bbcenter\u00a0\u00bb][\/vc_column][\/vc_row][vc_row][vc_column][vc_empty_space alter_height=\u00a0\u00bbmedium\u00a0\u00bb hide_on_mobile=\u00a0\u00bb\u00a0\u00bb]<div id=\"sc_title_1022657592\"\n\t\tclass=\"sc_title sc_title_default\"><h3 class=\"sc_item_title sc_title_title sc_align_default sc_item_title_style_default\">Cours et programmes de certifications<\/h3><\/div><!-- \/.sc_title -->[vc_empty_space alter_height=\u00a0\u00bbmedium\u00a0\u00bb hide_on_mobile=\u00a0\u00bb\u00a0\u00bb][\/vc_column][\/vc_row][vc_row][vc_column][vc_column_text]Vous souhaitez devenir un plongeur certifi\u00e9 ou simplement am\u00e9liorer vos comp\u00e9tences ?\u00a0? Passez votre nouvelle certification avec nous\u00a0!<\/p>\n<p>Nos cours sont faits pour vous car nous nous adaptons toujours \u00e0 votre exp\u00e9rience et vos capacit\u00e9s.<\/p>\n<p>Nos sessions de formation sont tr\u00e8s personnalis\u00e9es et toujours conduites par un moniteur exp\u00e9riment\u00e9 afin de vous enseigner les meilleures pratiques conform\u00e9ment aux organisations auxquelles nous sommes affilili\u00e9s.<\/p>\n<p>Tous nos cours comprennent\u00a0:<\/p>\n<ul>\n<li>Location de l&rsquo;\u00e9quipement complet<\/li>\n<li>e-Learning ou Manuel de formation (si requis)<\/li>\n<li>Assurance<\/li>\n<li>Plong\u00e9es de formation avec un moniteur qualifi\u00e9<\/li>\n<li>Photos<\/li>\n<li>Trajets en bateau<\/li>\n<\/ul>\n<p>D\u00e9crochez votre nouvelle certification et d\u00e9couvrez une nouvelle fa\u00e7on de plonger pour encore plus de plaisir\u00a0![\/vc_column_text][\/vc_column][\/vc_row][vc_row][vc_column][vc_empty_space height=\u00a0\u00bb80px\u00a0\u00bb alter_height=\u00a0\u00bblarge\u00a0\u00bb hide_on_mobile=\u00a0\u00bb\u00a0\u00bb][\/vc_column][vc_column]<div id=\"sc_title_1065540324\"\n\t\tclass=\"sc_title sc_title_default\"><h3 class=\"sc_item_title sc_title_title sc_align_center sc_item_title_style_title-medium-size-style\">Programmes de certifications<\/h3><\/div><!-- \/.sc_title -->[\/vc_column][\/vc_row][vc_row][vc_column width=\u00a0\u00bb1\/3&Prime;]<div  id=\"sc_price_448684047\" \n\tclass=\"sc_price sc_price_default\"><div class=\"sc_price_info\"><div class=\"sc_price_subtitle\">Scuba Diver <\/div><div class=\"sc_price_price\"><span class=\"sc_price_value\">\u20ac350<\/span><\/div><div class=\"sc_price_title\">2 jours<\/div><div class=\"sc_price_details\">3 plong\u00e9es du bateau<br \/>\neLearning<br \/>\nSession personnalis\u00e9e<br \/>\nPhotos<\/div><\/div>\n<\/div>[\/vc_column][vc_column width=\u00a0\u00bb1\/3&Prime;]<div  id=\"sc_price_1644561720\" \n\tclass=\"sc_price sc_price_default\"><div class=\"sc_price_info\"><div class=\"sc_price_subtitle\">Open Water Diver <\/div><div class=\"sc_price_price\"><span class=\"sc_price_value\">\u20ac490<\/span><\/div><div class=\"sc_price_title\">3 jours<\/div><div class=\"sc_price_details\">5 plong\u00e9es du bateau<br \/>\neLearning<br \/>\nSession personnalis\u00e9e<br \/>\nPhotos<\/div><\/div>\n<\/div>[\/vc_column][vc_column width=\u00a0\u00bb1\/3&Prime;]<div  id=\"sc_price_672624406\" \n\tclass=\"sc_price sc_price_default\"><div class=\"sc_price_info\"><div class=\"sc_price_subtitle\">Advanced Open Water<\/div><div class=\"sc_price_price\"><span class=\"sc_price_value\">\u20ac410<\/span><\/div><div class=\"sc_price_title\">3 jours<\/div><div class=\"sc_price_details\">5 plong\u00e9es du bateau<br \/>\neLearning<br \/>\nSession personnalis\u00e9e<br \/>\nPhotos<\/div><\/div>\n<\/div>[\/vc_column][\/vc_row][vc_row][vc_column][vc_empty_space height=\u00a0\u00bb32&Prime; hide_on_mobile=\u00a0\u00bb\u00a0\u00bb][\/vc_column][\/vc_row][vc_row][vc_column width=\u00a0\u00bb1\/3&Prime;]<div  id=\"sc_price_1966043567\" \n\tclass=\"sc_price sc_price_default\"><div class=\"sc_price_info\"><div class=\"sc_price_subtitle\">Formation premiers secours<\/div><div class=\"sc_price_price\"><span class=\"sc_price_value\">\u20ac160<\/span><\/div><div class=\"sc_price_title\">1 jour<\/div><div class=\"sc_price_details\">Pratique<br \/>\nScenarios<br \/>\neLearning<br \/>\nExamen th\u00e9orique<\/div><\/div>\n<\/div>[\/vc_column][vc_column width=\u00a0\u00bb1\/3&Prime;]<div  id=\"sc_price_1094822349\" \n\tclass=\"sc_price sc_price_default\"><div class=\"sc_price_info\"><div class=\"sc_price_subtitle\">Rescue Diver (formation premiers secours non incluse)<\/div><div class=\"sc_price_price\"><span class=\"sc_price_value\">\u20ac450<\/span><\/div><div class=\"sc_price_title\">3 jours<\/div><div class=\"sc_price_details\">4 plong\u00e9es<br \/>\nScenario<br \/>\neLearning<br \/>\nExamen th\u00e9orique<\/div><\/div>\n<\/div>[\/vc_column][vc_column width=\u00a0\u00bb1\/3&Prime;]<div  id=\"sc_price_412033190\" \n\tclass=\"sc_price sc_price_default\"><div class=\"sc_price_info\"><div class=\"sc_price_subtitle\">Dive Master Professionnel<\/div><div class=\"sc_price_price\"><span class=\"sc_price_value\">Devis<\/span><\/div><div class=\"sc_price_title\">2 semaines<\/div><div class=\"sc_price_details\">60 plong\u00e9es requises<br \/>\neLearning<br \/>\nExamen th\u00e9orique<br \/>\nStage (internship) possible<\/div><\/div>\n<\/div>[\/vc_column][\/vc_row][vc_row][vc_column][vc_empty_space height=\u00a0\u00bb80&Prime; alter_height=\u00a0\u00bblarge\u00a0\u00bb hide_on_mobile=\u00a0\u00bb\u00a0\u00bb][\/vc_column][vc_column]<div id=\"sc_title_2022951399\"\n\t\tclass=\"sc_title sc_title_default\"><h3 class=\"sc_item_title sc_title_title sc_align_center sc_item_title_style_title-medium-size-style\">cours de sp\u00e9cialit\u00e9s<\/h3><\/div><!-- \/.sc_title -->[\/vc_column][\/vc_row][vc_row][vc_column width=\u00a0\u00bb1\/3&Prime;]<div  id=\"sc_price_471748263\" \n\tclass=\"sc_price sc_price_default\"><div class=\"sc_price_info\"><div class=\"sc_price_subtitle\">Plong\u00e9e sur \u00e9pave<\/div><div class=\"sc_price_price\"><span class=\"sc_price_value\">\u20ac340<\/span><\/div><div class=\"sc_price_title\">4 plong\u00e9es<\/div><\/div>\n<\/div>[\/vc_column][vc_column width=\u00a0\u00bb1\/3&Prime;]<div  id=\"sc_price_89999250\" \n\tclass=\"sc_price sc_price_default\"><div class=\"sc_price_info\"><div class=\"sc_price_subtitle\">Plong\u00e9e profonde<\/div><div class=\"sc_price_price\"><span class=\"sc_price_value\">\u20ac340<\/span><\/div><div class=\"sc_price_title\">4 plong\u00e9es<\/div><\/div>\n<\/div>[\/vc_column][vc_column width=\u00a0\u00bb1\/3&Prime;]<div  id=\"sc_price_333202706\" \n\tclass=\"sc_price sc_price_default\"><div class=\"sc_price_info\"><div class=\"sc_price_subtitle\">Plongeur NITROX<\/div><div class=\"sc_price_price\"><span class=\"sc_price_value\">\u20ac290<\/span><\/div><div class=\"sc_price_title\">2 plong\u00e9es+Examen<\/div><\/div>\n<\/div>[\/vc_column][\/vc_row][vc_row][vc_column][vc_empty_space][\/vc_column][\/vc_row][vc_row][vc_column width=\u00a0\u00bb1\/2&Prime;]<div  id=\"sc_price_2033961562\" \n\tclass=\"sc_price sc_price_default\"><div class=\"sc_price_info\"><div class=\"sc_price_subtitle\">Photographie sous-marine<\/div><div class=\"sc_price_price\"><span class=\"sc_price_value\">\u20ac280<\/span><\/div><div class=\"sc_price_title\">3 plong\u00e9es<\/div><\/div>\n<\/div>[\/vc_column][vc_column width=\u00a0\u00bb1\/2&Prime;]<div  id=\"sc_price_1647488141\" \n\tclass=\"sc_price sc_price_default\"><div class=\"sc_price_info\"><div class=\"sc_price_subtitle\">Ma\u00eetrise de la flottabilit\u00e9<\/div><div class=\"sc_price_price\"><span class=\"sc_price_value\">\u20ac230<\/span><\/div><div class=\"sc_price_title\">2 plong\u00e9es<\/div><\/div>\n<\/div>[\/vc_column][\/vc_row][vc_row][vc_column][vc_empty_space height=\u00a0\u00bb80&Prime; alter_height=\u00a0\u00bblarge\u00a0\u00bb hide_on_mobile=\u00a0\u00bb\u00a0\u00bb][\/vc_column][vc_column]<div id=\"sc_title_1590060433\"\n\t\tclass=\"sc_title sc_title_default\"><h3 class=\"sc_item_title sc_title_title sc_align_center sc_item_title_style_title-medium-size-style\">FFESSM programmes de certifications<\/h3><\/div><!-- \/.sc_title -->[\/vc_column][\/vc_row][vc_row][vc_column width=\u00a0\u00bb1\/3&Prime;]<div  id=\"sc_price_645048607\" \n\tclass=\"sc_price sc_price_default\"><div class=\"sc_price_info\"><div class=\"sc_price_subtitle\">Plongeur Niveau 1 (CMAS 1*) <\/div><div class=\"sc_price_price\"><span class=\"sc_price_value\">\u20ac450<\/span><\/div><div class=\"sc_price_title\"> 4 Jours<\/div><\/div>\n<\/div>[\/vc_column][vc_column width=\u00a0\u00bb1\/3&Prime;]<div  id=\"sc_price_1891573954\" \n\tclass=\"sc_price sc_price_default\"><div class=\"sc_price_info\"><div class=\"sc_price_subtitle\">Plongeur Niveau 2 (CMAS 2*) <\/div><div class=\"sc_price_price\"><span class=\"sc_price_value\">Devis<\/span><\/div><div class=\"sc_price_title\">5 Jours<\/div><\/div>\n<\/div>[\/vc_column][vc_column width=\u00a0\u00bb1\/3&Prime;]<div  id=\"sc_price_2060069033\" \n\tclass=\"sc_price sc_price_default\"><div class=\"sc_price_info\"><div class=\"sc_price_subtitle\">Plongeur Niveau 3 (Cmas 3*) <\/div><div class=\"sc_price_price\"><span class=\"sc_price_value\">Devis<\/span><\/div><div class=\"sc_price_title\">5 Jours<\/div><\/div>\n<\/div>[\/vc_column][\/vc_row][vc_row][vc_column][vc_empty_space][\/vc_column][\/vc_row][vc_row][vc_column width=\u00a0\u00bb1\/2&Prime;]<div  id=\"sc_price_956215100\" \n\tclass=\"sc_price sc_price_default\"><div class=\"sc_price_info\"><div class=\"sc_price_subtitle\">Licence FFESSM<\/div><div class=\"sc_price_price\"><span class=\"sc_price_value\">\u20ac55<\/span><\/div><\/div>\n<\/div>[\/vc_column][vc_column width=\u00a0\u00bb1\/2&Prime;]<div  id=\"sc_price_1348338719\" \n\tclass=\"sc_price sc_price_default\"><div class=\"sc_price_info\"><div class=\"sc_price_subtitle\">Carte double face FFESSM\/CMAS<\/div><div class=\"sc_price_price\"><span class=\"sc_price_value\">\u20ac20<\/span><\/div><\/div>\n<\/div>[\/vc_column][\/vc_row]<\/p>","protected":false},"excerpt":{"rendered":"<p>[vc_row][vc_column][vc_single_image image=\u00a0\u00bb2500&Prime; img_size=\u00a0\u00bbfull\u00a0\u00bb alignment=\u00a0\u00bbcenter\u00a0\u00bb css=\u00a0\u00bb.vc_custom_1709823783355{padding-bottom: 20px !important;}\u00a0\u00bb][\/vc_column][\/vc_row][vc_row][vc_column width=\u00a0\u00bb1\/3&Prime;][vc_single_image image=\u00a0\u00bb1574&Prime; alignment=\u00a0\u00bbcenter\u00a0\u00bb][\/vc_column][vc_column width=\u00a0\u00bb1\/3&Prime;][vc_single_image image=\u00a0\u00bb2456&Prime; alignment=\u00a0\u00bbcenter\u00a0\u00bb][\/vc_column][vc_column width=\u00a0\u00bb1\/3&Prime;][vc_single_image image=\u00a0\u00bb2530&Prime; alignment=\u00a0\u00bbcenter\u00a0\u00bb][\/vc_column][\/vc_row][vc_row][vc_column][vc_empty_space alter_height=\u00a0\u00bbmedium\u00a0\u00bb hide_on_mobile=\u00a0\u00bb\u00a0\u00bb][vc_empty_space alter_height=\u00a0\u00bbmedium\u00a0\u00bb hide_on_mobile=\u00a0\u00bb\u00a0\u00bb][\/vc_column][\/vc_row][vc_row][vc_column][vc_column_text]Vous&hellip;<\/p>\n","protected":false},"author":1,"featured_media":0,"parent":0,"menu_order":0,"comment_status":"closed","ping_status":"closed","template":"","meta":[],"yoast_head":"<!-- This site is optimized with the Yoast SEO plugin v20.1 - https:\/\/yoast.com\/wordpress\/plugins\/seo\/ -->\n<title>(English) LJ Diving Tenerife - Centre et \u00e9cole de plong\u00e9e sous-marine -<\/title>\n<meta name=\"description\" content=\"(English) Get your scuba diving certification in our diving center. Diving center affiliate to FFESSM(CMAS) and Open Water Instructor available(other organisations). Small group or private sessions.\" \/>\n<meta name=\"robots\" content=\"index, follow, max-snippet:-1, max-image-preview:large, max-video-preview:-1\" \/>\n<link rel=\"canonical\" href=\"https:\/\/www.ljdivingtenerife.com\/certification-programs\/\" \/>\n<meta property=\"og:locale\" content=\"fr_FR\" \/>\n<meta property=\"og:type\" content=\"article\" \/>\n<meta property=\"og:title\" content=\"[:en]LJ Diving Tenerife - Centre et \u00e9cole de plong\u00e9e sous-marine - [:es]LJ Diving Tenerife - Centre et \u00e9cole de plong\u00e9e sous-marine - [:]\" \/>\n<meta property=\"og:description\" content=\"{:en}Get your scuba diving certification in our diving center. Diving center affiliate to FFESSM(CMAS) and Open Water Instructor available(other organisations). Small group or private sessions.{:}\" \/>\n<meta property=\"og:url\" content=\"https:\/\/www.ljdivingtenerife.com\/certification-programs\/\" \/>\n<meta property=\"og:site_name\" content=\"LJ Diving Tenerife - Centre et \u00e9cole de plong\u00e9e sous-marine\" \/>\n<meta property=\"article:modified_time\" content=\"2026-01-02T09:28:02+00:00\" \/>\n<meta name=\"twitter:card\" content=\"summary_large_image\" \/>\n<meta name=\"twitter:label1\" content=\"Dur\u00e9e de lecture estim\u00e9e\" \/>\n\t<meta name=\"twitter:data1\" content=\"3 minutes\" \/>\n<script type=\"application\/ld+json\" class=\"yoast-schema-graph\">{\"@context\":\"https:\/\/schema.org\",\"@graph\":[{\"@type\":\"WebPage\",\"@id\":\"https:\/\/www.ljdivingtenerife.com\/certification-programs\/\",\"url\":\"https:\/\/www.ljdivingtenerife.com\/certification-programs\/\",\"name\":\"[:en]LJ Diving Tenerife - Centre et \u00e9cole de plong\u00e9e sous-marine - [:es]LJ Diving Tenerife - Centre et \u00e9cole de plong\u00e9e sous-marine - [:]\",\"isPartOf\":{\"@id\":\"https:\/\/www.ljdivingtenerife.com\/fr\/#website\"},\"datePublished\":\"2017-09-06T11:31:00+00:00\",\"dateModified\":\"2026-01-02T09:28:02+00:00\",\"description\":\"{:en}Get your scuba diving certification in our diving center. Diving center affiliate to FFESSM(CMAS) and Open Water Instructor available(other organisations). Small group or private sessions.{:}\",\"breadcrumb\":{\"@id\":\"https:\/\/www.ljdivingtenerife.com\/certification-programs\/#breadcrumb\"},\"inLanguage\":\"fr-FR\",\"potentialAction\":[{\"@type\":\"ReadAction\",\"target\":[\"https:\/\/www.ljdivingtenerife.com\/certification-programs\/\"]}]},{\"@type\":\"BreadcrumbList\",\"@id\":\"https:\/\/www.ljdivingtenerife.com\/certification-programs\/#breadcrumb\",\"itemListElement\":[{\"@type\":\"ListItem\",\"position\":1,\"name\":\"Home\",\"item\":\"https:\/\/www.ljdivingtenerife.com\/\"},{\"@type\":\"ListItem\",\"position\":2,\"name\":\"Courses and certifications\"}]},{\"@type\":\"WebSite\",\"@id\":\"https:\/\/www.ljdivingtenerife.com\/fr\/#website\",\"url\":\"https:\/\/www.ljdivingtenerife.com\/fr\/\",\"name\":\"LJ Diving Tenerife - Centre et \u00e9cole de plong\u00e9e sous-marine\",\"description\":\"Centre de plong\u00e9e et \u00e9cole de plong\u00e9e \u00e0 Tenerife. Plong\u00e9es d&#039;exploration, bapt\u00eames de plong\u00e9e et programmes de certifications PADI et FFESSM (CMAS).\",\"potentialAction\":[{\"@type\":\"SearchAction\",\"target\":{\"@type\":\"EntryPoint\",\"urlTemplate\":\"https:\/\/www.ljdivingtenerife.com\/fr\/?s={search_term_string}\"},\"query-input\":\"required name=search_term_string\"}],\"inLanguage\":\"fr-FR\"}]}<\/script>\n<!-- \/ Yoast SEO plugin. -->","yoast_head_json":{"title":"(English) LJ Diving Tenerife - Centre et \u00e9cole de plong\u00e9e sous-marine -","description":"(English) Get your scuba diving certification in our diving center. Diving center affiliate to FFESSM(CMAS) and Open Water Instructor available(other organisations). Small group or private sessions.","robots":{"index":"index","follow":"follow","max-snippet":"max-snippet:-1","max-image-preview":"max-image-preview:large","max-video-preview":"max-video-preview:-1"},"canonical":"https:\/\/www.ljdivingtenerife.com\/certification-programs\/","og_locale":"fr_FR","og_type":"article","og_title":"[:en]LJ Diving Tenerife - Centre et \u00e9cole de plong\u00e9e sous-marine - [:es]LJ Diving Tenerife - Centre et \u00e9cole de plong\u00e9e sous-marine - [:]","og_description":"{:en}Get your scuba diving certification in our diving center. Diving center affiliate to FFESSM(CMAS) and Open Water Instructor available(other organisations). Small group or private sessions.{:}","og_url":"https:\/\/www.ljdivingtenerife.com\/certification-programs\/","og_site_name":"LJ Diving Tenerife - Centre et \u00e9cole de plong\u00e9e sous-marine","article_modified_time":"2026-01-02T09:28:02+00:00","twitter_card":"summary_large_image","twitter_misc":{"Dur\u00e9e de lecture estim\u00e9e":"3 minutes"},"schema":{"@context":"https:\/\/schema.org","@graph":[{"@type":"WebPage","@id":"https:\/\/www.ljdivingtenerife.com\/certification-programs\/","url":"https:\/\/www.ljdivingtenerife.com\/certification-programs\/","name":"[:en]LJ Diving Tenerife - Centre et \u00e9cole de plong\u00e9e sous-marine - [:es]LJ Diving Tenerife - Centre et \u00e9cole de plong\u00e9e sous-marine - [:]","isPartOf":{"@id":"https:\/\/www.ljdivingtenerife.com\/fr\/#website"},"datePublished":"2017-09-06T11:31:00+00:00","dateModified":"2026-01-02T09:28:02+00:00","description":"{:en}Get your scuba diving certification in our diving center. Diving center affiliate to FFESSM(CMAS) and Open Water Instructor available(other organisations). Small group or private sessions.{:}","breadcrumb":{"@id":"https:\/\/www.ljdivingtenerife.com\/certification-programs\/#breadcrumb"},"inLanguage":"fr-FR","potentialAction":[{"@type":"ReadAction","target":["https:\/\/www.ljdivingtenerife.com\/certification-programs\/"]}]},{"@type":"BreadcrumbList","@id":"https:\/\/www.ljdivingtenerife.com\/certification-programs\/#breadcrumb","itemListElement":[{"@type":"ListItem","position":1,"name":"Home","item":"https:\/\/www.ljdivingtenerife.com\/"},{"@type":"ListItem","position":2,"name":"Courses and certifications"}]},{"@type":"WebSite","@id":"https:\/\/www.ljdivingtenerife.com\/fr\/#website","url":"https:\/\/www.ljdivingtenerife.com\/fr\/","name":"LJ Diving Tenerife - Centre et \u00e9cole de plong\u00e9e sous-marine","description":"Centre de plong\u00e9e et \u00e9cole de plong\u00e9e \u00e0 Tenerife. Plong\u00e9es d&#039;exploration, bapt\u00eames de plong\u00e9e et programmes de certifications PADI et FFESSM (CMAS).","potentialAction":[{"@type":"SearchAction","target":{"@type":"EntryPoint","urlTemplate":"https:\/\/www.ljdivingtenerife.com\/fr\/?s={search_term_string}"},"query-input":"required name=search_term_string"}],"inLanguage":"fr-FR"}]}},"_links":{"self":[{"href":"https:\/\/www.ljdivingtenerife.com\/fr\/wp-json\/wp\/v2\/pages\/812"}],"collection":[{"href":"https:\/\/www.ljdivingtenerife.com\/fr\/wp-json\/wp\/v2\/pages"}],"about":[{"href":"https:\/\/www.ljdivingtenerife.com\/fr\/wp-json\/wp\/v2\/types\/page"}],"author":[{"embeddable":true,"href":"https:\/\/www.ljdivingtenerife.com\/fr\/wp-json\/wp\/v2\/users\/1"}],"replies":[{"embeddable":true,"href":"https:\/\/www.ljdivingtenerife.com\/fr\/wp-json\/wp\/v2\/comments?post=812"}],"version-history":[{"count":102,"href":"https:\/\/www.ljdivingtenerife.com\/fr\/wp-json\/wp\/v2\/pages\/812\/revisions"}],"predecessor-version":[{"id":2621,"href":"https:\/\/www.ljdivingtenerife.com\/fr\/wp-json\/wp\/v2\/pages\/812\/revisions\/2621"}],"wp:attachment":[{"href":"https:\/\/www.ljdivingtenerife.com\/fr\/wp-json\/wp\/v2\/media?parent=812"}],"curies":[{"name":"wp","href":"https:\/\/api.w.org\/{rel}","templated":true}]}}