
{"id":78,"date":"2016-10-11T08:24:52","date_gmt":"2016-10-11T08:24:52","guid":{"rendered":"http:\/\/www.ljdivingtenerife.com\/\/?page_id=78"},"modified":"2020-07-14T09:27:16","modified_gmt":"2020-07-14T08:27:16","slug":"gallery","status":"publish","type":"page","link":"https:\/\/www.ljdivingtenerife.com\/fr\/gallery\/","title":{"rendered":"Galerie"},"content":{"rendered":"<p>[vc_row][vc_column][vc_column_text]Bienvenu dans notre gallerie de photos !<\/p>\n<p>D\u00e9couvrez ces quelques images de ce que vous pouvez voir ou rencontrer pendant vos plong\u00e9es dans les eaux canariennes.<\/p>\n<p>Ces photos sont celles de nos clients plongeurs qui ne sont pas des photographes professionnels. Elles sont le reflet de leur sensibilit\u00e9 et de leur cr\u00e9ativit\u00e9 ce qui est pour nous le plus important.<\/p>\n<p>Appr\u00e9ciez et venez plonger avec nous pour d\u00e9couvrir cette incroyable vie sous-marine !<\/p>\n<p>&nbsp;<\/p>\n<p>[\/vc_column_text][\/vc_column][\/vc_row][vc_row][vc_column][vc_media_grid style=\u00a0\u00bbload-more\u00a0\u00bb items_per_page=\u00a0\u00bb12&Prime; btn_title=\u00a0\u00bbPlus&#8230;\u00a0\u00bb grid_id=\u00a0\u00bbvc_gid:1534322339906-de6c96b6-eb24-2&Prime; include=\u00a0\u00bb923,922,921,920,919,775,764,762,760,753,738,737,736,1197,1196,1195,1194,1193,1192,1187,1188,1189,1190,1191,992,991,990,989,988,975,980,982,986,987,1198,1248,1249,1247,1244,1245,1246,1227,1226,1225,1224,1223,1222,1221,1220,1219,1218,1217,1216,1210,1211,1212,1213,1214,1215,1209,1208,1207,1206,1205,1204,1203,1202,1201,1200&Prime;][\/vc_column][\/vc_row]<\/p>","protected":false},"excerpt":{"rendered":"<p>[vc_row][vc_column][vc_column_text]Bienvenu dans notre gallerie de photos ! D\u00e9couvrez ces quelques images de ce que vous pouvez voir ou rencontrer pendant&hellip;<\/p>\n","protected":false},"author":1,"featured_media":0,"parent":0,"menu_order":0,"comment_status":"closed","ping_status":"closed","template":"","meta":[],"yoast_head":"<!-- This site is optimized with the Yoast SEO plugin v20.1 - https:\/\/yoast.com\/wordpress\/plugins\/seo\/ -->\n<title>Galerie - LJ Diving Tenerife - Centre et \u00e9cole de plong\u00e9e sous-marine<\/title>\n<meta name=\"description\" content=\"Check out some of the pictures from the dive sites. Discover our gallery of only amateur shots. Enjoy !\" \/>\n<meta name=\"robots\" content=\"index, follow, max-snippet:-1, max-image-preview:large, max-video-preview:-1\" \/>\n<link rel=\"canonical\" href=\"https:\/\/www.ljdivingtenerife.com\/en\/gallery\/\" \/>\n<meta property=\"og:locale\" content=\"fr_FR\" \/>\n<meta property=\"og:type\" content=\"article\" \/>\n<meta property=\"og:title\" content=\"Galerie - LJ Diving Tenerife - Centre et \u00e9cole de plong\u00e9e sous-marine\" \/>\n<meta property=\"og:description\" content=\"Check out some of the pictures from the dive sites. Discover our gallery of only amateur shots. Enjoy !\" \/>\n<meta property=\"og:url\" content=\"https:\/\/www.ljdivingtenerife.com\/en\/gallery\/\" \/>\n<meta property=\"og:site_name\" content=\"LJ Diving Tenerife - Centre et \u00e9cole de plong\u00e9e sous-marine\" \/>\n<meta property=\"article:modified_time\" content=\"2020-07-14T08:27:16+00:00\" \/>\n<meta name=\"twitter:card\" content=\"summary_large_image\" \/>\n<meta name=\"twitter:label1\" content=\"Dur\u00e9e de lecture estim\u00e9e\" \/>\n\t<meta name=\"twitter:data1\" content=\"3 minutes\" \/>\n<script type=\"application\/ld+json\" class=\"yoast-schema-graph\">{\"@context\":\"https:\/\/schema.org\",\"@graph\":[{\"@type\":\"WebPage\",\"@id\":\"https:\/\/www.ljdivingtenerife.com\/en\/gallery\/\",\"url\":\"https:\/\/www.ljdivingtenerife.com\/en\/gallery\/\",\"name\":\"Galerie - LJ Diving Tenerife - Centre et \u00e9cole de plong\u00e9e sous-marine\",\"isPartOf\":{\"@id\":\"https:\/\/www.ljdivingtenerife.com\/fr\/#website\"},\"datePublished\":\"2016-10-11T08:24:52+00:00\",\"dateModified\":\"2020-07-14T08:27:16+00:00\",\"description\":\"Check out some of the pictures from the dive sites. Discover our gallery of only amateur shots. Enjoy !\",\"breadcrumb\":{\"@id\":\"https:\/\/www.ljdivingtenerife.com\/en\/gallery\/#breadcrumb\"},\"inLanguage\":\"fr-FR\",\"potentialAction\":[{\"@type\":\"ReadAction\",\"target\":[\"https:\/\/www.ljdivingtenerife.com\/en\/gallery\/\"]}]},{\"@type\":\"BreadcrumbList\",\"@id\":\"https:\/\/www.ljdivingtenerife.com\/en\/gallery\/#breadcrumb\",\"itemListElement\":[{\"@type\":\"ListItem\",\"position\":1,\"name\":\"Home\",\"item\":\"https:\/\/www.ljdivingtenerife.com\/\"},{\"@type\":\"ListItem\",\"position\":2,\"name\":\"Gallery\"}]},{\"@type\":\"WebSite\",\"@id\":\"https:\/\/www.ljdivingtenerife.com\/fr\/#website\",\"url\":\"https:\/\/www.ljdivingtenerife.com\/fr\/\",\"name\":\"LJ Diving Tenerife - Centre et \u00e9cole de plong\u00e9e sous-marine\",\"description\":\"Centre de plong\u00e9e et \u00e9cole de plong\u00e9e \u00e0 Tenerife. Plong\u00e9es d&#039;exploration, bapt\u00eames de plong\u00e9e et programmes de certifications PADI et FFESSM (CMAS).\",\"potentialAction\":[{\"@type\":\"SearchAction\",\"target\":{\"@type\":\"EntryPoint\",\"urlTemplate\":\"https:\/\/www.ljdivingtenerife.com\/fr\/?s={search_term_string}\"},\"query-input\":\"required name=search_term_string\"}],\"inLanguage\":\"fr-FR\"}]}<\/script>\n<!-- \/ Yoast SEO plugin. -->","yoast_head_json":{"title":"Galerie - LJ Diving Tenerife - Centre et \u00e9cole de plong\u00e9e sous-marine","description":"Check out some of the pictures from the dive sites. Discover our gallery of only amateur shots. Enjoy !","robots":{"index":"index","follow":"follow","max-snippet":"max-snippet:-1","max-image-preview":"max-image-preview:large","max-video-preview":"max-video-preview:-1"},"canonical":"https:\/\/www.ljdivingtenerife.com\/en\/gallery\/","og_locale":"fr_FR","og_type":"article","og_title":"Galerie - LJ Diving Tenerife - Centre et \u00e9cole de plong\u00e9e sous-marine","og_description":"Check out some of the pictures from the dive sites. Discover our gallery of only amateur shots. Enjoy !","og_url":"https:\/\/www.ljdivingtenerife.com\/en\/gallery\/","og_site_name":"LJ Diving Tenerife - Centre et \u00e9cole de plong\u00e9e sous-marine","article_modified_time":"2020-07-14T08:27:16+00:00","twitter_card":"summary_large_image","twitter_misc":{"Dur\u00e9e de lecture estim\u00e9e":"3 minutes"},"schema":{"@context":"https:\/\/schema.org","@graph":[{"@type":"WebPage","@id":"https:\/\/www.ljdivingtenerife.com\/en\/gallery\/","url":"https:\/\/www.ljdivingtenerife.com\/en\/gallery\/","name":"Galerie - LJ Diving Tenerife - Centre et \u00e9cole de plong\u00e9e sous-marine","isPartOf":{"@id":"https:\/\/www.ljdivingtenerife.com\/fr\/#website"},"datePublished":"2016-10-11T08:24:52+00:00","dateModified":"2020-07-14T08:27:16+00:00","description":"Check out some of the pictures from the dive sites. Discover our gallery of only amateur shots. Enjoy !","breadcrumb":{"@id":"https:\/\/www.ljdivingtenerife.com\/en\/gallery\/#breadcrumb"},"inLanguage":"fr-FR","potentialAction":[{"@type":"ReadAction","target":["https:\/\/www.ljdivingtenerife.com\/en\/gallery\/"]}]},{"@type":"BreadcrumbList","@id":"https:\/\/www.ljdivingtenerife.com\/en\/gallery\/#breadcrumb","itemListElement":[{"@type":"ListItem","position":1,"name":"Home","item":"https:\/\/www.ljdivingtenerife.com\/"},{"@type":"ListItem","position":2,"name":"Gallery"}]},{"@type":"WebSite","@id":"https:\/\/www.ljdivingtenerife.com\/fr\/#website","url":"https:\/\/www.ljdivingtenerife.com\/fr\/","name":"LJ Diving Tenerife - Centre et \u00e9cole de plong\u00e9e sous-marine","description":"Centre de plong\u00e9e et \u00e9cole de plong\u00e9e \u00e0 Tenerife. Plong\u00e9es d&#039;exploration, bapt\u00eames de plong\u00e9e et programmes de certifications PADI et FFESSM (CMAS).","potentialAction":[{"@type":"SearchAction","target":{"@type":"EntryPoint","urlTemplate":"https:\/\/www.ljdivingtenerife.com\/fr\/?s={search_term_string}"},"query-input":"required name=search_term_string"}],"inLanguage":"fr-FR"}]}},"_links":{"self":[{"href":"https:\/\/www.ljdivingtenerife.com\/fr\/wp-json\/wp\/v2\/pages\/78"}],"collection":[{"href":"https:\/\/www.ljdivingtenerife.com\/fr\/wp-json\/wp\/v2\/pages"}],"about":[{"href":"https:\/\/www.ljdivingtenerife.com\/fr\/wp-json\/wp\/v2\/types\/page"}],"author":[{"embeddable":true,"href":"https:\/\/www.ljdivingtenerife.com\/fr\/wp-json\/wp\/v2\/users\/1"}],"replies":[{"embeddable":true,"href":"https:\/\/www.ljdivingtenerife.com\/fr\/wp-json\/wp\/v2\/comments?post=78"}],"version-history":[{"count":1,"href":"https:\/\/www.ljdivingtenerife.com\/fr\/wp-json\/wp\/v2\/pages\/78\/revisions"}],"predecessor-version":[{"id":2350,"href":"https:\/\/www.ljdivingtenerife.com\/fr\/wp-json\/wp\/v2\/pages\/78\/revisions\/2350"}],"wp:attachment":[{"href":"https:\/\/www.ljdivingtenerife.com\/fr\/wp-json\/wp\/v2\/media?parent=78"}],"curies":[{"name":"wp","href":"https:\/\/api.w.org\/{rel}","templated":true}]}}