
{"id":444,"date":"2016-10-19T07:01:07","date_gmt":"2016-10-19T07:01:07","guid":{"rendered":"http:\/\/www.ljdivingtenerife.com\/\/?page_id=444"},"modified":"2026-03-20T12:09:40","modified_gmt":"2026-03-20T11:09:40","slug":"our-team","status":"publish","type":"page","link":"https:\/\/www.ljdivingtenerife.com\/fr\/our-team\/","title":{"rendered":"Notre \u00e9quipe"},"content":{"rendered":"<p>[vc_row][vc_column][vc_empty_space alter_height=\u00a0\u00bblarge\u00a0\u00bb hide_on_mobile=\u00a0\u00bb\u00a0\u00bb]<div id=\"sc_title_710867610\"\n\t\tclass=\"sc_title sc_title_default\"><h3 class=\"sc_item_title sc_title_title sc_align_center sc_item_title_style_default\">D\u00e9couvrez notre \u00e9quipe internationale<\/h3><\/div><!-- \/.sc_title -->[vc_empty_space hide_on_mobile=\u00a0\u00bb\u00a0\u00bb][\/vc_column][\/vc_row][vc_row][vc_column width=\u00a0\u00bb2\/3&Prime;][\/vc_column][vc_column width=\u00a0\u00bb1\/3&Prime;][vc_widget_sidebar sidebar_id=\u00a0\u00bbsidebar_widgets\u00a0\u00bb][\/vc_column][\/vc_row][vc_row][vc_column][vc_empty_space alter_height=\u00a0\u00bblarge\u00a0\u00bb hide_on_mobile=\u00a0\u00bb\u00a0\u00bb][\/vc_column][\/vc_row][vc_row][vc_column width=\u00a0\u00bb1\/2&Prime;][vc_single_image image=\u00a0\u00bb1516&Prime; img_size=\u00a0\u00bbmedium\u00a0\u00bb onclick=\u00a0\u00bbcustom_link\u00a0\u00bb link=\u00a0\u00bb http:\/\/www.ljdivingtenerife.com\/team\/ludo\/\u00a0\u00bb][\/vc_column][vc_column width=\u00a0\u00bb1\/2&Prime;][vc_single_image image=\u00a0\u00bb1517&Prime; img_size=\u00a0\u00bbmedium\u00a0\u00bb onclick=\u00a0\u00bbcustom_link\u00a0\u00bb link=\u00a0\u00bb http:\/\/www.ljdivingtenerife.com\/team\/julie\/\u00a0\u00bb][\/vc_column][\/vc_row][vc_row][vc_column][vc_empty_space alter_height=\u00a0\u00bblarge\u00a0\u00bb hide_on_mobile=\u00a0\u00bb\u00a0\u00bb][\/vc_column][\/vc_row][vc_row][vc_column width=\u00a0\u00bb1\/2&Prime;]<div id=\"sc_title_1816126745\"\n\t\tclass=\"sc_title sc_title_default\"><h3 class=\"sc_item_title sc_title_title sc_align_center sc_item_title_style_title-medium-size-style\">Ludo<\/h3><div class=\"sc_item_descr sc_title_descr sc_align_center\">Moniteur et Directeur Technique<\/div><\/div><!-- \/.sc_title -->[\/vc_column][vc_column width=\u00a0\u00bb1\/2&Prime;]<div id=\"sc_title_630952307\"\n\t\tclass=\"sc_title sc_title_default\"><h3 class=\"sc_item_title sc_title_title sc_align_center sc_item_title_style_title-medium-size-style\">Julie<\/h3><div class=\"sc_item_descr sc_title_descr sc_align_center\">Guide de palanqu\u00e9e et Directrice commerciale<\/div><\/div><!-- \/.sc_title -->[\/vc_column][\/vc_row][vc_row][vc_column][vc_column_text]<\/p>\n<h4 style=\"text-align: center;\">Notre \u00e9quipe internationale vous est d\u00e9di\u00e9e et profond\u00e9ment ancr\u00e9e dans nos valeurs et notre philosophie. N&rsquo;importe qui est accueilli \u00e0 bras ouverts et avec le sourire quelques soient son pays d&rsquo;origine, sa langue ou son exp\u00e9rience subaquatique. Oubliez les barri\u00e8res, venez plonger et appr\u00e9cier pleinement la beaut\u00e9 des fonds marins de Tenerife !<\/h4>\n<p>[\/vc_column_text][vc_gallery type=\u00a0\u00bbimage_grid\u00a0\u00bb images=\u00a0\u00bb2456,2419,2363,1882,1542,1046,1889,1890&Prime; onclick=\u00a0\u00bb\u00a0\u00bb title=\u00a0\u00bbR\u00e9compenses\u00a0\u00bb][\/vc_column][\/vc_row][vc_row][vc_column][vc_empty_space alter_height=\u00a0\u00bblarge\u00a0\u00bb hide_on_mobile=\u00a0\u00bb\u00a0\u00bb][\/vc_column][\/vc_row]<\/p>","protected":false},"excerpt":{"rendered":"<p>[vc_row][vc_column][vc_empty_space alter_height=\u00a0\u00bblarge\u00a0\u00bb hide_on_mobile=\u00a0\u00bb\u00a0\u00bb][vc_empty_space hide_on_mobile=\u00a0\u00bb\u00a0\u00bb][\/vc_column][\/vc_row][vc_row][vc_column width=\u00a0\u00bb2\/3&Prime;][\/vc_column][vc_column width=\u00a0\u00bb1\/3&Prime;][vc_widget_sidebar sidebar_id=\u00a0\u00bbsidebar_widgets\u00a0\u00bb][\/vc_column][\/vc_row][vc_row][vc_column][vc_empty_space alter_height=\u00a0\u00bblarge\u00a0\u00bb hide_on_mobile=\u00a0\u00bb\u00a0\u00bb][\/vc_column][\/vc_row][vc_row][vc_column width=\u00a0\u00bb1\/2&Prime;][vc_single_image image=\u00a0\u00bb1516&Prime; img_size=\u00a0\u00bbmedium\u00a0\u00bb onclick=\u00a0\u00bbcustom_link\u00a0\u00bb link=\u00a0\u00bb http:\/\/www.ljdivingtenerife.com\/team\/ludo\/\u00a0\u00bb][\/vc_column][vc_column width=\u00a0\u00bb1\/2&Prime;][vc_single_image image=\u00a0\u00bb1517&Prime; img_size=\u00a0\u00bbmedium\u00a0\u00bb onclick=\u00a0\u00bbcustom_link\u00a0\u00bb link=\u00a0\u00bb&hellip;<\/p>\n","protected":false},"author":1,"featured_media":0,"parent":0,"menu_order":0,"comment_status":"closed","ping_status":"closed","template":"","meta":[],"yoast_head":"<!-- This site is optimized with the Yoast SEO plugin v20.1 - https:\/\/yoast.com\/wordpress\/plugins\/seo\/ -->\n<title>(English) LJ Diving Tenerife - Centre et \u00e9cole de plong\u00e9e sous-marine -<\/title>\n<meta name=\"description\" content=\"Rencontrez l&#039;\u00e9quipe internationale de notre centre de plong\u00e9e et de notre \u00e9cole de plong\u00e9e \u00e0 Tenerife. Nous prenons soin de vous avant, pendant et apr\u00e8s votre plong\u00e9e pour que vous vous sentiez chez vous entre amis. Tous nos instructeurs ou divemasters sont comp\u00e9tents et exp\u00e9riment\u00e9s quoi que vous recherchiez, nous sommes l\u00e0 pour vous fournir le meilleur service. Plong\u00e9e d&#039;exploration ou programme de certification, nous vous sommes d\u00e9di\u00e9s et rappelez-vous que le plus important c&#039;est vous.\" \/>\n<meta name=\"robots\" content=\"index, follow, max-snippet:-1, max-image-preview:large, max-video-preview:-1\" \/>\n<link rel=\"canonical\" href=\"https:\/\/www.ljdivingtenerife.com\/our-team\/\" \/>\n<meta property=\"og:locale\" content=\"fr_FR\" \/>\n<meta property=\"og:type\" content=\"article\" \/>\n<meta property=\"og:title\" content=\"[:en]LJ Diving Tenerife - Centre et \u00e9cole de plong\u00e9e sous-marine - [:]\" \/>\n<meta property=\"og:description\" content=\"{:en}Meet the international team of our diving center and diving school in Tenerife. We are taking care of you before, during and after your dive to make you feel at home with friends. All our instructor or divemasters are skillful and experienced whatever you are looking for we are here to provide you the best service. Recreational diving or certififcation programs we are dedicated to you and never forget that the most important is you.{:es}Conoce al equipo internacional de nuestro centro de buceo y escuela de buceo en Tenerife. Nos ocupamos de usted antes, durante y despu\u00e9s de su inmersi\u00f3n para que se sienta como en casa con amigos. Todos nuestros instructores o divemasters son h\u00e1biles y experimentados, sea lo que sea que est\u00e9 buscando, estamos aqu\u00ed para brindarle el mejor servicio. Buceo recreativo o programas de certificaci\u00f3n estamos dedicados a ti y nunca olvides que lo m\u00e1s importante eres t\u00fa.{:fr}Rencontrez l&#039;\u00e9quipe internationale de notre centre de plong\u00e9e et de notre \u00e9cole de plong\u00e9e \u00e0 Tenerife. Nous prenons soin de vous avant, pendant et apr\u00e8s votre plong\u00e9e pour que vous vous sentiez chez vous entre amis. Tous nos instructeurs ou divemasters sont comp\u00e9tents et exp\u00e9riment\u00e9s quoi que vous recherchiez, nous sommes l\u00e0 pour vous fournir le meilleur service. Plong\u00e9e d&#039;exploration ou programme de certification, nous vous sommes d\u00e9di\u00e9s et rappelez-vous que le plus important c&#039;est vous.{:de}Treffen Sie das internationale Team unseres Tauchzentrums und unserer Tauchschule auf Teneriffa. Wir k\u00fcmmern uns vor, w\u00e4hrend und nach Ihrem Tauchgang um Sie, damit Sie sich bei Freunden wie zu Hause f\u00fchlen. Alle unsere Instruktoren oder Divemaster sind kompetent und erfahren, was auch immer Sie suchen. Wir sind hier, um Ihnen den besten Service zu bieten. Sporttauch- oder Zertifizierungsprogramme, die wir Ihnen widmen und nie vergessen, dass Sie das Wichtigste sind.{:cz}Seznamte se s mezin\u00e1rodn\u00edm t\u00fdmem na\u0161eho pot\u00e1p\u011b\u010dsk\u00e9ho centra a pot\u00e1p\u011b\u010dsk\u00e9 \u0161koly v Tenerife. Postar\u00e1me se o v\u00e1s p\u0159ed, b\u011bhem a po ponoru, abyste se s p\u0159\u00e1teli c\u00edtili jako doma. V\u0161ichni na\u0161i instrukto\u0159i nebo divemast\u00e9\u0159i jsou zru\u010dn\u00ed a zku\u0161en\u00ed, a\u0165 u\u017e hled\u00e1te cokoli, jsme tady, abychom v\u00e1m poskytli ty nejlep\u0161\u00ed slu\u017eby. Rekrea\u010dn\u00ed pot\u00e1p\u011b\u010dsk\u00e9 nebo certifika\u010dn\u00ed programy, na kter\u00e9 jsme odhodl\u00e1ni, a nikdy nezapom\u00edn\u00e1me, \u017ee nejd\u016fle\u017eit\u011bj\u0161\u00ed jste vy.{:}\" \/>\n<meta property=\"og:url\" content=\"https:\/\/www.ljdivingtenerife.com\/our-team\/\" \/>\n<meta property=\"og:site_name\" content=\"LJ Diving Tenerife - Centre et \u00e9cole de plong\u00e9e sous-marine\" \/>\n<meta property=\"article:modified_time\" content=\"2026-03-20T11:09:40+00:00\" \/>\n<meta name=\"twitter:card\" content=\"summary_large_image\" \/>\n<meta name=\"twitter:label1\" content=\"Dur\u00e9e de lecture estim\u00e9e\" \/>\n\t<meta name=\"twitter:data1\" content=\"1 minute\" \/>\n<script type=\"application\/ld+json\" class=\"yoast-schema-graph\">{\"@context\":\"https:\/\/schema.org\",\"@graph\":[{\"@type\":\"WebPage\",\"@id\":\"https:\/\/www.ljdivingtenerife.com\/our-team\/\",\"url\":\"https:\/\/www.ljdivingtenerife.com\/our-team\/\",\"name\":\"[:en]LJ Diving Tenerife - Centre et \u00e9cole de plong\u00e9e sous-marine - [:]\",\"isPartOf\":{\"@id\":\"https:\/\/www.ljdivingtenerife.com\/fr\/#website\"},\"datePublished\":\"2016-10-19T07:01:07+00:00\",\"dateModified\":\"2026-03-20T11:09:40+00:00\",\"description\":\"{:en}Meet the international team of our diving center and diving school in Tenerife. We are taking care of you before, during and after your dive to make you feel at home with friends. All our instructor or divemasters are skillful and experienced whatever you are looking for we are here to provide you the best service. Recreational diving or certififcation programs we are dedicated to you and never forget that the most important is you.{:es}Conoce al equipo internacional de nuestro centro de buceo y escuela de buceo en Tenerife. Nos ocupamos de usted antes, durante y despu\u00e9s de su inmersi\u00f3n para que se sienta como en casa con amigos. Todos nuestros instructores o divemasters son h\u00e1biles y experimentados, sea lo que sea que est\u00e9 buscando, estamos aqu\u00ed para brindarle el mejor servicio. Buceo recreativo o programas de certificaci\u00f3n estamos dedicados a ti y nunca olvides que lo m\u00e1s importante eres t\u00fa.{:fr}Rencontrez l'\u00e9quipe internationale de notre centre de plong\u00e9e et de notre \u00e9cole de plong\u00e9e \u00e0 Tenerife. Nous prenons soin de vous avant, pendant et apr\u00e8s votre plong\u00e9e pour que vous vous sentiez chez vous entre amis. Tous nos instructeurs ou divemasters sont comp\u00e9tents et exp\u00e9riment\u00e9s quoi que vous recherchiez, nous sommes l\u00e0 pour vous fournir le meilleur service. Plong\u00e9e d'exploration ou programme de certification, nous vous sommes d\u00e9di\u00e9s et rappelez-vous que le plus important c'est vous.{:de}Treffen Sie das internationale Team unseres Tauchzentrums und unserer Tauchschule auf Teneriffa. Wir k\u00fcmmern uns vor, w\u00e4hrend und nach Ihrem Tauchgang um Sie, damit Sie sich bei Freunden wie zu Hause f\u00fchlen. Alle unsere Instruktoren oder Divemaster sind kompetent und erfahren, was auch immer Sie suchen. Wir sind hier, um Ihnen den besten Service zu bieten. Sporttauch- oder Zertifizierungsprogramme, die wir Ihnen widmen und nie vergessen, dass Sie das Wichtigste sind.{:cz}Seznamte se s mezin\u00e1rodn\u00edm t\u00fdmem na\u0161eho pot\u00e1p\u011b\u010dsk\u00e9ho centra a pot\u00e1p\u011b\u010dsk\u00e9 \u0161koly v Tenerife. Postar\u00e1me se o v\u00e1s p\u0159ed, b\u011bhem a po ponoru, abyste se s p\u0159\u00e1teli c\u00edtili jako doma. V\u0161ichni na\u0161i instrukto\u0159i nebo divemast\u00e9\u0159i jsou zru\u010dn\u00ed a zku\u0161en\u00ed, a\u0165 u\u017e hled\u00e1te cokoli, jsme tady, abychom v\u00e1m poskytli ty nejlep\u0161\u00ed slu\u017eby. Rekrea\u010dn\u00ed pot\u00e1p\u011b\u010dsk\u00e9 nebo certifika\u010dn\u00ed programy, na kter\u00e9 jsme odhodl\u00e1ni, a nikdy nezapom\u00edn\u00e1me, \u017ee nejd\u016fle\u017eit\u011bj\u0161\u00ed jste vy.{:}\",\"breadcrumb\":{\"@id\":\"https:\/\/www.ljdivingtenerife.com\/our-team\/#breadcrumb\"},\"inLanguage\":\"fr-FR\",\"potentialAction\":[{\"@type\":\"ReadAction\",\"target\":[\"https:\/\/www.ljdivingtenerife.com\/our-team\/\"]}]},{\"@type\":\"BreadcrumbList\",\"@id\":\"https:\/\/www.ljdivingtenerife.com\/our-team\/#breadcrumb\",\"itemListElement\":[{\"@type\":\"ListItem\",\"position\":1,\"name\":\"Home\",\"item\":\"https:\/\/www.ljdivingtenerife.com\/\"},{\"@type\":\"ListItem\",\"position\":2,\"name\":\"Our Team\"}]},{\"@type\":\"WebSite\",\"@id\":\"https:\/\/www.ljdivingtenerife.com\/fr\/#website\",\"url\":\"https:\/\/www.ljdivingtenerife.com\/fr\/\",\"name\":\"LJ Diving Tenerife - Centre et \u00e9cole de plong\u00e9e sous-marine\",\"description\":\"Centre de plong\u00e9e et \u00e9cole de plong\u00e9e \u00e0 Tenerife. Plong\u00e9es d&#039;exploration, bapt\u00eames de plong\u00e9e et programmes de certifications PADI et FFESSM (CMAS).\",\"potentialAction\":[{\"@type\":\"SearchAction\",\"target\":{\"@type\":\"EntryPoint\",\"urlTemplate\":\"https:\/\/www.ljdivingtenerife.com\/fr\/?s={search_term_string}\"},\"query-input\":\"required name=search_term_string\"}],\"inLanguage\":\"fr-FR\"}]}<\/script>\n<!-- \/ Yoast SEO plugin. -->","yoast_head_json":{"title":"(English) LJ Diving Tenerife - Centre et \u00e9cole de plong\u00e9e sous-marine -","description":"Rencontrez l'\u00e9quipe internationale de notre centre de plong\u00e9e et de notre \u00e9cole de plong\u00e9e \u00e0 Tenerife. Nous prenons soin de vous avant, pendant et apr\u00e8s votre plong\u00e9e pour que vous vous sentiez chez vous entre amis. Tous nos instructeurs ou divemasters sont comp\u00e9tents et exp\u00e9riment\u00e9s quoi que vous recherchiez, nous sommes l\u00e0 pour vous fournir le meilleur service. Plong\u00e9e d'exploration ou programme de certification, nous vous sommes d\u00e9di\u00e9s et rappelez-vous que le plus important c'est vous.","robots":{"index":"index","follow":"follow","max-snippet":"max-snippet:-1","max-image-preview":"max-image-preview:large","max-video-preview":"max-video-preview:-1"},"canonical":"https:\/\/www.ljdivingtenerife.com\/our-team\/","og_locale":"fr_FR","og_type":"article","og_title":"[:en]LJ Diving Tenerife - Centre et \u00e9cole de plong\u00e9e sous-marine - [:]","og_description":"{:en}Meet the international team of our diving center and diving school in Tenerife. We are taking care of you before, during and after your dive to make you feel at home with friends. All our instructor or divemasters are skillful and experienced whatever you are looking for we are here to provide you the best service. Recreational diving or certififcation programs we are dedicated to you and never forget that the most important is you.{:es}Conoce al equipo internacional de nuestro centro de buceo y escuela de buceo en Tenerife. Nos ocupamos de usted antes, durante y despu\u00e9s de su inmersi\u00f3n para que se sienta como en casa con amigos. Todos nuestros instructores o divemasters son h\u00e1biles y experimentados, sea lo que sea que est\u00e9 buscando, estamos aqu\u00ed para brindarle el mejor servicio. Buceo recreativo o programas de certificaci\u00f3n estamos dedicados a ti y nunca olvides que lo m\u00e1s importante eres t\u00fa.{:fr}Rencontrez l'\u00e9quipe internationale de notre centre de plong\u00e9e et de notre \u00e9cole de plong\u00e9e \u00e0 Tenerife. Nous prenons soin de vous avant, pendant et apr\u00e8s votre plong\u00e9e pour que vous vous sentiez chez vous entre amis. Tous nos instructeurs ou divemasters sont comp\u00e9tents et exp\u00e9riment\u00e9s quoi que vous recherchiez, nous sommes l\u00e0 pour vous fournir le meilleur service. Plong\u00e9e d'exploration ou programme de certification, nous vous sommes d\u00e9di\u00e9s et rappelez-vous que le plus important c'est vous.{:de}Treffen Sie das internationale Team unseres Tauchzentrums und unserer Tauchschule auf Teneriffa. Wir k\u00fcmmern uns vor, w\u00e4hrend und nach Ihrem Tauchgang um Sie, damit Sie sich bei Freunden wie zu Hause f\u00fchlen. Alle unsere Instruktoren oder Divemaster sind kompetent und erfahren, was auch immer Sie suchen. Wir sind hier, um Ihnen den besten Service zu bieten. Sporttauch- oder Zertifizierungsprogramme, die wir Ihnen widmen und nie vergessen, dass Sie das Wichtigste sind.{:cz}Seznamte se s mezin\u00e1rodn\u00edm t\u00fdmem na\u0161eho pot\u00e1p\u011b\u010dsk\u00e9ho centra a pot\u00e1p\u011b\u010dsk\u00e9 \u0161koly v Tenerife. Postar\u00e1me se o v\u00e1s p\u0159ed, b\u011bhem a po ponoru, abyste se s p\u0159\u00e1teli c\u00edtili jako doma. V\u0161ichni na\u0161i instrukto\u0159i nebo divemast\u00e9\u0159i jsou zru\u010dn\u00ed a zku\u0161en\u00ed, a\u0165 u\u017e hled\u00e1te cokoli, jsme tady, abychom v\u00e1m poskytli ty nejlep\u0161\u00ed slu\u017eby. Rekrea\u010dn\u00ed pot\u00e1p\u011b\u010dsk\u00e9 nebo certifika\u010dn\u00ed programy, na kter\u00e9 jsme odhodl\u00e1ni, a nikdy nezapom\u00edn\u00e1me, \u017ee nejd\u016fle\u017eit\u011bj\u0161\u00ed jste vy.{:}","og_url":"https:\/\/www.ljdivingtenerife.com\/our-team\/","og_site_name":"LJ Diving Tenerife - Centre et \u00e9cole de plong\u00e9e sous-marine","article_modified_time":"2026-03-20T11:09:40+00:00","twitter_card":"summary_large_image","twitter_misc":{"Dur\u00e9e de lecture estim\u00e9e":"1 minute"},"schema":{"@context":"https:\/\/schema.org","@graph":[{"@type":"WebPage","@id":"https:\/\/www.ljdivingtenerife.com\/our-team\/","url":"https:\/\/www.ljdivingtenerife.com\/our-team\/","name":"[:en]LJ Diving Tenerife - Centre et \u00e9cole de plong\u00e9e sous-marine - [:]","isPartOf":{"@id":"https:\/\/www.ljdivingtenerife.com\/fr\/#website"},"datePublished":"2016-10-19T07:01:07+00:00","dateModified":"2026-03-20T11:09:40+00:00","description":"{:en}Meet the international team of our diving center and diving school in Tenerife. We are taking care of you before, during and after your dive to make you feel at home with friends. All our instructor or divemasters are skillful and experienced whatever you are looking for we are here to provide you the best service. Recreational diving or certififcation programs we are dedicated to you and never forget that the most important is you.{:es}Conoce al equipo internacional de nuestro centro de buceo y escuela de buceo en Tenerife. Nos ocupamos de usted antes, durante y despu\u00e9s de su inmersi\u00f3n para que se sienta como en casa con amigos. Todos nuestros instructores o divemasters son h\u00e1biles y experimentados, sea lo que sea que est\u00e9 buscando, estamos aqu\u00ed para brindarle el mejor servicio. Buceo recreativo o programas de certificaci\u00f3n estamos dedicados a ti y nunca olvides que lo m\u00e1s importante eres t\u00fa.{:fr}Rencontrez l'\u00e9quipe internationale de notre centre de plong\u00e9e et de notre \u00e9cole de plong\u00e9e \u00e0 Tenerife. Nous prenons soin de vous avant, pendant et apr\u00e8s votre plong\u00e9e pour que vous vous sentiez chez vous entre amis. Tous nos instructeurs ou divemasters sont comp\u00e9tents et exp\u00e9riment\u00e9s quoi que vous recherchiez, nous sommes l\u00e0 pour vous fournir le meilleur service. Plong\u00e9e d'exploration ou programme de certification, nous vous sommes d\u00e9di\u00e9s et rappelez-vous que le plus important c'est vous.{:de}Treffen Sie das internationale Team unseres Tauchzentrums und unserer Tauchschule auf Teneriffa. Wir k\u00fcmmern uns vor, w\u00e4hrend und nach Ihrem Tauchgang um Sie, damit Sie sich bei Freunden wie zu Hause f\u00fchlen. Alle unsere Instruktoren oder Divemaster sind kompetent und erfahren, was auch immer Sie suchen. Wir sind hier, um Ihnen den besten Service zu bieten. Sporttauch- oder Zertifizierungsprogramme, die wir Ihnen widmen und nie vergessen, dass Sie das Wichtigste sind.{:cz}Seznamte se s mezin\u00e1rodn\u00edm t\u00fdmem na\u0161eho pot\u00e1p\u011b\u010dsk\u00e9ho centra a pot\u00e1p\u011b\u010dsk\u00e9 \u0161koly v Tenerife. Postar\u00e1me se o v\u00e1s p\u0159ed, b\u011bhem a po ponoru, abyste se s p\u0159\u00e1teli c\u00edtili jako doma. V\u0161ichni na\u0161i instrukto\u0159i nebo divemast\u00e9\u0159i jsou zru\u010dn\u00ed a zku\u0161en\u00ed, a\u0165 u\u017e hled\u00e1te cokoli, jsme tady, abychom v\u00e1m poskytli ty nejlep\u0161\u00ed slu\u017eby. Rekrea\u010dn\u00ed pot\u00e1p\u011b\u010dsk\u00e9 nebo certifika\u010dn\u00ed programy, na kter\u00e9 jsme odhodl\u00e1ni, a nikdy nezapom\u00edn\u00e1me, \u017ee nejd\u016fle\u017eit\u011bj\u0161\u00ed jste vy.{:}","breadcrumb":{"@id":"https:\/\/www.ljdivingtenerife.com\/our-team\/#breadcrumb"},"inLanguage":"fr-FR","potentialAction":[{"@type":"ReadAction","target":["https:\/\/www.ljdivingtenerife.com\/our-team\/"]}]},{"@type":"BreadcrumbList","@id":"https:\/\/www.ljdivingtenerife.com\/our-team\/#breadcrumb","itemListElement":[{"@type":"ListItem","position":1,"name":"Home","item":"https:\/\/www.ljdivingtenerife.com\/"},{"@type":"ListItem","position":2,"name":"Our Team"}]},{"@type":"WebSite","@id":"https:\/\/www.ljdivingtenerife.com\/fr\/#website","url":"https:\/\/www.ljdivingtenerife.com\/fr\/","name":"LJ Diving Tenerife - Centre et \u00e9cole de plong\u00e9e sous-marine","description":"Centre de plong\u00e9e et \u00e9cole de plong\u00e9e \u00e0 Tenerife. Plong\u00e9es d&#039;exploration, bapt\u00eames de plong\u00e9e et programmes de certifications PADI et FFESSM (CMAS).","potentialAction":[{"@type":"SearchAction","target":{"@type":"EntryPoint","urlTemplate":"https:\/\/www.ljdivingtenerife.com\/fr\/?s={search_term_string}"},"query-input":"required name=search_term_string"}],"inLanguage":"fr-FR"}]}},"_links":{"self":[{"href":"https:\/\/www.ljdivingtenerife.com\/fr\/wp-json\/wp\/v2\/pages\/444"}],"collection":[{"href":"https:\/\/www.ljdivingtenerife.com\/fr\/wp-json\/wp\/v2\/pages"}],"about":[{"href":"https:\/\/www.ljdivingtenerife.com\/fr\/wp-json\/wp\/v2\/types\/page"}],"author":[{"embeddable":true,"href":"https:\/\/www.ljdivingtenerife.com\/fr\/wp-json\/wp\/v2\/users\/1"}],"replies":[{"embeddable":true,"href":"https:\/\/www.ljdivingtenerife.com\/fr\/wp-json\/wp\/v2\/comments?post=444"}],"version-history":[{"count":10,"href":"https:\/\/www.ljdivingtenerife.com\/fr\/wp-json\/wp\/v2\/pages\/444\/revisions"}],"predecessor-version":[{"id":2623,"href":"https:\/\/www.ljdivingtenerife.com\/fr\/wp-json\/wp\/v2\/pages\/444\/revisions\/2623"}],"wp:attachment":[{"href":"https:\/\/www.ljdivingtenerife.com\/fr\/wp-json\/wp\/v2\/media?parent=444"}],"curies":[{"name":"wp","href":"https:\/\/api.w.org\/{rel}","templated":true}]}}