
{"id":812,"date":"2017-09-06T11:31:00","date_gmt":"2017-09-06T11:31:00","guid":{"rendered":"http:\/\/www.ljdivingtenerife.com\/\/?page_id=812"},"modified":"2026-01-02T10:28:02","modified_gmt":"2026-01-02T09:28:02","slug":"certification-programs","status":"publish","type":"page","link":"https:\/\/www.ljdivingtenerife.com\/es\/certification-programs\/","title":{"rendered":"Cursos y certificaciones"},"content":{"rendered":"<p>[vc_row][vc_column][vc_single_image image=\u00bb2500&#8243; img_size=\u00bbfull\u00bb alignment=\u00bbcenter\u00bb css=\u00bb.vc_custom_1709823735191{padding-bottom: 20px !important;}\u00bb][\/vc_column][\/vc_row][vc_row][vc_column width=\u00bb1\/3&#8243;][vc_single_image image=\u00bb2456&#8243; alignment=\u00bbcenter\u00bb][\/vc_column][vc_column width=\u00bb1\/3&#8243;][vc_single_image image=\u00bb1574&#8243; alignment=\u00bbcenter\u00bb][\/vc_column][vc_column width=\u00bb1\/3&#8243;][vc_single_image image=\u00bb2530&#8243; alignment=\u00bbcenter\u00bb][\/vc_column][\/vc_row][vc_row][vc_column][vc_empty_space alter_height=\u00bbmedium\u00bb hide_on_mobile=\u00bb\u00bb]<div id=\"sc_title_1834223288\"\n\t\tclass=\"sc_title sc_title_default\"><h3 class=\"sc_item_title sc_title_title sc_align_default sc_item_title_style_default\">Cursos y programas de certificaci\u00f3n<\/h3><\/div><!-- \/.sc_title -->[vc_empty_space alter_height=\u00bbmedium\u00bb hide_on_mobile=\u00bb\u00bb][\/vc_column][\/vc_row][vc_row][vc_column][vc_column_text]\u00bfTe gustar\u00eda convertirte en un buceador certificado o simplemente mejorar tus habilidades de buceo? Obtenga una nueva certificaci\u00f3n!<\/p>\n<p>Nuestros cursos est\u00e1n personalizados solo para ti, ya que siempre adaptamos nuestro entrenamiento de acuerdo con tu experiencia y habilidades.<\/p>\n<p>Nuestros cursos est\u00e1n altamente personalizados y llevados por un instructor experimentado para garantizar las mejores pr\u00e1cticas y la m\u00e1xima seguridad, siempre dentro de los est\u00e1ndares de cada organizaci\u00f3n a la que pertenecemos<\/p>\n<p>Todos nuestros cursos incluyen:<\/p>\n<ul>\n<li>Alquiler de equipo completo<\/li>\n<li>e-Learning or Manual (si es requerido)<\/li>\n<li>Seguro<\/li>\n<li>nmersiones de entrenamiento con instructor<\/li>\n<li>Fotos<\/li>\n<li>Excursion en barco<\/li>\n<\/ul>\n<p>\u00a1Recibe tu certificado y descubre una nueva forma de bucear con amor y alegr\u00eda![\/vc_column_text][\/vc_column][\/vc_row][vc_row][vc_column][vc_empty_space height=\u00bb80px\u00bb alter_height=\u00bblarge\u00bb hide_on_mobile=\u00bb\u00bb][\/vc_column][vc_column]<div id=\"sc_title_865125551\"\n\t\tclass=\"sc_title sc_title_default\"><h3 class=\"sc_item_title sc_title_title sc_align_center sc_item_title_style_title-medium-size-style\">Programas de certificaci\u00f3n<\/h3><\/div><!-- \/.sc_title -->[\/vc_column][\/vc_row][vc_row][vc_column width=\u00bb1\/3&#8243;]<div  id=\"sc_price_831135102\" \n\tclass=\"sc_price sc_price_default\"><div class=\"sc_price_info\"><div class=\"sc_price_subtitle\">Scuba Diver <\/div><div class=\"sc_price_price\"><span class=\"sc_price_value\">\u20ac350<\/span><\/div><div class=\"sc_price_title\">2 Dias<\/div><div class=\"sc_price_details\">3 buceos en barco<br \/>\neLearning<br \/>\nAtenci\u00f3n personalizada<br \/>\nFotos<\/div><\/div>\n<\/div>[\/vc_column][vc_column width=\u00bb1\/3&#8243;]<div  id=\"sc_price_1341734863\" \n\tclass=\"sc_price sc_price_default\"><div class=\"sc_price_info\"><div class=\"sc_price_subtitle\">Open Water Diver <\/div><div class=\"sc_price_price\"><span class=\"sc_price_value\">\u20ac490<\/span><\/div><div class=\"sc_price_title\">3 Dias<\/div><div class=\"sc_price_details\">5 buceos en barco<br \/>\neLearning<br \/>\nAtenci\u00f3n personalizada<br \/>\nFotos<\/div><\/div>\n<\/div>[\/vc_column][vc_column width=\u00bb1\/3&#8243;]<div  id=\"sc_price_372459851\" \n\tclass=\"sc_price sc_price_default\"><div class=\"sc_price_info\"><div class=\"sc_price_subtitle\">Advanced Open Water Diver<\/div><div class=\"sc_price_price\"><span class=\"sc_price_value\">\u20ac410<\/span><\/div><div class=\"sc_price_title\">3 Dias<\/div><div class=\"sc_price_details\">5 buceos en barco<br \/>\neLearning<br \/>\nAtenci\u00f3n personalizada<br \/>\nFotos<\/div><\/div>\n<\/div>[\/vc_column][\/vc_row][vc_row][vc_column][vc_empty_space height=\u00bb32&#8243; hide_on_mobile=\u00bb\u00bb][\/vc_column][\/vc_row][vc_row][vc_column width=\u00bb1\/3&#8243;]<div  id=\"sc_price_2074508588\" \n\tclass=\"sc_price sc_price_default\"><div class=\"sc_price_info\"><div class=\"sc_price_subtitle\">First Response<\/div><div class=\"sc_price_price\"><span class=\"sc_price_value\">\u20ac160<\/span><\/div><div class=\"sc_price_title\">1 Dia<\/div><div class=\"sc_price_details\">Pr\u00e1ctica<br \/>\nescenarios<br \/>\neLearning<br \/>\nExamen te\u00f3rico<\/div><\/div>\n<\/div>[\/vc_column][vc_column width=\u00bb1\/3&#8243;]<div  id=\"sc_price_1552795667\" \n\tclass=\"sc_price sc_price_default\"><div class=\"sc_price_info\"><div class=\"sc_price_subtitle\">Rescue Diver (First Response no incluido)<\/div><div class=\"sc_price_price\"><span class=\"sc_price_value\">\u20ac450<\/span><\/div><div class=\"sc_price_title\">3 Dias<\/div><div class=\"sc_price_details\">4 buceos en barco<br \/>\n1 escenario<br \/>\neLearning<br \/>\nExamen te\u00f3rico<\/div><\/div>\n<\/div>[\/vc_column][vc_column width=\u00bb1\/3&#8243;]<div  id=\"sc_price_303583582\" \n\tclass=\"sc_price sc_price_default\"><div class=\"sc_price_info\"><div class=\"sc_price_subtitle\">Dive Master Profesional<\/div><div class=\"sc_price_price\"><span class=\"sc_price_value\">Cita<\/span><\/div><div class=\"sc_price_title\">2 Semanas<\/div><div class=\"sc_price_details\">60 buceos requeridas<br \/>\neLearning<br \/>\nExamen te\u00f3rico<br \/>\nPasant\u00eda (internship) posible<\/div><\/div>\n<\/div>[\/vc_column][\/vc_row][vc_row][vc_column][vc_empty_space height=\u00bb80&#8243; alter_height=\u00bblarge\u00bb hide_on_mobile=\u00bb\u00bb][\/vc_column][vc_column]<div id=\"sc_title_1722306810\"\n\t\tclass=\"sc_title sc_title_default\"><h3 class=\"sc_item_title sc_title_title sc_align_center sc_item_title_style_title-medium-size-style\">Cursos de Especialidad<\/h3><\/div><!-- \/.sc_title -->[\/vc_column][\/vc_row][vc_row][vc_column width=\u00bb1\/3&#8243;]<div  id=\"sc_price_498071976\" \n\tclass=\"sc_price sc_price_default\"><div class=\"sc_price_info\"><div class=\"sc_price_subtitle\">Barco hundido<\/div><div class=\"sc_price_price\"><span class=\"sc_price_value\">\u20ac340<\/span><\/div><div class=\"sc_price_title\">4 Buceos<\/div><\/div>\n<\/div>[\/vc_column][vc_column width=\u00bb1\/3&#8243;]<div  id=\"sc_price_1627933829\" \n\tclass=\"sc_price sc_price_default\"><div class=\"sc_price_info\"><div class=\"sc_price_subtitle\">Buceo profundo<\/div><div class=\"sc_price_price\"><span class=\"sc_price_value\">\u20ac340<\/span><\/div><div class=\"sc_price_title\">4 Buceos<\/div><\/div>\n<\/div>[\/vc_column][vc_column width=\u00bb1\/3&#8243;]<div  id=\"sc_price_1887776761\" \n\tclass=\"sc_price sc_price_default\"><div class=\"sc_price_info\"><div class=\"sc_price_subtitle\">NITROX Buceador<\/div><div class=\"sc_price_price\"><span class=\"sc_price_value\">\u20ac290<\/span><\/div><div class=\"sc_price_title\">2 Buceos + Exam<\/div><\/div>\n<\/div>[\/vc_column][\/vc_row][vc_row][vc_column][vc_empty_space][\/vc_column][\/vc_row][vc_row][vc_column width=\u00bb1\/2&#8243;]<div  id=\"sc_price_1399002381\" \n\tclass=\"sc_price sc_price_default\"><div class=\"sc_price_info\"><div class=\"sc_price_subtitle\">Digital Underwater photographer <\/div><div class=\"sc_price_price\"><span class=\"sc_price_value\">\u20ac280<\/span><\/div><div class=\"sc_price_title\">3 Buceos<\/div><\/div>\n<\/div>[\/vc_column][vc_column width=\u00bb1\/2&#8243;]<div  id=\"sc_price_2073451435\" \n\tclass=\"sc_price sc_price_default\"><div class=\"sc_price_info\"><div class=\"sc_price_subtitle\">Peak Performance Buyancy <\/div><div class=\"sc_price_price\"><span class=\"sc_price_value\">\u20ac230<\/span><\/div><div class=\"sc_price_title\">2 Buceos<\/div><\/div>\n<\/div>[\/vc_column][\/vc_row][vc_row][vc_column][vc_empty_space height=\u00bb80&#8243; alter_height=\u00bblarge\u00bb hide_on_mobile=\u00bb\u00bb][\/vc_column][vc_column]<div id=\"sc_title_952174685\"\n\t\tclass=\"sc_title sc_title_default\"><h3 class=\"sc_item_title sc_title_title sc_align_center sc_item_title_style_title-medium-size-style\">FFESSM\/CMAS Certifications<\/h3><\/div><!-- \/.sc_title -->[\/vc_column][\/vc_row][vc_row][vc_column width=\u00bb1\/3&#8243;]<div  id=\"sc_price_1752297741\" \n\tclass=\"sc_price sc_price_default\"><div class=\"sc_price_info\"><div class=\"sc_price_subtitle\">Niveau 1\/Cmas* <\/div><div class=\"sc_price_price\"><span class=\"sc_price_value\">\u20ac490<\/span><\/div><div class=\"sc_price_title\"> 4 Jours<\/div><\/div>\n<\/div>[\/vc_column][vc_column width=\u00bb1\/3&#8243;]<div  id=\"sc_price_169991945\" \n\tclass=\"sc_price sc_price_default\"><div class=\"sc_price_info\"><div class=\"sc_price_subtitle\">Niveau 2\/Cmas** <\/div><div class=\"sc_price_price\"><span class=\"sc_price_value\">Cita<\/span><\/div><div class=\"sc_price_title\">5 Jours<\/div><\/div>\n<\/div>[\/vc_column][vc_column width=\u00bb1\/3&#8243;]<div  id=\"sc_price_1803954232\" \n\tclass=\"sc_price sc_price_default\"><div class=\"sc_price_info\"><div class=\"sc_price_subtitle\">Niveau 3\/Cmas***<\/div><div class=\"sc_price_price\"><span class=\"sc_price_value\">Cita<\/span><\/div><div class=\"sc_price_title\">5 Jours<\/div><\/div>\n<\/div>[\/vc_column][\/vc_row][vc_row][vc_column][vc_empty_space][\/vc_column][\/vc_row][vc_row][vc_column width=\u00bb1\/2&#8243;]<div  id=\"sc_price_908045365\" \n\tclass=\"sc_price sc_price_default\"><div class=\"sc_price_info\"><div class=\"sc_price_subtitle\">Licence FFESSM\/CMAS<\/div><div class=\"sc_price_price\"><span class=\"sc_price_value\">\u20ac55<\/span><\/div><\/div>\n<\/div>[\/vc_column][vc_column width=\u00bb1\/2&#8243;]<div  id=\"sc_price_1758016251\" \n\tclass=\"sc_price sc_price_default\"><div class=\"sc_price_info\"><div class=\"sc_price_subtitle\">Double sided card FFESSM\/CMAS<\/div><div class=\"sc_price_price\"><span class=\"sc_price_value\">\u20ac20<\/span><\/div><\/div>\n<\/div>[\/vc_column][\/vc_row]<\/p>","protected":false},"excerpt":{"rendered":"<p>[vc_row][vc_column][vc_single_image image=\u00bb2500&#8243; img_size=\u00bbfull\u00bb alignment=\u00bbcenter\u00bb css=\u00bb.vc_custom_1709823735191{padding-bottom: 20px !important;}\u00bb][\/vc_column][\/vc_row][vc_row][vc_column width=\u00bb1\/3&#8243;][vc_single_image image=\u00bb2456&#8243; alignment=\u00bbcenter\u00bb][\/vc_column][vc_column width=\u00bb1\/3&#8243;][vc_single_image image=\u00bb1574&#8243; alignment=\u00bbcenter\u00bb][\/vc_column][vc_column width=\u00bb1\/3&#8243;][vc_single_image image=\u00bb2530&#8243; alignment=\u00bbcenter\u00bb][\/vc_column][\/vc_row][vc_row][vc_column][vc_empty_space alter_height=\u00bbmedium\u00bb hide_on_mobile=\u00bb\u00bb][vc_empty_space alter_height=\u00bbmedium\u00bb hide_on_mobile=\u00bb\u00bb][\/vc_column][\/vc_row][vc_row][vc_column][vc_column_text]\u00bfTe&hellip;<\/p>\n","protected":false},"author":1,"featured_media":0,"parent":0,"menu_order":0,"comment_status":"closed","ping_status":"closed","template":"","meta":[],"yoast_head":"<!-- This site is optimized with the Yoast SEO plugin v20.1 - https:\/\/yoast.com\/wordpress\/plugins\/seo\/ -->\n<title>LJ Diving Tenerife - Centro y escuela de buceo -<\/title>\n<meta name=\"description\" content=\"(English) Get your scuba diving certification in our diving center. Diving center affiliate to FFESSM(CMAS) and Open Water Instructor available(other organisations). Small group or private sessions.\" \/>\n<meta name=\"robots\" content=\"index, follow, max-snippet:-1, max-image-preview:large, max-video-preview:-1\" \/>\n<link rel=\"canonical\" href=\"https:\/\/www.ljdivingtenerife.com\/certification-programs\/\" \/>\n<meta property=\"og:locale\" content=\"es_ES\" \/>\n<meta property=\"og:type\" content=\"article\" \/>\n<meta property=\"og:title\" content=\"[:en]LJ Diving Tenerife - Centro y escuela de buceo - [:es]LJ Diving Tenerife - Centro y escuela de buceo - [:]\" \/>\n<meta property=\"og:description\" content=\"{:en}Get your scuba diving certification in our diving center. Diving center affiliate to FFESSM(CMAS) and Open Water Instructor available(other organisations). Small group or private sessions.{:}\" \/>\n<meta property=\"og:url\" content=\"https:\/\/www.ljdivingtenerife.com\/certification-programs\/\" \/>\n<meta property=\"og:site_name\" content=\"LJ Diving Tenerife - Centro y escuela de buceo\" \/>\n<meta property=\"article:modified_time\" content=\"2026-01-02T09:28:02+00:00\" \/>\n<meta name=\"twitter:card\" content=\"summary_large_image\" \/>\n<meta name=\"twitter:label1\" content=\"Tiempo de lectura\" \/>\n\t<meta name=\"twitter:data1\" content=\"3 minutos\" \/>\n<script type=\"application\/ld+json\" class=\"yoast-schema-graph\">{\"@context\":\"https:\/\/schema.org\",\"@graph\":[{\"@type\":\"WebPage\",\"@id\":\"https:\/\/www.ljdivingtenerife.com\/certification-programs\/\",\"url\":\"https:\/\/www.ljdivingtenerife.com\/certification-programs\/\",\"name\":\"[:en]LJ Diving Tenerife - Centro y escuela de buceo - [:es]LJ Diving Tenerife - Centro y escuela de buceo - [:]\",\"isPartOf\":{\"@id\":\"https:\/\/www.ljdivingtenerife.com\/fr\/#website\"},\"datePublished\":\"2017-09-06T11:31:00+00:00\",\"dateModified\":\"2026-01-02T09:28:02+00:00\",\"description\":\"{:en}Get your scuba diving certification in our diving center. Diving center affiliate to FFESSM(CMAS) and Open Water Instructor available(other organisations). Small group or private sessions.{:}\",\"breadcrumb\":{\"@id\":\"https:\/\/www.ljdivingtenerife.com\/certification-programs\/#breadcrumb\"},\"inLanguage\":\"es\",\"potentialAction\":[{\"@type\":\"ReadAction\",\"target\":[\"https:\/\/www.ljdivingtenerife.com\/certification-programs\/\"]}]},{\"@type\":\"BreadcrumbList\",\"@id\":\"https:\/\/www.ljdivingtenerife.com\/certification-programs\/#breadcrumb\",\"itemListElement\":[{\"@type\":\"ListItem\",\"position\":1,\"name\":\"Home\",\"item\":\"https:\/\/www.ljdivingtenerife.com\/\"},{\"@type\":\"ListItem\",\"position\":2,\"name\":\"Courses and certifications\"}]},{\"@type\":\"WebSite\",\"@id\":\"https:\/\/www.ljdivingtenerife.com\/fr\/#website\",\"url\":\"https:\/\/www.ljdivingtenerife.com\/fr\/\",\"name\":\"LJ Diving Tenerife - Centro y escuela de buceo\",\"description\":\"Centro de buceo y escuela de buceo en Tenerife. Inmersiones recreativas, bautizos y programas de certificaciones PADI y FFESSM (CMAS).\",\"potentialAction\":[{\"@type\":\"SearchAction\",\"target\":{\"@type\":\"EntryPoint\",\"urlTemplate\":\"https:\/\/www.ljdivingtenerife.com\/fr\/?s={search_term_string}\"},\"query-input\":\"required name=search_term_string\"}],\"inLanguage\":\"es\"}]}<\/script>\n<!-- \/ Yoast SEO plugin. -->","yoast_head_json":{"title":"LJ Diving Tenerife - Centro y escuela de buceo -","description":"(English) Get your scuba diving certification in our diving center. Diving center affiliate to FFESSM(CMAS) and Open Water Instructor available(other organisations). Small group or private sessions.","robots":{"index":"index","follow":"follow","max-snippet":"max-snippet:-1","max-image-preview":"max-image-preview:large","max-video-preview":"max-video-preview:-1"},"canonical":"https:\/\/www.ljdivingtenerife.com\/certification-programs\/","og_locale":"es_ES","og_type":"article","og_title":"[:en]LJ Diving Tenerife - Centro y escuela de buceo - [:es]LJ Diving Tenerife - Centro y escuela de buceo - [:]","og_description":"{:en}Get your scuba diving certification in our diving center. Diving center affiliate to FFESSM(CMAS) and Open Water Instructor available(other organisations). Small group or private sessions.{:}","og_url":"https:\/\/www.ljdivingtenerife.com\/certification-programs\/","og_site_name":"LJ Diving Tenerife - Centro y escuela de buceo","article_modified_time":"2026-01-02T09:28:02+00:00","twitter_card":"summary_large_image","twitter_misc":{"Tiempo de lectura":"3 minutos"},"schema":{"@context":"https:\/\/schema.org","@graph":[{"@type":"WebPage","@id":"https:\/\/www.ljdivingtenerife.com\/certification-programs\/","url":"https:\/\/www.ljdivingtenerife.com\/certification-programs\/","name":"[:en]LJ Diving Tenerife - Centro y escuela de buceo - [:es]LJ Diving Tenerife - Centro y escuela de buceo - [:]","isPartOf":{"@id":"https:\/\/www.ljdivingtenerife.com\/fr\/#website"},"datePublished":"2017-09-06T11:31:00+00:00","dateModified":"2026-01-02T09:28:02+00:00","description":"{:en}Get your scuba diving certification in our diving center. Diving center affiliate to FFESSM(CMAS) and Open Water Instructor available(other organisations). Small group or private sessions.{:}","breadcrumb":{"@id":"https:\/\/www.ljdivingtenerife.com\/certification-programs\/#breadcrumb"},"inLanguage":"es","potentialAction":[{"@type":"ReadAction","target":["https:\/\/www.ljdivingtenerife.com\/certification-programs\/"]}]},{"@type":"BreadcrumbList","@id":"https:\/\/www.ljdivingtenerife.com\/certification-programs\/#breadcrumb","itemListElement":[{"@type":"ListItem","position":1,"name":"Home","item":"https:\/\/www.ljdivingtenerife.com\/"},{"@type":"ListItem","position":2,"name":"Courses and certifications"}]},{"@type":"WebSite","@id":"https:\/\/www.ljdivingtenerife.com\/fr\/#website","url":"https:\/\/www.ljdivingtenerife.com\/fr\/","name":"LJ Diving Tenerife - Centro y escuela de buceo","description":"Centro de buceo y escuela de buceo en Tenerife. Inmersiones recreativas, bautizos y programas de certificaciones PADI y FFESSM (CMAS).","potentialAction":[{"@type":"SearchAction","target":{"@type":"EntryPoint","urlTemplate":"https:\/\/www.ljdivingtenerife.com\/fr\/?s={search_term_string}"},"query-input":"required name=search_term_string"}],"inLanguage":"es"}]}},"_links":{"self":[{"href":"https:\/\/www.ljdivingtenerife.com\/es\/wp-json\/wp\/v2\/pages\/812"}],"collection":[{"href":"https:\/\/www.ljdivingtenerife.com\/es\/wp-json\/wp\/v2\/pages"}],"about":[{"href":"https:\/\/www.ljdivingtenerife.com\/es\/wp-json\/wp\/v2\/types\/page"}],"author":[{"embeddable":true,"href":"https:\/\/www.ljdivingtenerife.com\/es\/wp-json\/wp\/v2\/users\/1"}],"replies":[{"embeddable":true,"href":"https:\/\/www.ljdivingtenerife.com\/es\/wp-json\/wp\/v2\/comments?post=812"}],"version-history":[{"count":102,"href":"https:\/\/www.ljdivingtenerife.com\/es\/wp-json\/wp\/v2\/pages\/812\/revisions"}],"predecessor-version":[{"id":2621,"href":"https:\/\/www.ljdivingtenerife.com\/es\/wp-json\/wp\/v2\/pages\/812\/revisions\/2621"}],"wp:attachment":[{"href":"https:\/\/www.ljdivingtenerife.com\/es\/wp-json\/wp\/v2\/media?parent=812"}],"curies":[{"name":"wp","href":"https:\/\/api.w.org\/{rel}","templated":true}]}}