
{"id":810,"date":"2017-09-06T11:30:37","date_gmt":"2017-09-06T11:30:37","guid":{"rendered":"http:\/\/www.ljdivingtenerife.com\/\/?page_id=810"},"modified":"2025-12-09T18:21:59","modified_gmt":"2025-12-09T17:21:59","slug":"scuba-diving","status":"publish","type":"page","link":"https:\/\/www.ljdivingtenerife.com\/es\/scuba-diving\/","title":{"rendered":"BUCEO RECREATIVO"},"content":{"rendered":"<p>[vc_row][vc_column width=\u00bb1\/4&#8243;][vc_single_image image=\u00bb2530&#8243; alignment=\u00bbcenter\u00bb][\/vc_column][vc_column width=\u00bb1\/4&#8243;][vc_single_image image=\u00bb1574&#8243; alignment=\u00bbcenter\u00bb][\/vc_column][vc_column width=\u00bb1\/4&#8243;][vc_single_image image=\u00bb799&#8243; img_size=\u00bbfull\u00bb alignment=\u00bbcenter\u00bb css=\u00bb.vc_custom_1709919748297{margin-top: 30px !important;}\u00bb][\/vc_column][vc_column width=\u00bb1\/4&#8243;][vc_single_image image=\u00bb941&#8243; alignment=\u00bbcenter\u00bb][\/vc_column][\/vc_row][vc_row][vc_column][vc_single_image image=\u00bb2500&#8243; img_size=\u00bbfull\u00bb alignment=\u00bbcenter\u00bb][\/vc_column][\/vc_row][vc_row][vc_column][vc_separator][\/vc_column][vc_column]<div id=\"sc_title_1493855127\"\n\t\tclass=\"sc_title sc_title_default  vc_custom_1706611268770\"><h3 class=\"sc_item_title sc_title_title sc_align_default sc_item_title_style_default\">Buceadores con cerfificaci\u00f3n<\/h3><\/div><!-- \/.sc_title -->[\/vc_column][\/vc_row][vc_row][vc_column][vc_column_text]<\/p>\n<p>Las inmersiones est\u00e1n siempre guiadas por nuestros calificados y experimentados instructores de acuerdo con las normas de seguridad.<\/p>\n<p>\u00a1Sean cuales sean tus habilidades de buceo o su tipo de tu certificaci\u00f3n, todos pueden disfrutar del mundo submarino de Canarias!<\/p>\n<p>\u00bfListo para explorar nuestros sitios de buceo favoritos?<\/p>\n<p>Pulsa en el bot\u00f3n a continuaci\u00f3n para obtener m\u00e1s detalles sobre los puntos de inmersi\u00f3n<\/p>\n<p>[\/vc_column_text][vc_empty_space alter_height=\u00bbsmall\u00bb hide_on_mobile=\u00bb\u00bb][vc_btn title=\u00bbNuestros lugares de buceo favoritos\u00bb style=\u00bb3d\u00bb color=\u00bbprimary\u00bb link=\u00bburl:https%3A%2F%2Fwww.ljdivingtenerife.com%2Fdive-sites%2F|title:Puntos%20de%20inmersi%C3%B3n||\u00bb][\/vc_column][\/vc_row][vc_row][vc_column][vc_empty_space hide_on_mobile=\u00bb\u00bb][\/vc_column][vc_column]<div id=\"sc_title_1799266868\"\n\t\tclass=\"sc_title sc_title_default  vc_custom_1706611287894\"><h3 class=\"sc_item_title sc_title_title sc_align_center sc_item_title_style_title-medium-size-style\">Precios<\/h3><\/div><!-- \/.sc_title -->[\/vc_column][\/vc_row][vc_row][vc_column width=\u00bb1\/3&#8243;]<div  id=\"sc_price_422084445\" \n\tclass=\"sc_price sc_price_default\"><div class=\"sc_price_info\"><div class=\"sc_price_subtitle\">1-2 inmersi\u00f3nes<\/div><div class=\"sc_price_price\"><span class=\"sc_price_value\">\u20ac50<\/span><\/div><div class=\"sc_price_title\">Por inmersi\u00f3n<\/div><\/div>\n<\/div>[\/vc_column][vc_column width=\u00bb1\/3&#8243;]<div  id=\"sc_price_1754286215\" \n\tclass=\"sc_price sc_price_default\"><div class=\"sc_price_info\"><div class=\"sc_price_subtitle\">3-5 inmersi\u00f3nes<\/div><div class=\"sc_price_price\"><span class=\"sc_price_value\">\u20ac48<\/span><\/div><div class=\"sc_price_title\">Por inmersi\u00f3n<\/div><\/div>\n<\/div>[\/vc_column][vc_column width=\u00bb1\/3&#8243;]<div  id=\"sc_price_436818655\" \n\tclass=\"sc_price sc_price_default\"><div class=\"sc_price_info\"><div class=\"sc_price_subtitle\">6-9 inmersi\u00f3nes<\/div><div class=\"sc_price_price\"><span class=\"sc_price_value\">\u20ac45<\/span><\/div><div class=\"sc_price_title\">Por inmersi\u00f3n<\/div><\/div>\n<\/div>[\/vc_column][\/vc_row][vc_row][vc_column][vc_empty_space hide_on_mobile=\u00bb\u00bb][\/vc_column][\/vc_row][vc_row][vc_column width=\u00bb1\/2&#8243;]<div  id=\"sc_price_938961629\" \n\tclass=\"sc_price sc_price_default\"><div class=\"sc_price_info\"><div class=\"sc_price_subtitle\">+10 inmersi\u00f3nes (tarjeta bono)<\/div><div class=\"sc_price_price\"><span class=\"sc_price_value\">\u20ac42<\/span><\/div><div class=\"sc_price_title\">Por inmersi\u00f3n<\/div><\/div>\n<\/div>[\/vc_column][vc_column width=\u00bb1\/2&#8243;]<div  id=\"sc_price_759715196\" \n\tclass=\"sc_price sc_price_default\"><div class=\"sc_price_info\"><div class=\"sc_price_subtitle\">Equipo de buceo completo<\/div><div class=\"sc_price_price\"><span class=\"sc_price_value\">\u20ac20<\/span><\/div><div class=\"sc_price_title\">Por dia<\/div><\/div>\n<\/div>[\/vc_column][\/vc_row][vc_row][vc_column][vc_empty_space hide_on_mobile=\u00bb\u00bb][\/vc_column][\/vc_row][vc_row][vc_column width=\u00bb1\/2&#8243;]<div  id=\"sc_price_531410136\" \n\tclass=\"sc_price sc_price_default\"><div class=\"sc_price_info\"><div class=\"sc_price_subtitle\">Costo adicional por buceo ``refresh``<\/div><div class=\"sc_price_price\"><span class=\"sc_price_value\">\u20ac25<\/span><\/div><div class=\"sc_price_title\">Por persona<\/div><\/div>\n<\/div>[\/vc_column][vc_column width=\u00bb1\/2&#8243;]<div  id=\"sc_price_26149321\" \n\tclass=\"sc_price sc_price_default\"><div class=\"sc_price_info\"><div class=\"sc_price_subtitle\">Costo adicional por buceo nocturno<\/div><div class=\"sc_price_price\"><span class=\"sc_price_value\">\u20ac40<\/span><\/div><div class=\"sc_price_title\">Por persona<\/div><\/div>\n<\/div>[\/vc_column][\/vc_row]<\/p>","protected":false},"excerpt":{"rendered":"<p>[vc_row][vc_column width=\u00bb1\/4&#8243;][vc_single_image image=\u00bb2530&#8243; alignment=\u00bbcenter\u00bb][\/vc_column][vc_column width=\u00bb1\/4&#8243;][vc_single_image image=\u00bb1574&#8243; alignment=\u00bbcenter\u00bb][\/vc_column][vc_column width=\u00bb1\/4&#8243;][vc_single_image image=\u00bb799&#8243; img_size=\u00bbfull\u00bb alignment=\u00bbcenter\u00bb css=\u00bb.vc_custom_1709919748297{margin-top: 30px !important;}\u00bb][\/vc_column][vc_column width=\u00bb1\/4&#8243;][vc_single_image image=\u00bb941&#8243; alignment=\u00bbcenter\u00bb][\/vc_column][\/vc_row][vc_row][vc_column][vc_single_image image=\u00bb2500&#8243; img_size=\u00bbfull\u00bb alignment=\u00bbcenter\u00bb][\/vc_column][\/vc_row][vc_row][vc_column][vc_separator][\/vc_column][vc_column][\/vc_column][\/vc_row][vc_row][vc_column][vc_column_text]&hellip;<\/p>\n","protected":false},"author":1,"featured_media":924,"parent":0,"menu_order":0,"comment_status":"closed","ping_status":"closed","template":"","meta":[],"yoast_head":"<!-- This site is optimized with the Yoast SEO plugin v20.1 - https:\/\/yoast.com\/wordpress\/plugins\/seo\/ -->\n<title>(English) LJ Diving Tenerife - Centro y escuela de buceo - BUCEO RECREATIVO<\/title>\n<meta name=\"description\" content=\"Explora y descubre los mejores sitios de buceo en el sur de Tenerife con un gu\u00eda experimentado. Al sesi\u00f3n de buceo desde el barco. Sean cuales sean sus habilidades o certificaci\u00f3n, siempre encontramos el mejor sitio de buceo de acuerdo con la experiencia y las condiciones clim\u00e1ticas. Vas a experimentar la filosof\u00eda de buceo &quot;Love and Joy&quot;. \u00danase a nosotros y nunca olvidar\u00e1 sus inmersiones gracias a las fotos que estamos tomando y la c\u00e1lida atm\u00f3sfera que creamos para nuestros buceadores.\" \/>\n<meta name=\"robots\" content=\"index, follow, max-snippet:-1, max-image-preview:large, max-video-preview:-1\" \/>\n<link rel=\"canonical\" href=\"https:\/\/www.ljdivingtenerife.com\/scuba-diving\/\" \/>\n<meta property=\"og:locale\" content=\"es_ES\" \/>\n<meta property=\"og:type\" content=\"article\" \/>\n<meta property=\"og:title\" content=\"[:en]LJ Diving Tenerife - Centro y escuela de buceo - BUCEO RECREATIVO [:]\" \/>\n<meta property=\"og:description\" content=\"{:en}Explore and discover the best diving sites in Tenerife south with an experienced guide. Al diving session from the boat. Whatever your skills or certification we always find the best dive site according to the experience and weather conditions. You are going to experiment the &quot;Love and Joy&quot; scuba diving philosophy. Join us and you will never forget your dives thaks to the photos we are taking and the warm atmosphere we create for our divers.{:es}Explora y descubre los mejores sitios de buceo en el sur de Tenerife con un gu\u00eda experimentado. Al sesi\u00f3n de buceo desde el barco. Sean cuales sean sus habilidades o certificaci\u00f3n, siempre encontramos el mejor sitio de buceo de acuerdo con la experiencia y las condiciones clim\u00e1ticas. Vas a experimentar la filosof\u00eda de buceo &quot;Love and Joy&quot;. \u00danase a nosotros y nunca olvidar\u00e1 sus inmersiones gracias a las fotos que estamos tomando y la c\u00e1lida atm\u00f3sfera que creamos para nuestros buceadores.{:fr}Explorez et d\u00e9couvrez les meilleurs sites de plong\u00e9e de Tenerife Sud accompagn\u00e9 d&#039;un guide exp\u00e9riment\u00e9. Toutes nos plong\u00e9es se font depuis notre bateau. Quelles que soient vos comp\u00e9tences ou votre certification, nous trouvons toujours le meilleur site de plong\u00e9e en fonction de votre exp\u00e9rience et des conditions m\u00e9t\u00e9orologiques. Vous allez gouter \u00e0 la philosophie de la plong\u00e9e sous-marine &quot;Love and Joy&quot;. Rejoignez-nous et vous n&#039;oublierez jamais vos plong\u00e9es gr\u00e2ce aux photos que nous prenons et \u00e0 l&#039;atmosph\u00e8re chaleureuse que nous cr\u00e9ons pour nos plongeurs.{:de}Entdecken und entdecken Sie die besten Tauchpl\u00e4tze auf Teneriffa im S\u00fcden mit einem erfahrenen Guide. Alle Tauchg\u00e4nge vom Boot aus. Unabh\u00e4ngig von Ihren F\u00e4higkeiten oder Ihrer Zertifizierung finden wir immer den besten Tauchplatz, je nach Erfahrung und Wetterbedingungen. Sie werden die &quot;Love and Joy&quot; Tauchphilosophie ausprobieren. Machen Sie mit und Sie werden nie vergessen, dass Ihre Tauchg\u00e4nge den Fotos, die wir machen, und der warmen Atmosph\u00e4re, die wir f\u00fcr unsere Taucher schaffen, zu verdanken sind.{:cz}Prozkoumejte a objevte nejlep\u0161\u00ed pot\u00e1p\u011b\u010dsk\u00e1 m\u00edsta na jihu Tenerife se zku\u0161en\u00fdm pr\u016fvodcem. Al pot\u00e1p\u011bn\u00ed z lodi. A\u0165 u\u017e jsou va\u0161e dovednosti nebo certifikace jak\u00e9koli, v\u017edy najdeme nejlep\u0161\u00ed m\u00edsto pro pot\u00e1p\u011bn\u00ed podle zku\u0161enost\u00ed a pov\u011btrnostn\u00edch podm\u00ednek. Chyst\u00e1te se experimentovat s pot\u00e1p\u011bc\u00ed filozofi\u00ed L\u00e1ska a radost. P\u0159ipojte se k n\u00e1m a nikdy nezapomenete na va\u0161e ponory, kter\u00e9 fotografuj\u00ed, a na teplou atmosf\u00e9ru, kterou vytv\u00e1\u0159\u00edme pro na\u0161e pot\u00e1p\u011b\u010de.{:}\" \/>\n<meta property=\"og:url\" content=\"https:\/\/www.ljdivingtenerife.com\/scuba-diving\/\" \/>\n<meta property=\"og:site_name\" content=\"LJ Diving Tenerife - Centro y escuela de buceo\" \/>\n<meta property=\"article:modified_time\" content=\"2025-12-09T17:21:59+00:00\" \/>\n<meta property=\"og:image\" content=\"https:\/\/www.ljdivingtenerife.com\/wp-content\/uploads\/2017\/08\/what-4.jpg\" \/>\n\t<meta property=\"og:image:width\" content=\"2304\" \/>\n\t<meta property=\"og:image:height\" content=\"1728\" \/>\n\t<meta property=\"og:image:type\" content=\"image\/jpeg\" \/>\n<meta name=\"twitter:card\" content=\"summary_large_image\" \/>\n<meta name=\"twitter:label1\" content=\"Tiempo de lectura\" \/>\n\t<meta name=\"twitter:data1\" content=\"2 minutos\" \/>\n<script type=\"application\/ld+json\" class=\"yoast-schema-graph\">{\"@context\":\"https:\/\/schema.org\",\"@graph\":[{\"@type\":\"WebPage\",\"@id\":\"https:\/\/www.ljdivingtenerife.com\/scuba-diving\/\",\"url\":\"https:\/\/www.ljdivingtenerife.com\/scuba-diving\/\",\"name\":\"[:en]LJ Diving Tenerife - Centro y escuela de buceo - BUCEO RECREATIVO [:]\",\"isPartOf\":{\"@id\":\"https:\/\/www.ljdivingtenerife.com\/fr\/#website\"},\"datePublished\":\"2017-09-06T11:30:37+00:00\",\"dateModified\":\"2025-12-09T17:21:59+00:00\",\"description\":\"{:en}Explore and discover the best diving sites in Tenerife south with an experienced guide. Al diving session from the boat. Whatever your skills or certification we always find the best dive site according to the experience and weather conditions. You are going to experiment the \\\"Love and Joy\\\" scuba diving philosophy. Join us and you will never forget your dives thaks to the photos we are taking and the warm atmosphere we create for our divers.{:es}Explora y descubre los mejores sitios de buceo en el sur de Tenerife con un gu\u00eda experimentado. Al sesi\u00f3n de buceo desde el barco. Sean cuales sean sus habilidades o certificaci\u00f3n, siempre encontramos el mejor sitio de buceo de acuerdo con la experiencia y las condiciones clim\u00e1ticas. Vas a experimentar la filosof\u00eda de buceo \\\"Love and Joy\\\". \u00danase a nosotros y nunca olvidar\u00e1 sus inmersiones gracias a las fotos que estamos tomando y la c\u00e1lida atm\u00f3sfera que creamos para nuestros buceadores.{:fr}Explorez et d\u00e9couvrez les meilleurs sites de plong\u00e9e de Tenerife Sud accompagn\u00e9 d'un guide exp\u00e9riment\u00e9. Toutes nos plong\u00e9es se font depuis notre bateau. Quelles que soient vos comp\u00e9tences ou votre certification, nous trouvons toujours le meilleur site de plong\u00e9e en fonction de votre exp\u00e9rience et des conditions m\u00e9t\u00e9orologiques. Vous allez gouter \u00e0 la philosophie de la plong\u00e9e sous-marine \\\"Love and Joy\\\". Rejoignez-nous et vous n'oublierez jamais vos plong\u00e9es gr\u00e2ce aux photos que nous prenons et \u00e0 l'atmosph\u00e8re chaleureuse que nous cr\u00e9ons pour nos plongeurs.{:de}Entdecken und entdecken Sie die besten Tauchpl\u00e4tze auf Teneriffa im S\u00fcden mit einem erfahrenen Guide. Alle Tauchg\u00e4nge vom Boot aus. Unabh\u00e4ngig von Ihren F\u00e4higkeiten oder Ihrer Zertifizierung finden wir immer den besten Tauchplatz, je nach Erfahrung und Wetterbedingungen. Sie werden die \\\"Love and Joy\\\" Tauchphilosophie ausprobieren. Machen Sie mit und Sie werden nie vergessen, dass Ihre Tauchg\u00e4nge den Fotos, die wir machen, und der warmen Atmosph\u00e4re, die wir f\u00fcr unsere Taucher schaffen, zu verdanken sind.{:cz}Prozkoumejte a objevte nejlep\u0161\u00ed pot\u00e1p\u011b\u010dsk\u00e1 m\u00edsta na jihu Tenerife se zku\u0161en\u00fdm pr\u016fvodcem. Al pot\u00e1p\u011bn\u00ed z lodi. A\u0165 u\u017e jsou va\u0161e dovednosti nebo certifikace jak\u00e9koli, v\u017edy najdeme nejlep\u0161\u00ed m\u00edsto pro pot\u00e1p\u011bn\u00ed podle zku\u0161enost\u00ed a pov\u011btrnostn\u00edch podm\u00ednek. Chyst\u00e1te se experimentovat s pot\u00e1p\u011bc\u00ed filozofi\u00ed L\u00e1ska a radost. P\u0159ipojte se k n\u00e1m a nikdy nezapomenete na va\u0161e ponory, kter\u00e9 fotografuj\u00ed, a na teplou atmosf\u00e9ru, kterou vytv\u00e1\u0159\u00edme pro na\u0161e pot\u00e1p\u011b\u010de.{:}\",\"breadcrumb\":{\"@id\":\"https:\/\/www.ljdivingtenerife.com\/scuba-diving\/#breadcrumb\"},\"inLanguage\":\"es\",\"potentialAction\":[{\"@type\":\"ReadAction\",\"target\":[\"https:\/\/www.ljdivingtenerife.com\/scuba-diving\/\"]}]},{\"@type\":\"BreadcrumbList\",\"@id\":\"https:\/\/www.ljdivingtenerife.com\/scuba-diving\/#breadcrumb\",\"itemListElement\":[{\"@type\":\"ListItem\",\"position\":1,\"name\":\"Home\",\"item\":\"https:\/\/www.ljdivingtenerife.com\/\"},{\"@type\":\"ListItem\",\"position\":2,\"name\":\"Scuba Diving\"}]},{\"@type\":\"WebSite\",\"@id\":\"https:\/\/www.ljdivingtenerife.com\/fr\/#website\",\"url\":\"https:\/\/www.ljdivingtenerife.com\/fr\/\",\"name\":\"LJ Diving Tenerife - Centro y escuela de buceo\",\"description\":\"Centro de buceo y escuela de buceo en Tenerife. Inmersiones recreativas, bautizos y programas de certificaciones PADI y FFESSM (CMAS).\",\"potentialAction\":[{\"@type\":\"SearchAction\",\"target\":{\"@type\":\"EntryPoint\",\"urlTemplate\":\"https:\/\/www.ljdivingtenerife.com\/fr\/?s={search_term_string}\"},\"query-input\":\"required name=search_term_string\"}],\"inLanguage\":\"es\"}]}<\/script>\n<!-- \/ Yoast SEO plugin. -->","yoast_head_json":{"title":"(English) LJ Diving Tenerife - Centro y escuela de buceo - BUCEO RECREATIVO","description":"Explora y descubre los mejores sitios de buceo en el sur de Tenerife con un gu\u00eda experimentado. Al sesi\u00f3n de buceo desde el barco. Sean cuales sean sus habilidades o certificaci\u00f3n, siempre encontramos el mejor sitio de buceo de acuerdo con la experiencia y las condiciones clim\u00e1ticas. Vas a experimentar la filosof\u00eda de buceo \"Love and Joy\". \u00danase a nosotros y nunca olvidar\u00e1 sus inmersiones gracias a las fotos que estamos tomando y la c\u00e1lida atm\u00f3sfera que creamos para nuestros buceadores.","robots":{"index":"index","follow":"follow","max-snippet":"max-snippet:-1","max-image-preview":"max-image-preview:large","max-video-preview":"max-video-preview:-1"},"canonical":"https:\/\/www.ljdivingtenerife.com\/scuba-diving\/","og_locale":"es_ES","og_type":"article","og_title":"[:en]LJ Diving Tenerife - Centro y escuela de buceo - BUCEO RECREATIVO [:]","og_description":"{:en}Explore and discover the best diving sites in Tenerife south with an experienced guide. Al diving session from the boat. Whatever your skills or certification we always find the best dive site according to the experience and weather conditions. You are going to experiment the \"Love and Joy\" scuba diving philosophy. Join us and you will never forget your dives thaks to the photos we are taking and the warm atmosphere we create for our divers.{:es}Explora y descubre los mejores sitios de buceo en el sur de Tenerife con un gu\u00eda experimentado. Al sesi\u00f3n de buceo desde el barco. Sean cuales sean sus habilidades o certificaci\u00f3n, siempre encontramos el mejor sitio de buceo de acuerdo con la experiencia y las condiciones clim\u00e1ticas. Vas a experimentar la filosof\u00eda de buceo \"Love and Joy\". \u00danase a nosotros y nunca olvidar\u00e1 sus inmersiones gracias a las fotos que estamos tomando y la c\u00e1lida atm\u00f3sfera que creamos para nuestros buceadores.{:fr}Explorez et d\u00e9couvrez les meilleurs sites de plong\u00e9e de Tenerife Sud accompagn\u00e9 d'un guide exp\u00e9riment\u00e9. Toutes nos plong\u00e9es se font depuis notre bateau. Quelles que soient vos comp\u00e9tences ou votre certification, nous trouvons toujours le meilleur site de plong\u00e9e en fonction de votre exp\u00e9rience et des conditions m\u00e9t\u00e9orologiques. Vous allez gouter \u00e0 la philosophie de la plong\u00e9e sous-marine \"Love and Joy\". Rejoignez-nous et vous n'oublierez jamais vos plong\u00e9es gr\u00e2ce aux photos que nous prenons et \u00e0 l'atmosph\u00e8re chaleureuse que nous cr\u00e9ons pour nos plongeurs.{:de}Entdecken und entdecken Sie die besten Tauchpl\u00e4tze auf Teneriffa im S\u00fcden mit einem erfahrenen Guide. Alle Tauchg\u00e4nge vom Boot aus. Unabh\u00e4ngig von Ihren F\u00e4higkeiten oder Ihrer Zertifizierung finden wir immer den besten Tauchplatz, je nach Erfahrung und Wetterbedingungen. Sie werden die \"Love and Joy\" Tauchphilosophie ausprobieren. Machen Sie mit und Sie werden nie vergessen, dass Ihre Tauchg\u00e4nge den Fotos, die wir machen, und der warmen Atmosph\u00e4re, die wir f\u00fcr unsere Taucher schaffen, zu verdanken sind.{:cz}Prozkoumejte a objevte nejlep\u0161\u00ed pot\u00e1p\u011b\u010dsk\u00e1 m\u00edsta na jihu Tenerife se zku\u0161en\u00fdm pr\u016fvodcem. Al pot\u00e1p\u011bn\u00ed z lodi. A\u0165 u\u017e jsou va\u0161e dovednosti nebo certifikace jak\u00e9koli, v\u017edy najdeme nejlep\u0161\u00ed m\u00edsto pro pot\u00e1p\u011bn\u00ed podle zku\u0161enost\u00ed a pov\u011btrnostn\u00edch podm\u00ednek. Chyst\u00e1te se experimentovat s pot\u00e1p\u011bc\u00ed filozofi\u00ed L\u00e1ska a radost. P\u0159ipojte se k n\u00e1m a nikdy nezapomenete na va\u0161e ponory, kter\u00e9 fotografuj\u00ed, a na teplou atmosf\u00e9ru, kterou vytv\u00e1\u0159\u00edme pro na\u0161e pot\u00e1p\u011b\u010de.{:}","og_url":"https:\/\/www.ljdivingtenerife.com\/scuba-diving\/","og_site_name":"LJ Diving Tenerife - Centro y escuela de buceo","article_modified_time":"2025-12-09T17:21:59+00:00","og_image":[{"width":2304,"height":1728,"url":"https:\/\/www.ljdivingtenerife.com\/wp-content\/uploads\/2017\/08\/what-4.jpg","type":"image\/jpeg"}],"twitter_card":"summary_large_image","twitter_misc":{"Tiempo de lectura":"2 minutos"},"schema":{"@context":"https:\/\/schema.org","@graph":[{"@type":"WebPage","@id":"https:\/\/www.ljdivingtenerife.com\/scuba-diving\/","url":"https:\/\/www.ljdivingtenerife.com\/scuba-diving\/","name":"[:en]LJ Diving Tenerife - Centro y escuela de buceo - BUCEO RECREATIVO [:]","isPartOf":{"@id":"https:\/\/www.ljdivingtenerife.com\/fr\/#website"},"datePublished":"2017-09-06T11:30:37+00:00","dateModified":"2025-12-09T17:21:59+00:00","description":"{:en}Explore and discover the best diving sites in Tenerife south with an experienced guide. Al diving session from the boat. Whatever your skills or certification we always find the best dive site according to the experience and weather conditions. You are going to experiment the \"Love and Joy\" scuba diving philosophy. Join us and you will never forget your dives thaks to the photos we are taking and the warm atmosphere we create for our divers.{:es}Explora y descubre los mejores sitios de buceo en el sur de Tenerife con un gu\u00eda experimentado. Al sesi\u00f3n de buceo desde el barco. Sean cuales sean sus habilidades o certificaci\u00f3n, siempre encontramos el mejor sitio de buceo de acuerdo con la experiencia y las condiciones clim\u00e1ticas. Vas a experimentar la filosof\u00eda de buceo \"Love and Joy\". \u00danase a nosotros y nunca olvidar\u00e1 sus inmersiones gracias a las fotos que estamos tomando y la c\u00e1lida atm\u00f3sfera que creamos para nuestros buceadores.{:fr}Explorez et d\u00e9couvrez les meilleurs sites de plong\u00e9e de Tenerife Sud accompagn\u00e9 d'un guide exp\u00e9riment\u00e9. Toutes nos plong\u00e9es se font depuis notre bateau. Quelles que soient vos comp\u00e9tences ou votre certification, nous trouvons toujours le meilleur site de plong\u00e9e en fonction de votre exp\u00e9rience et des conditions m\u00e9t\u00e9orologiques. Vous allez gouter \u00e0 la philosophie de la plong\u00e9e sous-marine \"Love and Joy\". Rejoignez-nous et vous n'oublierez jamais vos plong\u00e9es gr\u00e2ce aux photos que nous prenons et \u00e0 l'atmosph\u00e8re chaleureuse que nous cr\u00e9ons pour nos plongeurs.{:de}Entdecken und entdecken Sie die besten Tauchpl\u00e4tze auf Teneriffa im S\u00fcden mit einem erfahrenen Guide. Alle Tauchg\u00e4nge vom Boot aus. Unabh\u00e4ngig von Ihren F\u00e4higkeiten oder Ihrer Zertifizierung finden wir immer den besten Tauchplatz, je nach Erfahrung und Wetterbedingungen. Sie werden die \"Love and Joy\" Tauchphilosophie ausprobieren. Machen Sie mit und Sie werden nie vergessen, dass Ihre Tauchg\u00e4nge den Fotos, die wir machen, und der warmen Atmosph\u00e4re, die wir f\u00fcr unsere Taucher schaffen, zu verdanken sind.{:cz}Prozkoumejte a objevte nejlep\u0161\u00ed pot\u00e1p\u011b\u010dsk\u00e1 m\u00edsta na jihu Tenerife se zku\u0161en\u00fdm pr\u016fvodcem. Al pot\u00e1p\u011bn\u00ed z lodi. A\u0165 u\u017e jsou va\u0161e dovednosti nebo certifikace jak\u00e9koli, v\u017edy najdeme nejlep\u0161\u00ed m\u00edsto pro pot\u00e1p\u011bn\u00ed podle zku\u0161enost\u00ed a pov\u011btrnostn\u00edch podm\u00ednek. Chyst\u00e1te se experimentovat s pot\u00e1p\u011bc\u00ed filozofi\u00ed L\u00e1ska a radost. P\u0159ipojte se k n\u00e1m a nikdy nezapomenete na va\u0161e ponory, kter\u00e9 fotografuj\u00ed, a na teplou atmosf\u00e9ru, kterou vytv\u00e1\u0159\u00edme pro na\u0161e pot\u00e1p\u011b\u010de.{:}","breadcrumb":{"@id":"https:\/\/www.ljdivingtenerife.com\/scuba-diving\/#breadcrumb"},"inLanguage":"es","potentialAction":[{"@type":"ReadAction","target":["https:\/\/www.ljdivingtenerife.com\/scuba-diving\/"]}]},{"@type":"BreadcrumbList","@id":"https:\/\/www.ljdivingtenerife.com\/scuba-diving\/#breadcrumb","itemListElement":[{"@type":"ListItem","position":1,"name":"Home","item":"https:\/\/www.ljdivingtenerife.com\/"},{"@type":"ListItem","position":2,"name":"Scuba Diving"}]},{"@type":"WebSite","@id":"https:\/\/www.ljdivingtenerife.com\/fr\/#website","url":"https:\/\/www.ljdivingtenerife.com\/fr\/","name":"LJ Diving Tenerife - Centro y escuela de buceo","description":"Centro de buceo y escuela de buceo en Tenerife. Inmersiones recreativas, bautizos y programas de certificaciones PADI y FFESSM (CMAS).","potentialAction":[{"@type":"SearchAction","target":{"@type":"EntryPoint","urlTemplate":"https:\/\/www.ljdivingtenerife.com\/fr\/?s={search_term_string}"},"query-input":"required name=search_term_string"}],"inLanguage":"es"}]}},"_links":{"self":[{"href":"https:\/\/www.ljdivingtenerife.com\/es\/wp-json\/wp\/v2\/pages\/810"}],"collection":[{"href":"https:\/\/www.ljdivingtenerife.com\/es\/wp-json\/wp\/v2\/pages"}],"about":[{"href":"https:\/\/www.ljdivingtenerife.com\/es\/wp-json\/wp\/v2\/types\/page"}],"author":[{"embeddable":true,"href":"https:\/\/www.ljdivingtenerife.com\/es\/wp-json\/wp\/v2\/users\/1"}],"replies":[{"embeddable":true,"href":"https:\/\/www.ljdivingtenerife.com\/es\/wp-json\/wp\/v2\/comments?post=810"}],"version-history":[{"count":42,"href":"https:\/\/www.ljdivingtenerife.com\/es\/wp-json\/wp\/v2\/pages\/810\/revisions"}],"predecessor-version":[{"id":2620,"href":"https:\/\/www.ljdivingtenerife.com\/es\/wp-json\/wp\/v2\/pages\/810\/revisions\/2620"}],"wp:featuredmedia":[{"embeddable":true,"href":"https:\/\/www.ljdivingtenerife.com\/es\/wp-json\/wp\/v2\/media\/924"}],"wp:attachment":[{"href":"https:\/\/www.ljdivingtenerife.com\/es\/wp-json\/wp\/v2\/media?parent=810"}],"curies":[{"name":"wp","href":"https:\/\/api.w.org\/{rel}","templated":true}]}}