
{"id":892,"date":"2017-12-20T12:12:18","date_gmt":"2017-12-20T12:12:18","guid":{"rendered":"http:\/\/www.ljdivingtenerife.com\/\/?page_id=892"},"modified":"2025-12-09T16:51:54","modified_gmt":"2025-12-09T15:51:54","slug":"offers","status":"publish","type":"page","link":"https:\/\/www.ljdivingtenerife.com\/en\/offers\/","title":{"rendered":"Offers"},"content":{"rendered":"<p>[vc_row][vc_column][vc_single_image image=&#8221;2500&#8243; img_size=&#8221;full&#8221; alignment=&#8221;center&#8221;][\/vc_column][\/vc_row][vc_row css=&#8221;.vc_custom_1710012448822{padding-bottom: 30px !important;}&#8221;][vc_column width=&#8221;1\/2&#8243; css=&#8221;.vc_custom_1710011557000{padding-bottom: 50px !important;}&#8221;][vc_single_image image=&#8221;2530&#8243; alignment=&#8221;center&#8221;][\/vc_column][vc_column width=&#8221;1\/2&#8243;][vc_single_image image=&#8221;1574&#8243; alignment=&#8221;center&#8221;][\/vc_column][\/vc_row][vc_row][vc_column]<div id=\"sc_title_2048901234\"\n\t\tclass=\"sc_title sc_title_default  vc_custom_1710010961333\"><h3 class=\"sc_item_title sc_title_title sc_align_center sc_item_title_style_default\">Special Offers<\/h3><\/div><!-- \/.sc_title -->[\/vc_column][\/vc_row][vc_row][vc_column]<div  id=\"sc_price_1889305996\" \n\tclass=\"sc_price sc_price_default\"><div class=\"sc_price_info\"><div class=\"sc_price_subtitle\">OPEN WATER DIVER+CMAS 1*<\/div><div class=\"sc_price_price\"><span class=\"sc_price_value\">\u20ac580<\/span><\/div><div class=\"sc_price_description\">Get the most recognized certifications and scuba dive all around the world !<\/div><div class=\"sc_price_details\"><\/p>\n<p style=\"text-align: center\"><span class=\"trx_addons_tiny_text\" style=\"color: #000000\">What is included:<\/span><\/p>\n<p style=\"text-align: center\"><span class=\"trx_addons_tiny_text\" style=\"color: #000000\">5 training dives with Instructor<\/span><\/p>\n<p style=\"text-align: center\"><span class=\"trx_addons_tiny_text\" style=\"color: #000000\">e-Learning Access<\/span><\/p>\n<p style=\"text-align: center\"><span class=\"trx_addons_tiny_text\" style=\"color: #000000\">Registration fees<\/span><\/p>\n<p style=\"text-align: center\"><span class=\"trx_addons_tiny_text\" style=\"color: #000000\">Insurance<\/span><\/p>\n<p style=\"text-align: center\"><span class=\"trx_addons_tiny_text\" style=\"color: #000000\">Equipment rental<\/span><\/p>\n<p style=\"text-align: center\"><span class=\"trx_addons_tiny_text\" style=\"color: #000000\">Photos and drinks<\/span><\/p>\n<p><\/div><\/div>\n<\/div>[vc_empty_space hide_on_mobile=&#8221;&#8221;][\/vc_column][vc_column]<div  id=\"sc_price_78204938\" \n\tclass=\"sc_price sc_price_default\"><div class=\"sc_price_info\"><div class=\"sc_price_subtitle\">ADVANCED OPEN WATER + DEEP DIVER SPECIALITY<\/div><div class=\"sc_price_price\"><span class=\"sc_price_value\">\u20ac730<\/span><\/div><div class=\"sc_price_description\">Discover the real new world up to 40m deep, You will never forget this !<\/div><div class=\"sc_price_details\"><\/p>\n<p style=\"text-align: center\"><span class=\"trx_addons_accent trx_addons_tiny_text\" style=\"color: #000000\">What is Included:<\/span><\/p>\n<p style=\"text-align: center\"><span class=\"trx_addons_accent trx_addons_tiny_text\" style=\"color: #000000\">8 training dives with Instructor<\/span><\/p>\n<p style=\"text-align: center\"><span class=\"trx_addons_tiny_text\" style=\"color: #000000\">e-Learning Access<\/span><\/p>\n<p style=\"text-align: center\"><span class=\"trx_addons_accent trx_addons_tiny_text\" style=\"color: #000000\">Registration fees<\/span><\/p>\n<p style=\"text-align: center\"><span class=\"trx_addons_accent trx_addons_tiny_text\" style=\"color: #000000\">Insurance<\/span><\/p>\n<p style=\"text-align: center\"><span class=\"trx_addons_accent trx_addons_tiny_text\" style=\"color: #000000\">Equipment rental<\/span><\/p>\n<p style=\"text-align: center\"><span class=\"trx_addons_accent trx_addons_tiny_text\" style=\"color: #000000\">Photos and drinks<\/span><\/p>\n<p><\/div><\/div>\n<\/div>[vc_empty_space hide_on_mobile=&#8221;&#8221;][\/vc_column][vc_column]<div  id=\"sc_price_61243621\" \n\tclass=\"sc_price sc_price_default\"><div class=\"sc_price_info\"><div class=\"sc_price_subtitle\">ADVANCED OPEN WATER + ENRICHED AIR (NITROX) SPECIALITY<\/div><div class=\"sc_price_price\"><span class=\"sc_price_value\">\u20ac640<\/span><\/div><div class=\"sc_price_description\">Improve your skills and extend your time and pleasure underwater !<\/div><div class=\"sc_price_details\"><\/p>\n<p style=\"text-align: center\"><span class=\"trx_addons_tiny_text trx_addons_accent\" style=\"color: #000000\">What is included:\u00a0<\/span><\/p>\n<p style=\"text-align: center\"><span class=\"trx_addons_tiny_text trx_addons_accent\" style=\"color: #000000\">6 Training dives with Instructor<\/span><\/p>\n<p style=\"text-align: center\"><span class=\"trx_addons_tiny_text\" style=\"color: #000000\">e-Learning Access<\/span><\/p>\n<p style=\"text-align: center\"><span class=\"trx_addons_tiny_text trx_addons_accent\" style=\"color: #000000\">Registration fees<\/span><\/p>\n<p style=\"text-align: center\"><span class=\"trx_addons_tiny_text trx_addons_accent\" style=\"color: #000000\">Insurance<\/span><\/p>\n<p style=\"text-align: center\"><span class=\"trx_addons_tiny_text trx_addons_accent\" style=\"color: #000000\">Equipment rental<\/span><\/p>\n<p style=\"text-align: center\"><span class=\"trx_addons_accent trx_addons_tiny_text\" style=\"color: #000000\">Photos and drinks<\/span><\/p>\n<p><\/div><\/div>\n<\/div>[\/vc_column][\/vc_row]<\/p>","protected":false},"excerpt":{"rendered":"<p>[vc_row][vc_column][vc_single_image image=&#8221;2500&#8243; img_size=&#8221;full&#8221; alignment=&#8221;center&#8221;][\/vc_column][\/vc_row][vc_row css=&#8221;.vc_custom_1710012448822{padding-bottom: 30px !important;}&#8221;][vc_column width=&#8221;1\/2&#8243; css=&#8221;.vc_custom_1710011557000{padding-bottom: 50px !important;}&#8221;][vc_single_image image=&#8221;2530&#8243; alignment=&#8221;center&#8221;][\/vc_column][vc_column width=&#8221;1\/2&#8243;][vc_single_image image=&#8221;1574&#8243; alignment=&#8221;center&#8221;][\/vc_column][\/vc_row][vc_row][vc_column][\/vc_column][\/vc_row][vc_row][vc_column][vc_empty_space hide_on_mobile=&#8221;&#8221;][\/vc_column][vc_column][vc_empty_space hide_on_mobile=&#8221;&#8221;][\/vc_column][vc_column][\/vc_column][\/vc_row]<\/p>\n","protected":false},"author":1,"featured_media":0,"parent":0,"menu_order":0,"comment_status":"closed","ping_status":"closed","template":"","meta":[],"yoast_head":"<!-- This site is optimized with the Yoast SEO plugin v20.1 - https:\/\/yoast.com\/wordpress\/plugins\/seo\/ -->\n<title>LJ Diving Tenerife - Scuba diving centre and diving school -<\/title>\n<meta name=\"description\" content=\"Check out our latest promotional offers and packages. The best scuba diving combinations for all divers from the beginners to the most experienced. Our promotional items have been packaged to offer the best opportunities to improved your diving skills or just enjoy more your diving trip in Tenerife.\" \/>\n<meta name=\"robots\" content=\"index, follow, max-snippet:-1, max-image-preview:large, max-video-preview:-1\" \/>\n<link rel=\"canonical\" href=\"https:\/\/www.ljdivingtenerife.com\/offers\/\" \/>\n<meta property=\"og:locale\" content=\"en_US\" \/>\n<meta property=\"og:type\" content=\"article\" \/>\n<meta property=\"og:title\" content=\"[:en] LJ Diving Tenerife - Scuba diving centre and diving school - [:]\" \/>\n<meta property=\"og:description\" content=\"{:en}Check out our latest promotional offers and packages. The best scuba diving combinations for all divers from the beginners to the most experienced. Our promotional items have been packaged to offer the best opportunities to improved your diving skills or just enjoy more your diving trip in Tenerife.{:es}Consulte nuestras \u00faltimas ofertas y paquetes promocionales. Las mejores combinaciones de buceo para todos los buceadores, desde principiantes hasta los m\u00e1s experimentados. Nuestros art\u00edculos promocionales se han empaquetado para ofrecer las mejores oportunidades para mejorar sus habilidades de buceo o simplemente disfrutar m\u00e1s de su viaje de buceo en Tenerife.{:fr}Consultez nos derni\u00e8res offres et packages promotionnels. Les meilleures combinaisons en termes de plong\u00e9e sous-marine pour tous les plongeurs, des d\u00e9butants aux plus exp\u00e9riment\u00e9s. Nos articles promotionnels ont \u00e9t\u00e9 con\u00e7us pour offrir les meilleures opportunit\u00e9s d&#039;am\u00e9liorer vos comp\u00e9tences en plong\u00e9e ou tout simplement profiter davantage de votre voyage plong\u00e9e \u00e0 Tenerife.{:de}Schauen Sie sich unsere neuesten Werbeangebote und Pakete an. Die besten Tauchkombinationen f\u00fcr alle Taucher vom Anf\u00e4nger bis zum Fortgeschrittenen. Unsere Werbeartikel wurden verpackt, um die besten M\u00f6glichkeiten zu bieten, um Ihre Tauchf\u00e4higkeiten zu verbessern oder einfach mehr Spa\u00df an Ihrem Tauchausflug auf Teneriffa zu haben.{:cz}Pod\u00edvejte se na na\u0161e nejnov\u011bj\u0161\u00ed propaga\u010dn\u00ed nab\u00eddky a bal\u00ed\u010dky. Nejlep\u0161\u00ed kombinace pot\u00e1p\u011bn\u00ed pro v\u0161echny pot\u00e1p\u011b\u010de od za\u010d\u00e1te\u010dn\u00edk\u016f po nejzku\u0161en\u011bj\u0161\u00ed. Na\u0161e reklamn\u00ed p\u0159edm\u011bty byly zabaleny, aby nab\u00eddly ty nejlep\u0161\u00ed p\u0159\u00edle\u017eitosti ke zlep\u0161en\u00ed va\u0161ich pot\u00e1p\u011b\u010dsk\u00fdch dovednost\u00ed, nebo si u\u017eijete v\u00edce pot\u00e1p\u011b\u010dsk\u00e9ho v\u00fdletu v Tenerife.{:}\" \/>\n<meta property=\"og:url\" content=\"https:\/\/www.ljdivingtenerife.com\/offers\/\" \/>\n<meta property=\"og:site_name\" content=\"LJ Diving Tenerife - Scuba diving centre and diving school\" \/>\n<meta property=\"article:modified_time\" content=\"2025-12-09T15:51:54+00:00\" \/>\n<meta name=\"twitter:card\" content=\"summary_large_image\" \/>\n<meta name=\"twitter:label1\" content=\"Est. reading time\" \/>\n\t<meta name=\"twitter:data1\" content=\"1 minute\" \/>\n<script type=\"application\/ld+json\" class=\"yoast-schema-graph\">{\"@context\":\"https:\/\/schema.org\",\"@graph\":[{\"@type\":\"WebPage\",\"@id\":\"https:\/\/www.ljdivingtenerife.com\/offers\/\",\"url\":\"https:\/\/www.ljdivingtenerife.com\/offers\/\",\"name\":\"[:en] LJ Diving Tenerife - Scuba diving centre and diving school - [:]\",\"isPartOf\":{\"@id\":\"https:\/\/www.ljdivingtenerife.com\/fr\/#website\"},\"datePublished\":\"2017-12-20T12:12:18+00:00\",\"dateModified\":\"2025-12-09T15:51:54+00:00\",\"description\":\"{:en}Check out our latest promotional offers and packages. The best scuba diving combinations for all divers from the beginners to the most experienced. Our promotional items have been packaged to offer the best opportunities to improved your diving skills or just enjoy more your diving trip in Tenerife.{:es}Consulte nuestras \u00faltimas ofertas y paquetes promocionales. Las mejores combinaciones de buceo para todos los buceadores, desde principiantes hasta los m\u00e1s experimentados. Nuestros art\u00edculos promocionales se han empaquetado para ofrecer las mejores oportunidades para mejorar sus habilidades de buceo o simplemente disfrutar m\u00e1s de su viaje de buceo en Tenerife.{:fr}Consultez nos derni\u00e8res offres et packages promotionnels. Les meilleures combinaisons en termes de plong\u00e9e sous-marine pour tous les plongeurs, des d\u00e9butants aux plus exp\u00e9riment\u00e9s. Nos articles promotionnels ont \u00e9t\u00e9 con\u00e7us pour offrir les meilleures opportunit\u00e9s d'am\u00e9liorer vos comp\u00e9tences en plong\u00e9e ou tout simplement profiter davantage de votre voyage plong\u00e9e \u00e0 Tenerife.{:de}Schauen Sie sich unsere neuesten Werbeangebote und Pakete an. Die besten Tauchkombinationen f\u00fcr alle Taucher vom Anf\u00e4nger bis zum Fortgeschrittenen. Unsere Werbeartikel wurden verpackt, um die besten M\u00f6glichkeiten zu bieten, um Ihre Tauchf\u00e4higkeiten zu verbessern oder einfach mehr Spa\u00df an Ihrem Tauchausflug auf Teneriffa zu haben.{:cz}Pod\u00edvejte se na na\u0161e nejnov\u011bj\u0161\u00ed propaga\u010dn\u00ed nab\u00eddky a bal\u00ed\u010dky. Nejlep\u0161\u00ed kombinace pot\u00e1p\u011bn\u00ed pro v\u0161echny pot\u00e1p\u011b\u010de od za\u010d\u00e1te\u010dn\u00edk\u016f po nejzku\u0161en\u011bj\u0161\u00ed. Na\u0161e reklamn\u00ed p\u0159edm\u011bty byly zabaleny, aby nab\u00eddly ty nejlep\u0161\u00ed p\u0159\u00edle\u017eitosti ke zlep\u0161en\u00ed va\u0161ich pot\u00e1p\u011b\u010dsk\u00fdch dovednost\u00ed, nebo si u\u017eijete v\u00edce pot\u00e1p\u011b\u010dsk\u00e9ho v\u00fdletu v Tenerife.{:}\",\"breadcrumb\":{\"@id\":\"https:\/\/www.ljdivingtenerife.com\/offers\/#breadcrumb\"},\"inLanguage\":\"en-US\",\"potentialAction\":[{\"@type\":\"ReadAction\",\"target\":[\"https:\/\/www.ljdivingtenerife.com\/offers\/\"]}]},{\"@type\":\"BreadcrumbList\",\"@id\":\"https:\/\/www.ljdivingtenerife.com\/offers\/#breadcrumb\",\"itemListElement\":[{\"@type\":\"ListItem\",\"position\":1,\"name\":\"Home\",\"item\":\"https:\/\/www.ljdivingtenerife.com\/\"},{\"@type\":\"ListItem\",\"position\":2,\"name\":\"Offers\"}]},{\"@type\":\"WebSite\",\"@id\":\"https:\/\/www.ljdivingtenerife.com\/fr\/#website\",\"url\":\"https:\/\/www.ljdivingtenerife.com\/fr\/\",\"name\":\"LJ Diving Tenerife - Scuba diving centre and diving school\",\"description\":\"Scuba diving center and diving school in Tenerife. Recreational dives, try dives and certifications programs PADI and FFESSM (CMAS).\",\"potentialAction\":[{\"@type\":\"SearchAction\",\"target\":{\"@type\":\"EntryPoint\",\"urlTemplate\":\"https:\/\/www.ljdivingtenerife.com\/fr\/?s={search_term_string}\"},\"query-input\":\"required name=search_term_string\"}],\"inLanguage\":\"en-US\"}]}<\/script>\n<!-- \/ Yoast SEO plugin. -->","yoast_head_json":{"title":"LJ Diving Tenerife - Scuba diving centre and diving school -","description":"Check out our latest promotional offers and packages. The best scuba diving combinations for all divers from the beginners to the most experienced. Our promotional items have been packaged to offer the best opportunities to improved your diving skills or just enjoy more your diving trip in Tenerife.","robots":{"index":"index","follow":"follow","max-snippet":"max-snippet:-1","max-image-preview":"max-image-preview:large","max-video-preview":"max-video-preview:-1"},"canonical":"https:\/\/www.ljdivingtenerife.com\/offers\/","og_locale":"en_US","og_type":"article","og_title":"[:en] LJ Diving Tenerife - Scuba diving centre and diving school - [:]","og_description":"{:en}Check out our latest promotional offers and packages. The best scuba diving combinations for all divers from the beginners to the most experienced. Our promotional items have been packaged to offer the best opportunities to improved your diving skills or just enjoy more your diving trip in Tenerife.{:es}Consulte nuestras \u00faltimas ofertas y paquetes promocionales. Las mejores combinaciones de buceo para todos los buceadores, desde principiantes hasta los m\u00e1s experimentados. Nuestros art\u00edculos promocionales se han empaquetado para ofrecer las mejores oportunidades para mejorar sus habilidades de buceo o simplemente disfrutar m\u00e1s de su viaje de buceo en Tenerife.{:fr}Consultez nos derni\u00e8res offres et packages promotionnels. Les meilleures combinaisons en termes de plong\u00e9e sous-marine pour tous les plongeurs, des d\u00e9butants aux plus exp\u00e9riment\u00e9s. Nos articles promotionnels ont \u00e9t\u00e9 con\u00e7us pour offrir les meilleures opportunit\u00e9s d'am\u00e9liorer vos comp\u00e9tences en plong\u00e9e ou tout simplement profiter davantage de votre voyage plong\u00e9e \u00e0 Tenerife.{:de}Schauen Sie sich unsere neuesten Werbeangebote und Pakete an. Die besten Tauchkombinationen f\u00fcr alle Taucher vom Anf\u00e4nger bis zum Fortgeschrittenen. Unsere Werbeartikel wurden verpackt, um die besten M\u00f6glichkeiten zu bieten, um Ihre Tauchf\u00e4higkeiten zu verbessern oder einfach mehr Spa\u00df an Ihrem Tauchausflug auf Teneriffa zu haben.{:cz}Pod\u00edvejte se na na\u0161e nejnov\u011bj\u0161\u00ed propaga\u010dn\u00ed nab\u00eddky a bal\u00ed\u010dky. Nejlep\u0161\u00ed kombinace pot\u00e1p\u011bn\u00ed pro v\u0161echny pot\u00e1p\u011b\u010de od za\u010d\u00e1te\u010dn\u00edk\u016f po nejzku\u0161en\u011bj\u0161\u00ed. Na\u0161e reklamn\u00ed p\u0159edm\u011bty byly zabaleny, aby nab\u00eddly ty nejlep\u0161\u00ed p\u0159\u00edle\u017eitosti ke zlep\u0161en\u00ed va\u0161ich pot\u00e1p\u011b\u010dsk\u00fdch dovednost\u00ed, nebo si u\u017eijete v\u00edce pot\u00e1p\u011b\u010dsk\u00e9ho v\u00fdletu v Tenerife.{:}","og_url":"https:\/\/www.ljdivingtenerife.com\/offers\/","og_site_name":"LJ Diving Tenerife - Scuba diving centre and diving school","article_modified_time":"2025-12-09T15:51:54+00:00","twitter_card":"summary_large_image","twitter_misc":{"Est. reading time":"1 minute"},"schema":{"@context":"https:\/\/schema.org","@graph":[{"@type":"WebPage","@id":"https:\/\/www.ljdivingtenerife.com\/offers\/","url":"https:\/\/www.ljdivingtenerife.com\/offers\/","name":"[:en] LJ Diving Tenerife - Scuba diving centre and diving school - [:]","isPartOf":{"@id":"https:\/\/www.ljdivingtenerife.com\/fr\/#website"},"datePublished":"2017-12-20T12:12:18+00:00","dateModified":"2025-12-09T15:51:54+00:00","description":"{:en}Check out our latest promotional offers and packages. The best scuba diving combinations for all divers from the beginners to the most experienced. Our promotional items have been packaged to offer the best opportunities to improved your diving skills or just enjoy more your diving trip in Tenerife.{:es}Consulte nuestras \u00faltimas ofertas y paquetes promocionales. Las mejores combinaciones de buceo para todos los buceadores, desde principiantes hasta los m\u00e1s experimentados. Nuestros art\u00edculos promocionales se han empaquetado para ofrecer las mejores oportunidades para mejorar sus habilidades de buceo o simplemente disfrutar m\u00e1s de su viaje de buceo en Tenerife.{:fr}Consultez nos derni\u00e8res offres et packages promotionnels. Les meilleures combinaisons en termes de plong\u00e9e sous-marine pour tous les plongeurs, des d\u00e9butants aux plus exp\u00e9riment\u00e9s. Nos articles promotionnels ont \u00e9t\u00e9 con\u00e7us pour offrir les meilleures opportunit\u00e9s d'am\u00e9liorer vos comp\u00e9tences en plong\u00e9e ou tout simplement profiter davantage de votre voyage plong\u00e9e \u00e0 Tenerife.{:de}Schauen Sie sich unsere neuesten Werbeangebote und Pakete an. Die besten Tauchkombinationen f\u00fcr alle Taucher vom Anf\u00e4nger bis zum Fortgeschrittenen. Unsere Werbeartikel wurden verpackt, um die besten M\u00f6glichkeiten zu bieten, um Ihre Tauchf\u00e4higkeiten zu verbessern oder einfach mehr Spa\u00df an Ihrem Tauchausflug auf Teneriffa zu haben.{:cz}Pod\u00edvejte se na na\u0161e nejnov\u011bj\u0161\u00ed propaga\u010dn\u00ed nab\u00eddky a bal\u00ed\u010dky. Nejlep\u0161\u00ed kombinace pot\u00e1p\u011bn\u00ed pro v\u0161echny pot\u00e1p\u011b\u010de od za\u010d\u00e1te\u010dn\u00edk\u016f po nejzku\u0161en\u011bj\u0161\u00ed. Na\u0161e reklamn\u00ed p\u0159edm\u011bty byly zabaleny, aby nab\u00eddly ty nejlep\u0161\u00ed p\u0159\u00edle\u017eitosti ke zlep\u0161en\u00ed va\u0161ich pot\u00e1p\u011b\u010dsk\u00fdch dovednost\u00ed, nebo si u\u017eijete v\u00edce pot\u00e1p\u011b\u010dsk\u00e9ho v\u00fdletu v Tenerife.{:}","breadcrumb":{"@id":"https:\/\/www.ljdivingtenerife.com\/offers\/#breadcrumb"},"inLanguage":"en-US","potentialAction":[{"@type":"ReadAction","target":["https:\/\/www.ljdivingtenerife.com\/offers\/"]}]},{"@type":"BreadcrumbList","@id":"https:\/\/www.ljdivingtenerife.com\/offers\/#breadcrumb","itemListElement":[{"@type":"ListItem","position":1,"name":"Home","item":"https:\/\/www.ljdivingtenerife.com\/"},{"@type":"ListItem","position":2,"name":"Offers"}]},{"@type":"WebSite","@id":"https:\/\/www.ljdivingtenerife.com\/fr\/#website","url":"https:\/\/www.ljdivingtenerife.com\/fr\/","name":"LJ Diving Tenerife - Scuba diving centre and diving school","description":"Scuba diving center and diving school in Tenerife. Recreational dives, try dives and certifications programs PADI and FFESSM (CMAS).","potentialAction":[{"@type":"SearchAction","target":{"@type":"EntryPoint","urlTemplate":"https:\/\/www.ljdivingtenerife.com\/fr\/?s={search_term_string}"},"query-input":"required name=search_term_string"}],"inLanguage":"en-US"}]}},"_links":{"self":[{"href":"https:\/\/www.ljdivingtenerife.com\/en\/wp-json\/wp\/v2\/pages\/892"}],"collection":[{"href":"https:\/\/www.ljdivingtenerife.com\/en\/wp-json\/wp\/v2\/pages"}],"about":[{"href":"https:\/\/www.ljdivingtenerife.com\/en\/wp-json\/wp\/v2\/types\/page"}],"author":[{"embeddable":true,"href":"https:\/\/www.ljdivingtenerife.com\/en\/wp-json\/wp\/v2\/users\/1"}],"replies":[{"embeddable":true,"href":"https:\/\/www.ljdivingtenerife.com\/en\/wp-json\/wp\/v2\/comments?post=892"}],"version-history":[{"count":27,"href":"https:\/\/www.ljdivingtenerife.com\/en\/wp-json\/wp\/v2\/pages\/892\/revisions"}],"predecessor-version":[{"id":2605,"href":"https:\/\/www.ljdivingtenerife.com\/en\/wp-json\/wp\/v2\/pages\/892\/revisions\/2605"}],"wp:attachment":[{"href":"https:\/\/www.ljdivingtenerife.com\/en\/wp-json\/wp\/v2\/media?parent=892"}],"curies":[{"name":"wp","href":"https:\/\/api.w.org\/{rel}","templated":true}]}}