
{"id":444,"date":"2016-10-19T07:01:07","date_gmt":"2016-10-19T07:01:07","guid":{"rendered":"http:\/\/www.ljdivingtenerife.com\/\/?page_id=444"},"modified":"2026-03-20T12:09:40","modified_gmt":"2026-03-20T11:09:40","slug":"our-team","status":"publish","type":"page","link":"https:\/\/www.ljdivingtenerife.com\/en\/our-team\/","title":{"rendered":"Our Team"},"content":{"rendered":"<p>[vc_row][vc_column][vc_empty_space alter_height=&#8221;large&#8221; hide_on_mobile=&#8221;&#8221;]<div id=\"sc_title_174116585\"\n\t\tclass=\"sc_title sc_title_default\"><h3 class=\"sc_item_title sc_title_title sc_align_center sc_item_title_style_default\">Our international team<\/h3><\/div><!-- \/.sc_title -->[vc_empty_space hide_on_mobile=&#8221;&#8221;][\/vc_column][\/vc_row][vc_row][vc_column width=&#8221;2\/3&#8243;][\/vc_column][vc_column width=&#8221;1\/3&#8243;][vc_widget_sidebar sidebar_id=&#8221;sidebar_widgets&#8221;][\/vc_column][\/vc_row][vc_row][vc_column][vc_empty_space hide_on_mobile=&#8221;&#8221;][\/vc_column][\/vc_row][vc_row][vc_column width=&#8221;1\/2&#8243;][vc_single_image image=&#8221;1516&#8243; img_size=&#8221;medium&#8221; alignment=&#8221;center&#8221; onclick=&#8221;custom_link&#8221; link=&#8221; http:\/\/www.ljdivingtenerife.com\/team\/ludo\/&#8221;][\/vc_column][vc_column width=&#8221;1\/2&#8243;][vc_single_image image=&#8221;1517&#8243; img_size=&#8221;medium&#8221; alignment=&#8221;center&#8221; onclick=&#8221;custom_link&#8221; link=&#8221; http:\/\/www.ljdivingtenerife.com\/team\/julie\/&#8221;][\/vc_column][\/vc_row][vc_row][vc_column][vc_empty_space alter_height=&#8221;large&#8221; hide_on_mobile=&#8221;&#8221;][\/vc_column][\/vc_row][vc_row][vc_column width=&#8221;1\/2&#8243;]<div id=\"sc_title_1071273806\"\n\t\tclass=\"sc_title sc_title_default\"><h3 class=\"sc_item_title sc_title_title sc_align_center sc_item_title_style_title-medium-size-style\">Ludo<\/h3><div class=\"sc_item_descr sc_title_descr sc_align_center\">Instructor and Technical director<\/div><\/div><!-- \/.sc_title -->[\/vc_column][vc_column width=&#8221;1\/2&#8243;]<div id=\"sc_title_212380143\"\n\t\tclass=\"sc_title sc_title_default\"><h3 class=\"sc_item_title sc_title_title sc_align_center sc_item_title_style_title-medium-size-style\">Julie<\/h3><div class=\"sc_item_descr sc_title_descr sc_align_center\">Divemaster and Sales manager<\/div><\/div><!-- \/.sc_title -->[\/vc_column][\/vc_row][vc_row][vc_column][vc_column_text]<\/p>\n<h4 style=\"text-align: center;\">Our international team is dedicated and attached to our values and philosophy. Everybody is welcome with a smile whatever the country, the language or the diving skills. Forget the boundaries, come and dive with us to enjoy fully the beauty of Tenerife underwater world !<\/h4>\n<p>[\/vc_column_text][vc_gallery type=&#8221;image_grid&#8221; images=&#8221;2456,2419,2363,1882,1542,1046,1889,1890&#8243; onclick=&#8221;&#8221; title=&#8221;Awards&#8221;][\/vc_column][\/vc_row][vc_row][vc_column][vc_empty_space alter_height=&#8221;large&#8221; hide_on_mobile=&#8221;&#8221;][\/vc_column][\/vc_row]<\/p>","protected":false},"excerpt":{"rendered":"<p>[vc_row][vc_column][vc_empty_space alter_height=&#8221;large&#8221; hide_on_mobile=&#8221;&#8221;][vc_empty_space hide_on_mobile=&#8221;&#8221;][\/vc_column][\/vc_row][vc_row][vc_column width=&#8221;2\/3&#8243;][\/vc_column][vc_column width=&#8221;1\/3&#8243;][vc_widget_sidebar sidebar_id=&#8221;sidebar_widgets&#8221;][\/vc_column][\/vc_row][vc_row][vc_column][vc_empty_space hide_on_mobile=&#8221;&#8221;][\/vc_column][\/vc_row][vc_row][vc_column width=&#8221;1\/2&#8243;][vc_single_image image=&#8221;1516&#8243; img_size=&#8221;medium&#8221; alignment=&#8221;center&#8221; onclick=&#8221;custom_link&#8221; link=&#8221; http:\/\/www.ljdivingtenerife.com\/team\/ludo\/&#8221;][\/vc_column][vc_column width=&#8221;1\/2&#8243;][vc_single_image image=&#8221;1517&#8243; img_size=&#8221;medium&#8221; alignment=&#8221;center&#8221; onclick=&#8221;custom_link&#8221;&hellip;<\/p>\n","protected":false},"author":1,"featured_media":0,"parent":0,"menu_order":0,"comment_status":"closed","ping_status":"closed","template":"","meta":[],"yoast_head":"<!-- This site is optimized with the Yoast SEO plugin v20.1 - https:\/\/yoast.com\/wordpress\/plugins\/seo\/ -->\n<title>LJ Diving Tenerife - Scuba diving centre and diving school -<\/title>\n<meta name=\"description\" content=\"Meet the international team of our diving center and diving school in Tenerife. We are taking care of you before, during and after your dive to make you feel at home with friends. All our instructor or divemasters are skillful and experienced whatever you are looking for we are here to provide you the best service. Recreational diving or certififcation programs we are dedicated to you and never forget that the most important is you.\" \/>\n<meta name=\"robots\" content=\"index, follow, max-snippet:-1, max-image-preview:large, max-video-preview:-1\" \/>\n<link rel=\"canonical\" href=\"https:\/\/www.ljdivingtenerife.com\/our-team\/\" \/>\n<meta property=\"og:locale\" content=\"en_US\" \/>\n<meta property=\"og:type\" content=\"article\" \/>\n<meta property=\"og:title\" content=\"[:en]LJ Diving Tenerife - Scuba diving centre and diving school - [:]\" \/>\n<meta property=\"og:description\" content=\"{:en}Meet the international team of our diving center and diving school in Tenerife. We are taking care of you before, during and after your dive to make you feel at home with friends. All our instructor or divemasters are skillful and experienced whatever you are looking for we are here to provide you the best service. Recreational diving or certififcation programs we are dedicated to you and never forget that the most important is you.{:es}Conoce al equipo internacional de nuestro centro de buceo y escuela de buceo en Tenerife. Nos ocupamos de usted antes, durante y despu\u00e9s de su inmersi\u00f3n para que se sienta como en casa con amigos. Todos nuestros instructores o divemasters son h\u00e1biles y experimentados, sea lo que sea que est\u00e9 buscando, estamos aqu\u00ed para brindarle el mejor servicio. Buceo recreativo o programas de certificaci\u00f3n estamos dedicados a ti y nunca olvides que lo m\u00e1s importante eres t\u00fa.{:fr}Rencontrez l&#039;\u00e9quipe internationale de notre centre de plong\u00e9e et de notre \u00e9cole de plong\u00e9e \u00e0 Tenerife. Nous prenons soin de vous avant, pendant et apr\u00e8s votre plong\u00e9e pour que vous vous sentiez chez vous entre amis. Tous nos instructeurs ou divemasters sont comp\u00e9tents et exp\u00e9riment\u00e9s quoi que vous recherchiez, nous sommes l\u00e0 pour vous fournir le meilleur service. Plong\u00e9e d&#039;exploration ou programme de certification, nous vous sommes d\u00e9di\u00e9s et rappelez-vous que le plus important c&#039;est vous.{:de}Treffen Sie das internationale Team unseres Tauchzentrums und unserer Tauchschule auf Teneriffa. Wir k\u00fcmmern uns vor, w\u00e4hrend und nach Ihrem Tauchgang um Sie, damit Sie sich bei Freunden wie zu Hause f\u00fchlen. Alle unsere Instruktoren oder Divemaster sind kompetent und erfahren, was auch immer Sie suchen. Wir sind hier, um Ihnen den besten Service zu bieten. Sporttauch- oder Zertifizierungsprogramme, die wir Ihnen widmen und nie vergessen, dass Sie das Wichtigste sind.{:cz}Seznamte se s mezin\u00e1rodn\u00edm t\u00fdmem na\u0161eho pot\u00e1p\u011b\u010dsk\u00e9ho centra a pot\u00e1p\u011b\u010dsk\u00e9 \u0161koly v Tenerife. Postar\u00e1me se o v\u00e1s p\u0159ed, b\u011bhem a po ponoru, abyste se s p\u0159\u00e1teli c\u00edtili jako doma. V\u0161ichni na\u0161i instrukto\u0159i nebo divemast\u00e9\u0159i jsou zru\u010dn\u00ed a zku\u0161en\u00ed, a\u0165 u\u017e hled\u00e1te cokoli, jsme tady, abychom v\u00e1m poskytli ty nejlep\u0161\u00ed slu\u017eby. Rekrea\u010dn\u00ed pot\u00e1p\u011b\u010dsk\u00e9 nebo certifika\u010dn\u00ed programy, na kter\u00e9 jsme odhodl\u00e1ni, a nikdy nezapom\u00edn\u00e1me, \u017ee nejd\u016fle\u017eit\u011bj\u0161\u00ed jste vy.{:}\" \/>\n<meta property=\"og:url\" content=\"https:\/\/www.ljdivingtenerife.com\/our-team\/\" \/>\n<meta property=\"og:site_name\" content=\"LJ Diving Tenerife - Scuba diving centre and diving school\" \/>\n<meta property=\"article:modified_time\" content=\"2026-03-20T11:09:40+00:00\" \/>\n<meta name=\"twitter:card\" content=\"summary_large_image\" \/>\n<meta name=\"twitter:label1\" content=\"Est. reading time\" \/>\n\t<meta name=\"twitter:data1\" content=\"1 minute\" \/>\n<script type=\"application\/ld+json\" class=\"yoast-schema-graph\">{\"@context\":\"https:\/\/schema.org\",\"@graph\":[{\"@type\":\"WebPage\",\"@id\":\"https:\/\/www.ljdivingtenerife.com\/our-team\/\",\"url\":\"https:\/\/www.ljdivingtenerife.com\/our-team\/\",\"name\":\"[:en]LJ Diving Tenerife - Scuba diving centre and diving school - [:]\",\"isPartOf\":{\"@id\":\"https:\/\/www.ljdivingtenerife.com\/fr\/#website\"},\"datePublished\":\"2016-10-19T07:01:07+00:00\",\"dateModified\":\"2026-03-20T11:09:40+00:00\",\"description\":\"{:en}Meet the international team of our diving center and diving school in Tenerife. We are taking care of you before, during and after your dive to make you feel at home with friends. All our instructor or divemasters are skillful and experienced whatever you are looking for we are here to provide you the best service. Recreational diving or certififcation programs we are dedicated to you and never forget that the most important is you.{:es}Conoce al equipo internacional de nuestro centro de buceo y escuela de buceo en Tenerife. Nos ocupamos de usted antes, durante y despu\u00e9s de su inmersi\u00f3n para que se sienta como en casa con amigos. Todos nuestros instructores o divemasters son h\u00e1biles y experimentados, sea lo que sea que est\u00e9 buscando, estamos aqu\u00ed para brindarle el mejor servicio. Buceo recreativo o programas de certificaci\u00f3n estamos dedicados a ti y nunca olvides que lo m\u00e1s importante eres t\u00fa.{:fr}Rencontrez l'\u00e9quipe internationale de notre centre de plong\u00e9e et de notre \u00e9cole de plong\u00e9e \u00e0 Tenerife. Nous prenons soin de vous avant, pendant et apr\u00e8s votre plong\u00e9e pour que vous vous sentiez chez vous entre amis. Tous nos instructeurs ou divemasters sont comp\u00e9tents et exp\u00e9riment\u00e9s quoi que vous recherchiez, nous sommes l\u00e0 pour vous fournir le meilleur service. Plong\u00e9e d'exploration ou programme de certification, nous vous sommes d\u00e9di\u00e9s et rappelez-vous que le plus important c'est vous.{:de}Treffen Sie das internationale Team unseres Tauchzentrums und unserer Tauchschule auf Teneriffa. Wir k\u00fcmmern uns vor, w\u00e4hrend und nach Ihrem Tauchgang um Sie, damit Sie sich bei Freunden wie zu Hause f\u00fchlen. Alle unsere Instruktoren oder Divemaster sind kompetent und erfahren, was auch immer Sie suchen. Wir sind hier, um Ihnen den besten Service zu bieten. Sporttauch- oder Zertifizierungsprogramme, die wir Ihnen widmen und nie vergessen, dass Sie das Wichtigste sind.{:cz}Seznamte se s mezin\u00e1rodn\u00edm t\u00fdmem na\u0161eho pot\u00e1p\u011b\u010dsk\u00e9ho centra a pot\u00e1p\u011b\u010dsk\u00e9 \u0161koly v Tenerife. Postar\u00e1me se o v\u00e1s p\u0159ed, b\u011bhem a po ponoru, abyste se s p\u0159\u00e1teli c\u00edtili jako doma. V\u0161ichni na\u0161i instrukto\u0159i nebo divemast\u00e9\u0159i jsou zru\u010dn\u00ed a zku\u0161en\u00ed, a\u0165 u\u017e hled\u00e1te cokoli, jsme tady, abychom v\u00e1m poskytli ty nejlep\u0161\u00ed slu\u017eby. Rekrea\u010dn\u00ed pot\u00e1p\u011b\u010dsk\u00e9 nebo certifika\u010dn\u00ed programy, na kter\u00e9 jsme odhodl\u00e1ni, a nikdy nezapom\u00edn\u00e1me, \u017ee nejd\u016fle\u017eit\u011bj\u0161\u00ed jste vy.{:}\",\"breadcrumb\":{\"@id\":\"https:\/\/www.ljdivingtenerife.com\/our-team\/#breadcrumb\"},\"inLanguage\":\"en-US\",\"potentialAction\":[{\"@type\":\"ReadAction\",\"target\":[\"https:\/\/www.ljdivingtenerife.com\/our-team\/\"]}]},{\"@type\":\"BreadcrumbList\",\"@id\":\"https:\/\/www.ljdivingtenerife.com\/our-team\/#breadcrumb\",\"itemListElement\":[{\"@type\":\"ListItem\",\"position\":1,\"name\":\"Home\",\"item\":\"https:\/\/www.ljdivingtenerife.com\/\"},{\"@type\":\"ListItem\",\"position\":2,\"name\":\"Our Team\"}]},{\"@type\":\"WebSite\",\"@id\":\"https:\/\/www.ljdivingtenerife.com\/fr\/#website\",\"url\":\"https:\/\/www.ljdivingtenerife.com\/fr\/\",\"name\":\"LJ Diving Tenerife - Scuba diving centre and diving school\",\"description\":\"Scuba diving center and diving school in Tenerife. Recreational dives, try dives and certifications programs PADI and FFESSM (CMAS).\",\"potentialAction\":[{\"@type\":\"SearchAction\",\"target\":{\"@type\":\"EntryPoint\",\"urlTemplate\":\"https:\/\/www.ljdivingtenerife.com\/fr\/?s={search_term_string}\"},\"query-input\":\"required name=search_term_string\"}],\"inLanguage\":\"en-US\"}]}<\/script>\n<!-- \/ Yoast SEO plugin. -->","yoast_head_json":{"title":"LJ Diving Tenerife - Scuba diving centre and diving school -","description":"Meet the international team of our diving center and diving school in Tenerife. We are taking care of you before, during and after your dive to make you feel at home with friends. All our instructor or divemasters are skillful and experienced whatever you are looking for we are here to provide you the best service. Recreational diving or certififcation programs we are dedicated to you and never forget that the most important is you.","robots":{"index":"index","follow":"follow","max-snippet":"max-snippet:-1","max-image-preview":"max-image-preview:large","max-video-preview":"max-video-preview:-1"},"canonical":"https:\/\/www.ljdivingtenerife.com\/our-team\/","og_locale":"en_US","og_type":"article","og_title":"[:en]LJ Diving Tenerife - Scuba diving centre and diving school - [:]","og_description":"{:en}Meet the international team of our diving center and diving school in Tenerife. We are taking care of you before, during and after your dive to make you feel at home with friends. All our instructor or divemasters are skillful and experienced whatever you are looking for we are here to provide you the best service. Recreational diving or certififcation programs we are dedicated to you and never forget that the most important is you.{:es}Conoce al equipo internacional de nuestro centro de buceo y escuela de buceo en Tenerife. Nos ocupamos de usted antes, durante y despu\u00e9s de su inmersi\u00f3n para que se sienta como en casa con amigos. Todos nuestros instructores o divemasters son h\u00e1biles y experimentados, sea lo que sea que est\u00e9 buscando, estamos aqu\u00ed para brindarle el mejor servicio. Buceo recreativo o programas de certificaci\u00f3n estamos dedicados a ti y nunca olvides que lo m\u00e1s importante eres t\u00fa.{:fr}Rencontrez l'\u00e9quipe internationale de notre centre de plong\u00e9e et de notre \u00e9cole de plong\u00e9e \u00e0 Tenerife. Nous prenons soin de vous avant, pendant et apr\u00e8s votre plong\u00e9e pour que vous vous sentiez chez vous entre amis. Tous nos instructeurs ou divemasters sont comp\u00e9tents et exp\u00e9riment\u00e9s quoi que vous recherchiez, nous sommes l\u00e0 pour vous fournir le meilleur service. Plong\u00e9e d'exploration ou programme de certification, nous vous sommes d\u00e9di\u00e9s et rappelez-vous que le plus important c'est vous.{:de}Treffen Sie das internationale Team unseres Tauchzentrums und unserer Tauchschule auf Teneriffa. Wir k\u00fcmmern uns vor, w\u00e4hrend und nach Ihrem Tauchgang um Sie, damit Sie sich bei Freunden wie zu Hause f\u00fchlen. Alle unsere Instruktoren oder Divemaster sind kompetent und erfahren, was auch immer Sie suchen. Wir sind hier, um Ihnen den besten Service zu bieten. Sporttauch- oder Zertifizierungsprogramme, die wir Ihnen widmen und nie vergessen, dass Sie das Wichtigste sind.{:cz}Seznamte se s mezin\u00e1rodn\u00edm t\u00fdmem na\u0161eho pot\u00e1p\u011b\u010dsk\u00e9ho centra a pot\u00e1p\u011b\u010dsk\u00e9 \u0161koly v Tenerife. Postar\u00e1me se o v\u00e1s p\u0159ed, b\u011bhem a po ponoru, abyste se s p\u0159\u00e1teli c\u00edtili jako doma. V\u0161ichni na\u0161i instrukto\u0159i nebo divemast\u00e9\u0159i jsou zru\u010dn\u00ed a zku\u0161en\u00ed, a\u0165 u\u017e hled\u00e1te cokoli, jsme tady, abychom v\u00e1m poskytli ty nejlep\u0161\u00ed slu\u017eby. Rekrea\u010dn\u00ed pot\u00e1p\u011b\u010dsk\u00e9 nebo certifika\u010dn\u00ed programy, na kter\u00e9 jsme odhodl\u00e1ni, a nikdy nezapom\u00edn\u00e1me, \u017ee nejd\u016fle\u017eit\u011bj\u0161\u00ed jste vy.{:}","og_url":"https:\/\/www.ljdivingtenerife.com\/our-team\/","og_site_name":"LJ Diving Tenerife - Scuba diving centre and diving school","article_modified_time":"2026-03-20T11:09:40+00:00","twitter_card":"summary_large_image","twitter_misc":{"Est. reading time":"1 minute"},"schema":{"@context":"https:\/\/schema.org","@graph":[{"@type":"WebPage","@id":"https:\/\/www.ljdivingtenerife.com\/our-team\/","url":"https:\/\/www.ljdivingtenerife.com\/our-team\/","name":"[:en]LJ Diving Tenerife - Scuba diving centre and diving school - [:]","isPartOf":{"@id":"https:\/\/www.ljdivingtenerife.com\/fr\/#website"},"datePublished":"2016-10-19T07:01:07+00:00","dateModified":"2026-03-20T11:09:40+00:00","description":"{:en}Meet the international team of our diving center and diving school in Tenerife. We are taking care of you before, during and after your dive to make you feel at home with friends. All our instructor or divemasters are skillful and experienced whatever you are looking for we are here to provide you the best service. Recreational diving or certififcation programs we are dedicated to you and never forget that the most important is you.{:es}Conoce al equipo internacional de nuestro centro de buceo y escuela de buceo en Tenerife. Nos ocupamos de usted antes, durante y despu\u00e9s de su inmersi\u00f3n para que se sienta como en casa con amigos. Todos nuestros instructores o divemasters son h\u00e1biles y experimentados, sea lo que sea que est\u00e9 buscando, estamos aqu\u00ed para brindarle el mejor servicio. Buceo recreativo o programas de certificaci\u00f3n estamos dedicados a ti y nunca olvides que lo m\u00e1s importante eres t\u00fa.{:fr}Rencontrez l'\u00e9quipe internationale de notre centre de plong\u00e9e et de notre \u00e9cole de plong\u00e9e \u00e0 Tenerife. Nous prenons soin de vous avant, pendant et apr\u00e8s votre plong\u00e9e pour que vous vous sentiez chez vous entre amis. Tous nos instructeurs ou divemasters sont comp\u00e9tents et exp\u00e9riment\u00e9s quoi que vous recherchiez, nous sommes l\u00e0 pour vous fournir le meilleur service. Plong\u00e9e d'exploration ou programme de certification, nous vous sommes d\u00e9di\u00e9s et rappelez-vous que le plus important c'est vous.{:de}Treffen Sie das internationale Team unseres Tauchzentrums und unserer Tauchschule auf Teneriffa. Wir k\u00fcmmern uns vor, w\u00e4hrend und nach Ihrem Tauchgang um Sie, damit Sie sich bei Freunden wie zu Hause f\u00fchlen. Alle unsere Instruktoren oder Divemaster sind kompetent und erfahren, was auch immer Sie suchen. Wir sind hier, um Ihnen den besten Service zu bieten. Sporttauch- oder Zertifizierungsprogramme, die wir Ihnen widmen und nie vergessen, dass Sie das Wichtigste sind.{:cz}Seznamte se s mezin\u00e1rodn\u00edm t\u00fdmem na\u0161eho pot\u00e1p\u011b\u010dsk\u00e9ho centra a pot\u00e1p\u011b\u010dsk\u00e9 \u0161koly v Tenerife. Postar\u00e1me se o v\u00e1s p\u0159ed, b\u011bhem a po ponoru, abyste se s p\u0159\u00e1teli c\u00edtili jako doma. V\u0161ichni na\u0161i instrukto\u0159i nebo divemast\u00e9\u0159i jsou zru\u010dn\u00ed a zku\u0161en\u00ed, a\u0165 u\u017e hled\u00e1te cokoli, jsme tady, abychom v\u00e1m poskytli ty nejlep\u0161\u00ed slu\u017eby. Rekrea\u010dn\u00ed pot\u00e1p\u011b\u010dsk\u00e9 nebo certifika\u010dn\u00ed programy, na kter\u00e9 jsme odhodl\u00e1ni, a nikdy nezapom\u00edn\u00e1me, \u017ee nejd\u016fle\u017eit\u011bj\u0161\u00ed jste vy.{:}","breadcrumb":{"@id":"https:\/\/www.ljdivingtenerife.com\/our-team\/#breadcrumb"},"inLanguage":"en-US","potentialAction":[{"@type":"ReadAction","target":["https:\/\/www.ljdivingtenerife.com\/our-team\/"]}]},{"@type":"BreadcrumbList","@id":"https:\/\/www.ljdivingtenerife.com\/our-team\/#breadcrumb","itemListElement":[{"@type":"ListItem","position":1,"name":"Home","item":"https:\/\/www.ljdivingtenerife.com\/"},{"@type":"ListItem","position":2,"name":"Our Team"}]},{"@type":"WebSite","@id":"https:\/\/www.ljdivingtenerife.com\/fr\/#website","url":"https:\/\/www.ljdivingtenerife.com\/fr\/","name":"LJ Diving Tenerife - Scuba diving centre and diving school","description":"Scuba diving center and diving school in Tenerife. Recreational dives, try dives and certifications programs PADI and FFESSM (CMAS).","potentialAction":[{"@type":"SearchAction","target":{"@type":"EntryPoint","urlTemplate":"https:\/\/www.ljdivingtenerife.com\/fr\/?s={search_term_string}"},"query-input":"required name=search_term_string"}],"inLanguage":"en-US"}]}},"_links":{"self":[{"href":"https:\/\/www.ljdivingtenerife.com\/en\/wp-json\/wp\/v2\/pages\/444"}],"collection":[{"href":"https:\/\/www.ljdivingtenerife.com\/en\/wp-json\/wp\/v2\/pages"}],"about":[{"href":"https:\/\/www.ljdivingtenerife.com\/en\/wp-json\/wp\/v2\/types\/page"}],"author":[{"embeddable":true,"href":"https:\/\/www.ljdivingtenerife.com\/en\/wp-json\/wp\/v2\/users\/1"}],"replies":[{"embeddable":true,"href":"https:\/\/www.ljdivingtenerife.com\/en\/wp-json\/wp\/v2\/comments?post=444"}],"version-history":[{"count":10,"href":"https:\/\/www.ljdivingtenerife.com\/en\/wp-json\/wp\/v2\/pages\/444\/revisions"}],"predecessor-version":[{"id":2623,"href":"https:\/\/www.ljdivingtenerife.com\/en\/wp-json\/wp\/v2\/pages\/444\/revisions\/2623"}],"wp:attachment":[{"href":"https:\/\/www.ljdivingtenerife.com\/en\/wp-json\/wp\/v2\/media?parent=444"}],"curies":[{"name":"wp","href":"https:\/\/api.w.org\/{rel}","templated":true}]}}