
{"id":345,"date":"2016-10-17T13:44:47","date_gmt":"2016-10-17T13:44:47","guid":{"rendered":"http:\/\/www.ljdivingtenerife.com\/\/?page_id=345"},"modified":"2020-04-27T13:01:15","modified_gmt":"2020-04-27T12:01:15","slug":"diving-center","status":"publish","type":"page","link":"https:\/\/www.ljdivingtenerife.com\/en\/diving-center\/","title":{"rendered":"OUR DIVING CENTER AND DIVING SCHOOL"},"content":{"rendered":"<p>[vc_row full_width=&#8221;stretch_row&#8221; css=&#8221;.vc_custom_1476885050757{padding-top: 6em !important;padding-bottom: 6.9em !important;}&#8221;][vc_column width=&#8221;5\/6&#8243; css=&#8221;.vc_custom_1476879863491{padding-top: 0.7em !important;padding-left: 6.3em !important;}&#8221;][vc_empty_space height=&#8221;40px&#8221; hide_on_mobile=&#8221;&#8221;]<div id=\"sc_title_1565200133\"\n\t\tclass=\"sc_title sc_title_default\"><h3 class=\"sc_item_title sc_title_title sc_align_center sc_item_title_style_default\">Our Diving Center<\/h3><div class=\"sc_item_descr sc_title_descr sc_align_center\"><p style=\"text-align: center;\">Our diving center is like our second home.<\/p>\n<p style=\"text-align: center;\">It's very welcoming and you can to make your dives enjoyable without any stress or hurry.<\/p>\n<p style=\"text-align: center;\">A 140m2 space is offering the best service in total serenity !<\/p><\/div><\/div><!-- \/.sc_title -->[vc_single_image image=&#8221;1810&#8243; img_size=&#8221;full&#8221; alignment=&#8221;center&#8221; style=&#8221;vc_box_shadow_3d&#8221;][vc_empty_space height=&#8221;60px&#8221; alter_height=&#8221;medium&#8221; hide_on_mobile=&#8221;&#8221;][vc_column_text]Our diving center has been designed to make you feel relaxed and happy. All spaces are optimized to guarantee the best level of service while remaining highly functional.<\/p>\n<p>[\/vc_column_text][vc_empty_space height=&#8221;60px&#8221; hide_on_mobile=&#8221;&#8221;][vc_column_text]<strong>The \u201csocial\u201d area<\/strong> offers a great space for your \u201cwelfare.\u201d You can enjoy your hot drink or soft drink in a calm and bright atmosphere. Sit in a comfortable chair or sofa and share your experiences with other divers or with members your family.<\/p>\n<p>[\/vc_column_text][vc_gallery type=&#8221;image_grid&#8221; images=&#8221;1811,1812,1813,1815&#8243; img_size=&#8221;medium&#8221;][vc_empty_space height=&#8221;60px&#8221; alter_height=&#8221;medium&#8221; hide_on_mobile=&#8221;&#8221;][vc_column_text]<strong>The \u201cdiving\u201d area<\/strong> is reserved for divers and contains a special facility for rinsing and drying equipment. You will always have a dry and clean suit to enjoy your dive. Dedicated places are reserved for you to store your belongings dry and safely.<\/p>\n<p>[\/vc_column_text][vc_gallery type=&#8221;image_grid&#8221; images=&#8221;1814,1816,1817,1819&#8243; img_size=&#8221;medium&#8221;][vc_empty_space height=&#8221;60px&#8221; alter_height=&#8221;medium&#8221; hide_on_mobile=&#8221;&#8221;][vc_column_text]<strong>The \u201cprivate\u201d area<\/strong> has been created for providing you a simple but comfortable accommodation (2 people maxi). That way you save your budget and enjoy more diving with us during your stay in Tenerife.<\/p>\n<p>[\/vc_column_text][vc_single_image image=&#8221;1820&#8243; img_size=&#8221;full&#8221; alignment=&#8221;center&#8221; style=&#8221;vc_box_shadow_3d&#8221;][vc_empty_space height=&#8221;60px&#8221; alter_height=&#8221;medium&#8221; hide_on_mobile=&#8221;&#8221;][vc_column_text]<\/p>\n<div align=\"center\">\n<h3>Ready for the perfect diving day ?<\/h3>\n<\/div>\n<p>[\/vc_column_text][vc_gallery type=&#8221;image_grid&#8221; images=&#8221;1728,1801&#8243; img_size=&#8221;medium&#8221; onclick=&#8221;&#8221;][\/vc_column][vc_column width=&#8221;1\/6&#8243;][vc_widget_sidebar sidebar_id=&#8221;sidebar_widgets&#8221;][\/vc_column][\/vc_row]<\/p>","protected":false},"excerpt":{"rendered":"<p>[vc_row full_width=&#8221;stretch_row&#8221; css=&#8221;.vc_custom_1476885050757{padding-top: 6em !important;padding-bottom: 6.9em !important;}&#8221;][vc_column width=&#8221;5\/6&#8243; css=&#8221;.vc_custom_1476879863491{padding-top: 0.7em !important;padding-left: 6.3em !important;}&#8221;][vc_empty_space height=&#8221;40px&#8221; hide_on_mobile=&#8221;&#8221;][vc_single_image image=&#8221;1810&#8243; img_size=&#8221;full&#8221; alignment=&#8221;center&#8221; style=&#8221;vc_box_shadow_3d&#8221;][vc_empty_space height=&#8221;60px&#8221;&hellip;<\/p>\n","protected":false},"author":1,"featured_media":0,"parent":0,"menu_order":0,"comment_status":"closed","ping_status":"closed","template":"","meta":[],"yoast_head":"<!-- This site is optimized with the Yoast SEO plugin v20.1 - https:\/\/yoast.com\/wordpress\/plugins\/seo\/ -->\n<title>Notre centre de plong\u00e9e<\/title>\n<meta name=\"description\" content=\"D\u00e9couvrez notre incroyable centre de plong\u00e9e. Espace et confort pour profiter pleinement de vos s\u00e9ances de plong\u00e9e sous-marine. Prenez votre temps et d\u00e9tendez-vous avant et apr\u00e8s vos plong\u00e9es \u00e0 c\u00f4t\u00e9 du bar ou dans l&#039;espace plus cosy o\u00f9 les canap\u00e9s vous attendent. Prenez un verre en partageant votre derni\u00e8re exp\u00e9rience de plong\u00e9e avec les autres plongeurs. Vous avez besoin d&#039;un \u00e9quipement? Demandez-nous car nous pourrions trouver le meilleur pour vous dans notre boutique de plong\u00e9e SCUBAPRO.\" \/>\n<meta name=\"robots\" content=\"index, follow, max-snippet:-1, max-image-preview:large, max-video-preview:-1\" \/>\n<link rel=\"canonical\" href=\"https:\/\/www.ljdivingtenerife.com\/fr\/diving-center\/\" \/>\n<meta property=\"og:locale\" content=\"en_US\" \/>\n<meta property=\"og:type\" content=\"article\" \/>\n<meta property=\"og:title\" content=\"Notre centre de plong\u00e9e\" \/>\n<meta property=\"og:description\" content=\"D\u00e9couvrez notre incroyable centre de plong\u00e9e. Espace et confort pour profiter pleinement de vos s\u00e9ances de plong\u00e9e sous-marine. Prenez votre temps et d\u00e9tendez-vous avant et apr\u00e8s vos plong\u00e9es \u00e0 c\u00f4t\u00e9 du bar ou dans l&#039;espace plus cosy o\u00f9 les canap\u00e9s vous attendent. Prenez un verre en partageant votre derni\u00e8re exp\u00e9rience de plong\u00e9e avec les autres plongeurs. Vous avez besoin d&#039;un \u00e9quipement? Demandez-nous car nous pourrions trouver le meilleur pour vous dans notre boutique de plong\u00e9e SCUBAPRO.\" \/>\n<meta property=\"og:url\" content=\"https:\/\/www.ljdivingtenerife.com\/fr\/diving-center\/\" \/>\n<meta property=\"og:site_name\" content=\"LJ Diving Tenerife - Scuba diving centre and diving school\" \/>\n<meta property=\"article:modified_time\" content=\"2020-04-27T12:01:15+00:00\" \/>\n<meta name=\"twitter:card\" content=\"summary_large_image\" \/>\n<meta name=\"twitter:label1\" content=\"Est. reading time\" \/>\n\t<meta name=\"twitter:data1\" content=\"10 minutes\" \/>\n<script type=\"application\/ld+json\" class=\"yoast-schema-graph\">{\"@context\":\"https:\/\/schema.org\",\"@graph\":[{\"@type\":\"WebPage\",\"@id\":\"https:\/\/www.ljdivingtenerife.com\/fr\/diving-center\/\",\"url\":\"https:\/\/www.ljdivingtenerife.com\/fr\/diving-center\/\",\"name\":\"Notre centre de plong\u00e9e\",\"isPartOf\":{\"@id\":\"https:\/\/www.ljdivingtenerife.com\/fr\/#website\"},\"datePublished\":\"2016-10-17T13:44:47+00:00\",\"dateModified\":\"2020-04-27T12:01:15+00:00\",\"description\":\"D\u00e9couvrez notre incroyable centre de plong\u00e9e. Espace et confort pour profiter pleinement de vos s\u00e9ances de plong\u00e9e sous-marine. Prenez votre temps et d\u00e9tendez-vous avant et apr\u00e8s vos plong\u00e9es \u00e0 c\u00f4t\u00e9 du bar ou dans l'espace plus cosy o\u00f9 les canap\u00e9s vous attendent. Prenez un verre en partageant votre derni\u00e8re exp\u00e9rience de plong\u00e9e avec les autres plongeurs. Vous avez besoin d'un \u00e9quipement? Demandez-nous car nous pourrions trouver le meilleur pour vous dans notre boutique de plong\u00e9e SCUBAPRO.\",\"breadcrumb\":{\"@id\":\"https:\/\/www.ljdivingtenerife.com\/fr\/diving-center\/#breadcrumb\"},\"inLanguage\":\"en-US\",\"potentialAction\":[{\"@type\":\"ReadAction\",\"target\":[\"https:\/\/www.ljdivingtenerife.com\/fr\/diving-center\/\"]}]},{\"@type\":\"BreadcrumbList\",\"@id\":\"https:\/\/www.ljdivingtenerife.com\/fr\/diving-center\/#breadcrumb\",\"itemListElement\":[{\"@type\":\"ListItem\",\"position\":1,\"name\":\"Home\",\"item\":\"https:\/\/www.ljdivingtenerife.com\/\"},{\"@type\":\"ListItem\",\"position\":2,\"name\":\"NOTRE CENTRE ET ECOLE DE PLONGEE\"}]},{\"@type\":\"WebSite\",\"@id\":\"https:\/\/www.ljdivingtenerife.com\/fr\/#website\",\"url\":\"https:\/\/www.ljdivingtenerife.com\/fr\/\",\"name\":\"LJ Diving Tenerife - Scuba diving centre and diving school\",\"description\":\"Scuba diving center and diving school in Tenerife. Recreational dives, try dives and certifications programs PADI and FFESSM (CMAS).\",\"potentialAction\":[{\"@type\":\"SearchAction\",\"target\":{\"@type\":\"EntryPoint\",\"urlTemplate\":\"https:\/\/www.ljdivingtenerife.com\/fr\/?s={search_term_string}\"},\"query-input\":\"required name=search_term_string\"}],\"inLanguage\":\"en-US\"}]}<\/script>\n<!-- \/ Yoast SEO plugin. -->","yoast_head_json":{"title":"Notre centre de plong\u00e9e","description":"D\u00e9couvrez notre incroyable centre de plong\u00e9e. Espace et confort pour profiter pleinement de vos s\u00e9ances de plong\u00e9e sous-marine. Prenez votre temps et d\u00e9tendez-vous avant et apr\u00e8s vos plong\u00e9es \u00e0 c\u00f4t\u00e9 du bar ou dans l'espace plus cosy o\u00f9 les canap\u00e9s vous attendent. Prenez un verre en partageant votre derni\u00e8re exp\u00e9rience de plong\u00e9e avec les autres plongeurs. Vous avez besoin d'un \u00e9quipement? Demandez-nous car nous pourrions trouver le meilleur pour vous dans notre boutique de plong\u00e9e SCUBAPRO.","robots":{"index":"index","follow":"follow","max-snippet":"max-snippet:-1","max-image-preview":"max-image-preview:large","max-video-preview":"max-video-preview:-1"},"canonical":"https:\/\/www.ljdivingtenerife.com\/fr\/diving-center\/","og_locale":"en_US","og_type":"article","og_title":"Notre centre de plong\u00e9e","og_description":"D\u00e9couvrez notre incroyable centre de plong\u00e9e. Espace et confort pour profiter pleinement de vos s\u00e9ances de plong\u00e9e sous-marine. Prenez votre temps et d\u00e9tendez-vous avant et apr\u00e8s vos plong\u00e9es \u00e0 c\u00f4t\u00e9 du bar ou dans l'espace plus cosy o\u00f9 les canap\u00e9s vous attendent. Prenez un verre en partageant votre derni\u00e8re exp\u00e9rience de plong\u00e9e avec les autres plongeurs. Vous avez besoin d'un \u00e9quipement? Demandez-nous car nous pourrions trouver le meilleur pour vous dans notre boutique de plong\u00e9e SCUBAPRO.","og_url":"https:\/\/www.ljdivingtenerife.com\/fr\/diving-center\/","og_site_name":"LJ Diving Tenerife - Scuba diving centre and diving school","article_modified_time":"2020-04-27T12:01:15+00:00","twitter_card":"summary_large_image","twitter_misc":{"Est. reading time":"10 minutes"},"schema":{"@context":"https:\/\/schema.org","@graph":[{"@type":"WebPage","@id":"https:\/\/www.ljdivingtenerife.com\/fr\/diving-center\/","url":"https:\/\/www.ljdivingtenerife.com\/fr\/diving-center\/","name":"Notre centre de plong\u00e9e","isPartOf":{"@id":"https:\/\/www.ljdivingtenerife.com\/fr\/#website"},"datePublished":"2016-10-17T13:44:47+00:00","dateModified":"2020-04-27T12:01:15+00:00","description":"D\u00e9couvrez notre incroyable centre de plong\u00e9e. Espace et confort pour profiter pleinement de vos s\u00e9ances de plong\u00e9e sous-marine. Prenez votre temps et d\u00e9tendez-vous avant et apr\u00e8s vos plong\u00e9es \u00e0 c\u00f4t\u00e9 du bar ou dans l'espace plus cosy o\u00f9 les canap\u00e9s vous attendent. Prenez un verre en partageant votre derni\u00e8re exp\u00e9rience de plong\u00e9e avec les autres plongeurs. Vous avez besoin d'un \u00e9quipement? Demandez-nous car nous pourrions trouver le meilleur pour vous dans notre boutique de plong\u00e9e SCUBAPRO.","breadcrumb":{"@id":"https:\/\/www.ljdivingtenerife.com\/fr\/diving-center\/#breadcrumb"},"inLanguage":"en-US","potentialAction":[{"@type":"ReadAction","target":["https:\/\/www.ljdivingtenerife.com\/fr\/diving-center\/"]}]},{"@type":"BreadcrumbList","@id":"https:\/\/www.ljdivingtenerife.com\/fr\/diving-center\/#breadcrumb","itemListElement":[{"@type":"ListItem","position":1,"name":"Home","item":"https:\/\/www.ljdivingtenerife.com\/"},{"@type":"ListItem","position":2,"name":"NOTRE CENTRE ET ECOLE DE PLONGEE"}]},{"@type":"WebSite","@id":"https:\/\/www.ljdivingtenerife.com\/fr\/#website","url":"https:\/\/www.ljdivingtenerife.com\/fr\/","name":"LJ Diving Tenerife - Scuba diving centre and diving school","description":"Scuba diving center and diving school in Tenerife. Recreational dives, try dives and certifications programs PADI and FFESSM (CMAS).","potentialAction":[{"@type":"SearchAction","target":{"@type":"EntryPoint","urlTemplate":"https:\/\/www.ljdivingtenerife.com\/fr\/?s={search_term_string}"},"query-input":"required name=search_term_string"}],"inLanguage":"en-US"}]}},"_links":{"self":[{"href":"https:\/\/www.ljdivingtenerife.com\/en\/wp-json\/wp\/v2\/pages\/345"}],"collection":[{"href":"https:\/\/www.ljdivingtenerife.com\/en\/wp-json\/wp\/v2\/pages"}],"about":[{"href":"https:\/\/www.ljdivingtenerife.com\/en\/wp-json\/wp\/v2\/types\/page"}],"author":[{"embeddable":true,"href":"https:\/\/www.ljdivingtenerife.com\/en\/wp-json\/wp\/v2\/users\/1"}],"replies":[{"embeddable":true,"href":"https:\/\/www.ljdivingtenerife.com\/en\/wp-json\/wp\/v2\/comments?post=345"}],"version-history":[{"count":2,"href":"https:\/\/www.ljdivingtenerife.com\/en\/wp-json\/wp\/v2\/pages\/345\/revisions"}],"predecessor-version":[{"id":2189,"href":"https:\/\/www.ljdivingtenerife.com\/en\/wp-json\/wp\/v2\/pages\/345\/revisions\/2189"}],"wp:attachment":[{"href":"https:\/\/www.ljdivingtenerife.com\/en\/wp-json\/wp\/v2\/media?parent=345"}],"curies":[{"name":"wp","href":"https:\/\/api.w.org\/{rel}","templated":true}]}}