
{"id":345,"date":"2016-10-17T13:44:47","date_gmt":"2016-10-17T13:44:47","guid":{"rendered":"http:\/\/www.ljdivingtenerife.com\/\/?page_id=345"},"modified":"2020-04-27T13:01:15","modified_gmt":"2020-04-27T12:01:15","slug":"diving-center","status":"publish","type":"page","link":"https:\/\/www.ljdivingtenerife.com\/de\/diving-center\/","title":{"rendered":"UNSER TAUCHZENTRUM UND TAUCHSCHULE"},"content":{"rendered":"<p>[vc_row full_width=&#8220;stretch_row&#8220; css=&#8220;.vc_custom_1476885050757{padding-top: 6em !important;padding-bottom: 6.9em !important;}&#8220;][vc_column width=&#8220;5\/6&#8243; css=&#8220;.vc_custom_1476879863491{padding-top: 0.7em !important;padding-left: 6.3em !important;}&#8220;][vc_empty_space height=&#8220;40px&#8220; hide_on_mobile=&#8220;&#8220;]<div id=\"sc_title_539404938\"\n\t\tclass=\"sc_title sc_title_default\"><h3 class=\"sc_item_title sc_title_title sc_align_center sc_item_title_style_default\">Unser Tauchzentrum<\/h3><div class=\"sc_item_descr sc_title_descr sc_align_center\"><p style=\"text-align: center;\">Unser Tauchzentrum ist wie unser zweites Zuhause.<\/p>\n<p style=\"text-align: center;\">Vorbereitung und Ruhe in einer sehr angenehmen Umgebung schaffen die richtige Atmosph\u00e4re, um ohne Stress oder Eile zu tauchen.<\/p>\n<p style=\"text-align: center;\">Eine Fl\u00e4che von 140m2 bietet den besten Service und Komfort!<\/p><\/div><\/div><!-- \/.sc_title -->[vc_single_image image=&#8220;1810&#8243; img_size=&#8220;full&#8220; alignment=&#8220;center&#8220; style=&#8220;vc_box_shadow_3d&#8220;][vc_empty_space height=&#8220;60px&#8220; alter_height=&#8220;medium&#8220; hide_on_mobile=&#8220;&#8220;][vc_column_text]Unser Tauchzentrum wurde so gestaltet, dass alle sich entspannt und gl\u00fccklich f\u00fchlen.<\/p>\n<p>Alle R\u00e4ume sind so optimiert, dass sie den bestm\u00f6glichen Service bieten und gleichzeitig hochfunktional bleiben.<\/p>\n<p>[\/vc_column_text][vc_column_text]<\/p>\n<p><strong>Der &#8222;Soziale&#8220; Bereich<\/strong> bietet viel Platz f\u00fcr sich &#8222;Wohlbefinden&#8220;. Du kannst dein hei\u00dfes Getr\u00e4nk oder Soda in einer ruhigen und hellen Atmosph\u00e4re genie\u00dfen. Setze dich in einen bequemen Sessel oder Sofa und teile deine Erfahrungen mit anderen Tauchern oder mit Familienmitgliedern.<\/p>\n<p>[\/vc_column_text][vc_gallery type=&#8220;image_grid&#8220; images=&#8220;1811,1812,1813,1815&#8243; img_size=&#8220;medium&#8220;][vc_empty_space height=&#8220;60px&#8220; alter_height=&#8220;medium&#8220; hide_on_mobile=&#8220;&#8220;][vc_column_text]<\/p>\n<p><strong>Der &#8222;Tauchen&#8220; Bereich<\/strong> ist f\u00fcr Taucher reserviert und enth\u00e4lt eine spezielle Installation zum Sp\u00fclen und Trocknen der Ausr\u00fcstung. Man wird immer einen trockenen und sauberen Anzug haben, um den Tauchgang zu genie\u00dfen. Es gibt einen besonderen Ort, an dem Sie Ihre Sachen trocken und sicher aufbewahren und auch abschlie\u00dfen k\u00f6nnen.<\/p>\n<p>[\/vc_column_text][vc_gallery type=&#8220;image_grid&#8220; images=&#8220;1814,1816,1817,1819&#8243; img_size=&#8220;medium&#8220;][vc_empty_space height=&#8220;60px&#8220; alter_height=&#8220;medium&#8220; hide_on_mobile=&#8220;&#8220;][vc_column_text]<\/p>\n<p><strong>Der &#8222;Private&#8220; Bereich<\/strong> bietet Ihnen eine einfache und komfortable Unterkunft (maximal 2 Personen), um Ihr Budget zu reduzieren und Ihre Tauchg\u00e4nge auf Teneriffa noch besser mit uns zu genie\u00dfen.<\/p>\n<p>[\/vc_column_text][vc_single_image image=&#8220;1820&#8243; img_size=&#8220;full&#8220; alignment=&#8220;center&#8220;][vc_empty_space height=&#8220;60px&#8220; alter_height=&#8220;medium&#8220; hide_on_mobile=&#8220;&#8220;][vc_column_text]<\/p>\n<div align=\"center\">\n<h4>Bist du bereitet f\u00fcr einen perfekten tauchtag ?<\/h4>\n<\/div>\n<p>[\/vc_column_text][vc_gallery type=&#8220;image_grid&#8220; images=&#8220;1728,1801&#8243; img_size=&#8220;medium&#8220; onclick=&#8220;&#8220;][\/vc_column][vc_column width=&#8220;1\/6&#8243;][vc_widget_sidebar sidebar_id=&#8220;sidebar_widgets&#8220;][\/vc_column][\/vc_row]<\/p>","protected":false},"excerpt":{"rendered":"<p>[vc_row full_width=&#8220;stretch_row&#8220; css=&#8220;.vc_custom_1476885050757{padding-top: 6em !important;padding-bottom: 6.9em !important;}&#8220;][vc_column width=&#8220;5\/6&#8243; css=&#8220;.vc_custom_1476879863491{padding-top: 0.7em !important;padding-left: 6.3em !important;}&#8220;][vc_empty_space height=&#8220;40px&#8220; hide_on_mobile=&#8220;&#8220;][vc_single_image image=&#8220;1810&#8243; img_size=&#8220;full&#8220; alignment=&#8220;center&#8220; style=&#8220;vc_box_shadow_3d&#8220;][vc_empty_space height=&#8220;60px&#8220;&hellip;<\/p>\n","protected":false},"author":1,"featured_media":0,"parent":0,"menu_order":0,"comment_status":"closed","ping_status":"closed","template":"","meta":[],"yoast_head":"<!-- This site is optimized with the Yoast SEO plugin v20.1 - https:\/\/yoast.com\/wordpress\/plugins\/seo\/ -->\n<title>Notre centre de plong\u00e9e<\/title>\n<meta name=\"description\" content=\"D\u00e9couvrez notre incroyable centre de plong\u00e9e. Espace et confort pour profiter pleinement de vos s\u00e9ances de plong\u00e9e sous-marine. Prenez votre temps et d\u00e9tendez-vous avant et apr\u00e8s vos plong\u00e9es \u00e0 c\u00f4t\u00e9 du bar ou dans l&#039;espace plus cosy o\u00f9 les canap\u00e9s vous attendent. Prenez un verre en partageant votre derni\u00e8re exp\u00e9rience de plong\u00e9e avec les autres plongeurs. Vous avez besoin d&#039;un \u00e9quipement? Demandez-nous car nous pourrions trouver le meilleur pour vous dans notre boutique de plong\u00e9e SCUBAPRO.\" \/>\n<meta name=\"robots\" content=\"index, follow, max-snippet:-1, max-image-preview:large, max-video-preview:-1\" \/>\n<link rel=\"canonical\" href=\"https:\/\/www.ljdivingtenerife.com\/fr\/diving-center\/\" \/>\n<meta property=\"og:locale\" content=\"de_DE\" \/>\n<meta property=\"og:type\" content=\"article\" \/>\n<meta property=\"og:title\" content=\"Notre centre de plong\u00e9e\" \/>\n<meta property=\"og:description\" content=\"D\u00e9couvrez notre incroyable centre de plong\u00e9e. Espace et confort pour profiter pleinement de vos s\u00e9ances de plong\u00e9e sous-marine. Prenez votre temps et d\u00e9tendez-vous avant et apr\u00e8s vos plong\u00e9es \u00e0 c\u00f4t\u00e9 du bar ou dans l&#039;espace plus cosy o\u00f9 les canap\u00e9s vous attendent. Prenez un verre en partageant votre derni\u00e8re exp\u00e9rience de plong\u00e9e avec les autres plongeurs. Vous avez besoin d&#039;un \u00e9quipement? Demandez-nous car nous pourrions trouver le meilleur pour vous dans notre boutique de plong\u00e9e SCUBAPRO.\" \/>\n<meta property=\"og:url\" content=\"https:\/\/www.ljdivingtenerife.com\/fr\/diving-center\/\" \/>\n<meta property=\"og:site_name\" content=\"LJ Diving Tenerife - Tauchzentrum und Tauchschule\" \/>\n<meta property=\"article:modified_time\" content=\"2020-04-27T12:01:15+00:00\" \/>\n<meta name=\"twitter:card\" content=\"summary_large_image\" \/>\n<meta name=\"twitter:label1\" content=\"Gesch\u00e4tzte Lesezeit\" \/>\n\t<meta name=\"twitter:data1\" content=\"10\u00a0Minuten\" \/>\n<script type=\"application\/ld+json\" class=\"yoast-schema-graph\">{\"@context\":\"https:\/\/schema.org\",\"@graph\":[{\"@type\":\"WebPage\",\"@id\":\"https:\/\/www.ljdivingtenerife.com\/fr\/diving-center\/\",\"url\":\"https:\/\/www.ljdivingtenerife.com\/fr\/diving-center\/\",\"name\":\"Notre centre de plong\u00e9e\",\"isPartOf\":{\"@id\":\"https:\/\/www.ljdivingtenerife.com\/fr\/#website\"},\"datePublished\":\"2016-10-17T13:44:47+00:00\",\"dateModified\":\"2020-04-27T12:01:15+00:00\",\"description\":\"D\u00e9couvrez notre incroyable centre de plong\u00e9e. Espace et confort pour profiter pleinement de vos s\u00e9ances de plong\u00e9e sous-marine. Prenez votre temps et d\u00e9tendez-vous avant et apr\u00e8s vos plong\u00e9es \u00e0 c\u00f4t\u00e9 du bar ou dans l'espace plus cosy o\u00f9 les canap\u00e9s vous attendent. Prenez un verre en partageant votre derni\u00e8re exp\u00e9rience de plong\u00e9e avec les autres plongeurs. Vous avez besoin d'un \u00e9quipement? Demandez-nous car nous pourrions trouver le meilleur pour vous dans notre boutique de plong\u00e9e SCUBAPRO.\",\"breadcrumb\":{\"@id\":\"https:\/\/www.ljdivingtenerife.com\/fr\/diving-center\/#breadcrumb\"},\"inLanguage\":\"de\",\"potentialAction\":[{\"@type\":\"ReadAction\",\"target\":[\"https:\/\/www.ljdivingtenerife.com\/fr\/diving-center\/\"]}]},{\"@type\":\"BreadcrumbList\",\"@id\":\"https:\/\/www.ljdivingtenerife.com\/fr\/diving-center\/#breadcrumb\",\"itemListElement\":[{\"@type\":\"ListItem\",\"position\":1,\"name\":\"Home\",\"item\":\"https:\/\/www.ljdivingtenerife.com\/\"},{\"@type\":\"ListItem\",\"position\":2,\"name\":\"NOTRE CENTRE ET ECOLE DE PLONGEE\"}]},{\"@type\":\"WebSite\",\"@id\":\"https:\/\/www.ljdivingtenerife.com\/fr\/#website\",\"url\":\"https:\/\/www.ljdivingtenerife.com\/fr\/\",\"name\":\"LJ Diving Tenerife - Tauchzentrum und Tauchschule\",\"description\":\"Tauchzentrum und Tauchschule auf Teneriffa. Freizeittauchg\u00e4nge, Probentauchg\u00e4nge und Zertifizierungsprogramme PADI und FFESSM (CMAS).\",\"potentialAction\":[{\"@type\":\"SearchAction\",\"target\":{\"@type\":\"EntryPoint\",\"urlTemplate\":\"https:\/\/www.ljdivingtenerife.com\/fr\/?s={search_term_string}\"},\"query-input\":\"required name=search_term_string\"}],\"inLanguage\":\"de\"}]}<\/script>\n<!-- \/ Yoast SEO plugin. -->","yoast_head_json":{"title":"Notre centre de plong\u00e9e","description":"D\u00e9couvrez notre incroyable centre de plong\u00e9e. Espace et confort pour profiter pleinement de vos s\u00e9ances de plong\u00e9e sous-marine. Prenez votre temps et d\u00e9tendez-vous avant et apr\u00e8s vos plong\u00e9es \u00e0 c\u00f4t\u00e9 du bar ou dans l'espace plus cosy o\u00f9 les canap\u00e9s vous attendent. Prenez un verre en partageant votre derni\u00e8re exp\u00e9rience de plong\u00e9e avec les autres plongeurs. Vous avez besoin d'un \u00e9quipement? Demandez-nous car nous pourrions trouver le meilleur pour vous dans notre boutique de plong\u00e9e SCUBAPRO.","robots":{"index":"index","follow":"follow","max-snippet":"max-snippet:-1","max-image-preview":"max-image-preview:large","max-video-preview":"max-video-preview:-1"},"canonical":"https:\/\/www.ljdivingtenerife.com\/fr\/diving-center\/","og_locale":"de_DE","og_type":"article","og_title":"Notre centre de plong\u00e9e","og_description":"D\u00e9couvrez notre incroyable centre de plong\u00e9e. Espace et confort pour profiter pleinement de vos s\u00e9ances de plong\u00e9e sous-marine. Prenez votre temps et d\u00e9tendez-vous avant et apr\u00e8s vos plong\u00e9es \u00e0 c\u00f4t\u00e9 du bar ou dans l'espace plus cosy o\u00f9 les canap\u00e9s vous attendent. Prenez un verre en partageant votre derni\u00e8re exp\u00e9rience de plong\u00e9e avec les autres plongeurs. Vous avez besoin d'un \u00e9quipement? Demandez-nous car nous pourrions trouver le meilleur pour vous dans notre boutique de plong\u00e9e SCUBAPRO.","og_url":"https:\/\/www.ljdivingtenerife.com\/fr\/diving-center\/","og_site_name":"LJ Diving Tenerife - Tauchzentrum und Tauchschule","article_modified_time":"2020-04-27T12:01:15+00:00","twitter_card":"summary_large_image","twitter_misc":{"Gesch\u00e4tzte Lesezeit":"10\u00a0Minuten"},"schema":{"@context":"https:\/\/schema.org","@graph":[{"@type":"WebPage","@id":"https:\/\/www.ljdivingtenerife.com\/fr\/diving-center\/","url":"https:\/\/www.ljdivingtenerife.com\/fr\/diving-center\/","name":"Notre centre de plong\u00e9e","isPartOf":{"@id":"https:\/\/www.ljdivingtenerife.com\/fr\/#website"},"datePublished":"2016-10-17T13:44:47+00:00","dateModified":"2020-04-27T12:01:15+00:00","description":"D\u00e9couvrez notre incroyable centre de plong\u00e9e. Espace et confort pour profiter pleinement de vos s\u00e9ances de plong\u00e9e sous-marine. Prenez votre temps et d\u00e9tendez-vous avant et apr\u00e8s vos plong\u00e9es \u00e0 c\u00f4t\u00e9 du bar ou dans l'espace plus cosy o\u00f9 les canap\u00e9s vous attendent. Prenez un verre en partageant votre derni\u00e8re exp\u00e9rience de plong\u00e9e avec les autres plongeurs. Vous avez besoin d'un \u00e9quipement? Demandez-nous car nous pourrions trouver le meilleur pour vous dans notre boutique de plong\u00e9e SCUBAPRO.","breadcrumb":{"@id":"https:\/\/www.ljdivingtenerife.com\/fr\/diving-center\/#breadcrumb"},"inLanguage":"de","potentialAction":[{"@type":"ReadAction","target":["https:\/\/www.ljdivingtenerife.com\/fr\/diving-center\/"]}]},{"@type":"BreadcrumbList","@id":"https:\/\/www.ljdivingtenerife.com\/fr\/diving-center\/#breadcrumb","itemListElement":[{"@type":"ListItem","position":1,"name":"Home","item":"https:\/\/www.ljdivingtenerife.com\/"},{"@type":"ListItem","position":2,"name":"NOTRE CENTRE ET ECOLE DE PLONGEE"}]},{"@type":"WebSite","@id":"https:\/\/www.ljdivingtenerife.com\/fr\/#website","url":"https:\/\/www.ljdivingtenerife.com\/fr\/","name":"LJ Diving Tenerife - Tauchzentrum und Tauchschule","description":"Tauchzentrum und Tauchschule auf Teneriffa. Freizeittauchg\u00e4nge, Probentauchg\u00e4nge und Zertifizierungsprogramme PADI und FFESSM (CMAS).","potentialAction":[{"@type":"SearchAction","target":{"@type":"EntryPoint","urlTemplate":"https:\/\/www.ljdivingtenerife.com\/fr\/?s={search_term_string}"},"query-input":"required name=search_term_string"}],"inLanguage":"de"}]}},"_links":{"self":[{"href":"https:\/\/www.ljdivingtenerife.com\/de\/wp-json\/wp\/v2\/pages\/345"}],"collection":[{"href":"https:\/\/www.ljdivingtenerife.com\/de\/wp-json\/wp\/v2\/pages"}],"about":[{"href":"https:\/\/www.ljdivingtenerife.com\/de\/wp-json\/wp\/v2\/types\/page"}],"author":[{"embeddable":true,"href":"https:\/\/www.ljdivingtenerife.com\/de\/wp-json\/wp\/v2\/users\/1"}],"replies":[{"embeddable":true,"href":"https:\/\/www.ljdivingtenerife.com\/de\/wp-json\/wp\/v2\/comments?post=345"}],"version-history":[{"count":2,"href":"https:\/\/www.ljdivingtenerife.com\/de\/wp-json\/wp\/v2\/pages\/345\/revisions"}],"predecessor-version":[{"id":2189,"href":"https:\/\/www.ljdivingtenerife.com\/de\/wp-json\/wp\/v2\/pages\/345\/revisions\/2189"}],"wp:attachment":[{"href":"https:\/\/www.ljdivingtenerife.com\/de\/wp-json\/wp\/v2\/media?parent=345"}],"curies":[{"name":"wp","href":"https:\/\/api.w.org\/{rel}","templated":true}]}}