
{"id":816,"date":"2017-09-06T11:32:07","date_gmt":"2017-09-06T11:32:07","guid":{"rendered":"http:\/\/www.ljdivingtenerife.com\/\/?page_id=816"},"modified":"2024-03-09T20:55:03","modified_gmt":"2024-03-09T19:55:03","slug":"go-pro-programs","status":"publish","type":"page","link":"https:\/\/www.ljdivingtenerife.com\/cz\/go-pro-programs\/","title":{"rendered":"GO PRO program"},"content":{"rendered":"<p>[vc_row][vc_column width=&#8220;1\/4&#8243;][vc_single_image image=&#8220;2456&#8243; alignment=&#8220;center&#8220;][\/vc_column][vc_column width=&#8220;3\/4&#8243;][vc_single_image image=&#8220;2500&#8243; img_size=&#8220;full&#8220; alignment=&#8220;center&#8220;][\/vc_column][\/vc_row][vc_row][vc_column][vc_separator]<div id=\"sc_title_1882352083\"\n\t\tclass=\"sc_title sc_title_default  vc_custom_1706613704786\"><h3 class=\"sc_item_title sc_title_title sc_align_default sc_item_title_style_default\">Jak se stane\u0161 profesion\u00e1lem !<\/h3><\/div><!-- \/.sc_title -->[\/vc_column][\/vc_row][vc_row][vc_column][vc_column_text]C\u00edt\u00ed\u0161, \u017ee pot\u00e1p\u011bn\u00ed bude tv\u00fdm dal\u0161\u00edm zam\u011bstn\u00e1n\u00edm? Kontaktuj n\u00e1s a my r\u00e1di napl\u00e1nujeme kurzy, tak, aby se z tebe stal profesion\u00e1l!<\/p>\n<p>St\u00e1\u017e nebo intenzivn\u00ed program, jsme flexibiln\u00ed!<\/p>\n<p>R\u00e1di ti navrhneme nejlep\u0161\u00ed zp\u016fsob, jak se st\u00e1t profesion\u00e1ln\u00edm pot\u00e1p\u011b\u010dem a z\u00edskat certifik\u00e1t DIVEMASTER.<\/p>\n<p>Kontaktuj n\u00e1s pros\u00edm pro dal\u0161\u00ed podrobnosti a informace. M\u016f\u017ees si splnit sv\u016fj sen![\/vc_column_text][\/vc_column][\/vc_row]<\/p>","protected":false},"excerpt":{"rendered":"<p>[vc_row][vc_column width=&#8220;1\/4&#8243;][vc_single_image image=&#8220;2456&#8243; alignment=&#8220;center&#8220;][\/vc_column][vc_column width=&#8220;3\/4&#8243;][vc_single_image image=&#8220;2500&#8243; img_size=&#8220;full&#8220; alignment=&#8220;center&#8220;][\/vc_column][\/vc_row][vc_row][vc_column][vc_separator][\/vc_column][\/vc_row][vc_row][vc_column][vc_column_text]C\u00edt\u00ed\u0161, \u017ee pot\u00e1p\u011bn\u00ed bude tv\u00fdm dal\u0161\u00edm zam\u011bstn\u00e1n\u00edm? Kontaktuj n\u00e1s a my r\u00e1di napl\u00e1nujeme&hellip;<\/p>\n","protected":false},"author":1,"featured_media":0,"parent":0,"menu_order":0,"comment_status":"closed","ping_status":"closed","template":"","meta":[],"yoast_head":"<!-- This site is optimized with the Yoast SEO plugin v20.1 - https:\/\/yoast.com\/wordpress\/plugins\/seo\/ -->\n<title>(English) LJ Diving Tenerife - Pot\u00e1p\u011b\u010dsk\u00e9 centrum a \u0161kola pot\u00e1p\u011bn\u00ed - GO PRO program<\/title>\n<meta name=\"description\" content=\"St\u00e1t se profesion\u00e1ln\u00edm pot\u00e1p\u011b\u010dem je va\u0161\u00edm dal\u0161\u00edm c\u00edlem? M\u016f\u017eeme toho dos\u00e1hnout spole\u010dn\u011b. A\u0165 u\u017e pot\u0159ebujete \u010das nebo zp\u016fsob, kter\u00fdm chcete dos\u00e1hnout sv\u00e9ho c\u00edle, jsme tu vedle v\u00e1s. Stanete se \u017e\u00e1kem velmi zku\u0161en\u00e9ho instruktora Elite, kter\u00fd v\u00e1m poskytne nejlep\u0161\u00ed skladbu. St\u00e1\u017e nebo intenzivn\u00ed tr\u00e9nink si vyberete pro v\u00e1s to nejlep\u0161\u00ed.St\u00e1t se profesion\u00e1ln\u00edm pot\u00e1p\u011b\u010dem PADI je va\u0161\u00edm dal\u0161\u00edm c\u00edlem? M\u016f\u017eeme toho dos\u00e1hnout spole\u010dn\u011b. A\u0165 u\u017e pot\u0159ebujete \u010das nebo zp\u016fsob, kter\u00fdm chcete dos\u00e1hnout sv\u00e9ho c\u00edle, jsme tu vedle v\u00e1s. Stanete se \u017e\u00e1kem velmi zku\u0161en\u00e9ho instruktora PADI Elite, kter\u00fd v\u00e1m poskytne nejlep\u0161\u00ed skladbu. St\u00e1\u017e nebo intenzivn\u00ed tr\u00e9nink si vyberete pro v\u00e1s to nejlep\u0161\u00ed.\" \/>\n<meta name=\"robots\" content=\"index, follow, max-snippet:-1, max-image-preview:large, max-video-preview:-1\" \/>\n<link rel=\"canonical\" href=\"https:\/\/www.ljdivingtenerife.com\/go-pro-programs\/\" \/>\n<meta property=\"og:locale\" content=\"cs_CZ\" \/>\n<meta property=\"og:type\" content=\"article\" \/>\n<meta property=\"og:title\" content=\"[:en]LJ Diving Tenerife - Pot\u00e1p\u011b\u010dsk\u00e9 centrum a \u0161kola pot\u00e1p\u011bn\u00ed - GO PRO program [:]\" \/>\n<meta property=\"og:description\" content=\"{:en}Become a professional diver is your next goal ? We can achieve it together. Whatever the time you need or the way you wish to achieve your goal, we are here beside you. You will become the disciple of a very experienced Elite instructor who will provide you the best track. Internship or intensive training, you choose the best for you.{:es}Convertirse en un buceador profesional es su pr\u00f3ximo objetivo? Podemos lograrlo juntos. Independientemente del tiempo que necesite o de la forma en que desee lograr su objetivo, estamos a su lado. Te convertir\u00e1s en el disc\u00edpulo de un instructor Elite muy experimentado que te proporcionar\u00e1 la mejor pista. Pr\u00e1cticas o entrenamiento intensivo, eliges lo mejor para ti.Convertirse en un buceador profesional PADI es su pr\u00f3ximo objetivo? Podemos lograrlo juntos. Independientemente del tiempo que necesite o de la forma en que desee lograr su objetivo, estamos a su lado. Te convertir\u00e1s en el disc\u00edpulo de un instructor PADI Elite muy experimentado que te proporcionar\u00e1 la mejor pista. Pr\u00e1cticas o entrenamiento intensivo, eliges lo mejor para ti.{:fr}Devenir plongeur professionnel est votre prochain objectif? Nous pouvons l&#039;atteindre ensemble. Quel que soit le temps dont vous avez besoin ou la mani\u00e8re dont vous souhaitez atteindre votre objectif, nous sommes l\u00e0 \u00e0 vos c\u00f4t\u00e9s. Vous deviendrez le disciple d&#039;un instructeur Elite tr\u00e8s exp\u00e9riment\u00e9 qui vous montrera le meilleur chemin. Stage ou formation intensive, vous choisissez le meilleur pour vous.Devenir plongeur professionnel PADI est votre prochain objectif? Nous pouvons l&#039;atteindre ensemble. Quel que soit le temps dont vous avez besoin ou la mani\u00e8re dont vous souhaitez atteindre votre objectif, nous sommes l\u00e0 \u00e0 vos c\u00f4t\u00e9s. Vous deviendrez le disciple d&#039;un instructeur PADI Elite tr\u00e8s exp\u00e9riment\u00e9 qui vous montrera le meilleur chemin. Stage ou formation intensive, vous choisissez le meilleur pour vous.{:de}Ein Profi Taucher zu werden ist dein n\u00e4chstes Ziel? Wir k\u00f6nnen es gemeinsam erreichen. Egal, wie viel Zeit Sie ben\u00f6tigen oder wie Sie Ihr Ziel erreichen m\u00f6chten, wir sind hier neben Ihnen. Sie werden der Sch\u00fcler eines sehr erfahrenen Elite Instruktors, der Ihnen den besten Track bietet. Praktikum oder intensives Training, Sie w\u00e4hlen das Beste f\u00fcr Sie.Ein PADI Profi Taucher zu werden ist dein n\u00e4chstes Ziel? Wir k\u00f6nnen es gemeinsam erreichen. Egal, wie viel Zeit Sie ben\u00f6tigen oder wie Sie Ihr Ziel erreichen m\u00f6chten, wir sind hier neben Ihnen. Sie werden der Sch\u00fcler eines sehr erfahrenen PADI Elite Instruktors, der Ihnen den besten Track bietet. Praktikum oder intensives Training, Sie w\u00e4hlen das Beste f\u00fcr Sie.{:cz}St\u00e1t se profesion\u00e1ln\u00edm pot\u00e1p\u011b\u010dem je va\u0161\u00edm dal\u0161\u00edm c\u00edlem? M\u016f\u017eeme toho dos\u00e1hnout spole\u010dn\u011b. A\u0165 u\u017e pot\u0159ebujete \u010das nebo zp\u016fsob, kter\u00fdm chcete dos\u00e1hnout sv\u00e9ho c\u00edle, jsme tu vedle v\u00e1s. Stanete se \u017e\u00e1kem velmi zku\u0161en\u00e9ho instruktora Elite, kter\u00fd v\u00e1m poskytne nejlep\u0161\u00ed skladbu. St\u00e1\u017e nebo intenzivn\u00ed tr\u00e9nink si vyberete pro v\u00e1s to nejlep\u0161\u00ed.St\u00e1t se profesion\u00e1ln\u00edm pot\u00e1p\u011b\u010dem PADI je va\u0161\u00edm dal\u0161\u00edm c\u00edlem? M\u016f\u017eeme toho dos\u00e1hnout spole\u010dn\u011b. A\u0165 u\u017e pot\u0159ebujete \u010das nebo zp\u016fsob, kter\u00fdm chcete dos\u00e1hnout sv\u00e9ho c\u00edle, jsme tu vedle v\u00e1s. Stanete se \u017e\u00e1kem velmi zku\u0161en\u00e9ho instruktora PADI Elite, kter\u00fd v\u00e1m poskytne nejlep\u0161\u00ed skladbu. St\u00e1\u017e nebo intenzivn\u00ed tr\u00e9nink si vyberete pro v\u00e1s to nejlep\u0161\u00ed.{:}\" \/>\n<meta property=\"og:url\" content=\"https:\/\/www.ljdivingtenerife.com\/go-pro-programs\/\" \/>\n<meta property=\"og:site_name\" content=\"LJ Diving Tenerife - Pot\u00e1p\u011b\u010dsk\u00e9 centrum a \u0161kola pot\u00e1p\u011bn\u00ed\" \/>\n<meta property=\"article:modified_time\" content=\"2024-03-09T19:55:03+00:00\" \/>\n<meta name=\"twitter:card\" content=\"summary_large_image\" \/>\n<meta name=\"twitter:label1\" content=\"Odhadovan\u00e1 doba \u010dten\u00ed\" \/>\n\t<meta name=\"twitter:data1\" content=\"1 minuta\" \/>\n<script type=\"application\/ld+json\" class=\"yoast-schema-graph\">{\"@context\":\"https:\/\/schema.org\",\"@graph\":[{\"@type\":\"WebPage\",\"@id\":\"https:\/\/www.ljdivingtenerife.com\/go-pro-programs\/\",\"url\":\"https:\/\/www.ljdivingtenerife.com\/go-pro-programs\/\",\"name\":\"[:en]LJ Diving Tenerife - Pot\u00e1p\u011b\u010dsk\u00e9 centrum a \u0161kola pot\u00e1p\u011bn\u00ed - GO PRO program [:]\",\"isPartOf\":{\"@id\":\"https:\/\/www.ljdivingtenerife.com\/fr\/#website\"},\"datePublished\":\"2017-09-06T11:32:07+00:00\",\"dateModified\":\"2024-03-09T19:55:03+00:00\",\"description\":\"{:en}Become a professional diver is your next goal ? We can achieve it together. Whatever the time you need or the way you wish to achieve your goal, we are here beside you. You will become the disciple of a very experienced Elite instructor who will provide you the best track. Internship or intensive training, you choose the best for you.{:es}Convertirse en un buceador profesional es su pr\u00f3ximo objetivo? Podemos lograrlo juntos. Independientemente del tiempo que necesite o de la forma en que desee lograr su objetivo, estamos a su lado. Te convertir\u00e1s en el disc\u00edpulo de un instructor Elite muy experimentado que te proporcionar\u00e1 la mejor pista. Pr\u00e1cticas o entrenamiento intensivo, eliges lo mejor para ti.Convertirse en un buceador profesional PADI es su pr\u00f3ximo objetivo? Podemos lograrlo juntos. Independientemente del tiempo que necesite o de la forma en que desee lograr su objetivo, estamos a su lado. Te convertir\u00e1s en el disc\u00edpulo de un instructor PADI Elite muy experimentado que te proporcionar\u00e1 la mejor pista. Pr\u00e1cticas o entrenamiento intensivo, eliges lo mejor para ti.{:fr}Devenir plongeur professionnel est votre prochain objectif? Nous pouvons l'atteindre ensemble. Quel que soit le temps dont vous avez besoin ou la mani\u00e8re dont vous souhaitez atteindre votre objectif, nous sommes l\u00e0 \u00e0 vos c\u00f4t\u00e9s. Vous deviendrez le disciple d'un instructeur Elite tr\u00e8s exp\u00e9riment\u00e9 qui vous montrera le meilleur chemin. Stage ou formation intensive, vous choisissez le meilleur pour vous.Devenir plongeur professionnel PADI est votre prochain objectif? Nous pouvons l'atteindre ensemble. Quel que soit le temps dont vous avez besoin ou la mani\u00e8re dont vous souhaitez atteindre votre objectif, nous sommes l\u00e0 \u00e0 vos c\u00f4t\u00e9s. Vous deviendrez le disciple d'un instructeur PADI Elite tr\u00e8s exp\u00e9riment\u00e9 qui vous montrera le meilleur chemin. Stage ou formation intensive, vous choisissez le meilleur pour vous.{:de}Ein Profi Taucher zu werden ist dein n\u00e4chstes Ziel? Wir k\u00f6nnen es gemeinsam erreichen. Egal, wie viel Zeit Sie ben\u00f6tigen oder wie Sie Ihr Ziel erreichen m\u00f6chten, wir sind hier neben Ihnen. Sie werden der Sch\u00fcler eines sehr erfahrenen Elite Instruktors, der Ihnen den besten Track bietet. Praktikum oder intensives Training, Sie w\u00e4hlen das Beste f\u00fcr Sie.Ein PADI Profi Taucher zu werden ist dein n\u00e4chstes Ziel? Wir k\u00f6nnen es gemeinsam erreichen. Egal, wie viel Zeit Sie ben\u00f6tigen oder wie Sie Ihr Ziel erreichen m\u00f6chten, wir sind hier neben Ihnen. Sie werden der Sch\u00fcler eines sehr erfahrenen PADI Elite Instruktors, der Ihnen den besten Track bietet. Praktikum oder intensives Training, Sie w\u00e4hlen das Beste f\u00fcr Sie.{:cz}St\u00e1t se profesion\u00e1ln\u00edm pot\u00e1p\u011b\u010dem je va\u0161\u00edm dal\u0161\u00edm c\u00edlem? M\u016f\u017eeme toho dos\u00e1hnout spole\u010dn\u011b. A\u0165 u\u017e pot\u0159ebujete \u010das nebo zp\u016fsob, kter\u00fdm chcete dos\u00e1hnout sv\u00e9ho c\u00edle, jsme tu vedle v\u00e1s. Stanete se \u017e\u00e1kem velmi zku\u0161en\u00e9ho instruktora Elite, kter\u00fd v\u00e1m poskytne nejlep\u0161\u00ed skladbu. St\u00e1\u017e nebo intenzivn\u00ed tr\u00e9nink si vyberete pro v\u00e1s to nejlep\u0161\u00ed.St\u00e1t se profesion\u00e1ln\u00edm pot\u00e1p\u011b\u010dem PADI je va\u0161\u00edm dal\u0161\u00edm c\u00edlem? M\u016f\u017eeme toho dos\u00e1hnout spole\u010dn\u011b. A\u0165 u\u017e pot\u0159ebujete \u010das nebo zp\u016fsob, kter\u00fdm chcete dos\u00e1hnout sv\u00e9ho c\u00edle, jsme tu vedle v\u00e1s. Stanete se \u017e\u00e1kem velmi zku\u0161en\u00e9ho instruktora PADI Elite, kter\u00fd v\u00e1m poskytne nejlep\u0161\u00ed skladbu. St\u00e1\u017e nebo intenzivn\u00ed tr\u00e9nink si vyberete pro v\u00e1s to nejlep\u0161\u00ed.{:}\",\"breadcrumb\":{\"@id\":\"https:\/\/www.ljdivingtenerife.com\/go-pro-programs\/#breadcrumb\"},\"inLanguage\":\"cs\",\"potentialAction\":[{\"@type\":\"ReadAction\",\"target\":[\"https:\/\/www.ljdivingtenerife.com\/go-pro-programs\/\"]}]},{\"@type\":\"BreadcrumbList\",\"@id\":\"https:\/\/www.ljdivingtenerife.com\/go-pro-programs\/#breadcrumb\",\"itemListElement\":[{\"@type\":\"ListItem\",\"position\":1,\"name\":\"Home\",\"item\":\"https:\/\/www.ljdivingtenerife.com\/\"},{\"@type\":\"ListItem\",\"position\":2,\"name\":\"GO PRO program\"}]},{\"@type\":\"WebSite\",\"@id\":\"https:\/\/www.ljdivingtenerife.com\/fr\/#website\",\"url\":\"https:\/\/www.ljdivingtenerife.com\/fr\/\",\"name\":\"LJ Diving Tenerife - Pot\u00e1p\u011b\u010dsk\u00e9 centrum a \u0161kola pot\u00e1p\u011bn\u00ed\",\"description\":\"Pot\u00e1p\u011b\u010dsk\u00e9 centrum a \u0161kola pot\u00e1p\u011bn\u00ed v Tenerife. Rekrea\u010dn\u00ed ponory, vyzkou\u0161ejte ponory a certifika\u010dn\u00ed programy PADI a FFESSM (CMAS).\",\"potentialAction\":[{\"@type\":\"SearchAction\",\"target\":{\"@type\":\"EntryPoint\",\"urlTemplate\":\"https:\/\/www.ljdivingtenerife.com\/fr\/?s={search_term_string}\"},\"query-input\":\"required name=search_term_string\"}],\"inLanguage\":\"cs\"}]}<\/script>\n<!-- \/ Yoast SEO plugin. -->","yoast_head_json":{"title":"(English) LJ Diving Tenerife - Pot\u00e1p\u011b\u010dsk\u00e9 centrum a \u0161kola pot\u00e1p\u011bn\u00ed - GO PRO program","description":"St\u00e1t se profesion\u00e1ln\u00edm pot\u00e1p\u011b\u010dem je va\u0161\u00edm dal\u0161\u00edm c\u00edlem? M\u016f\u017eeme toho dos\u00e1hnout spole\u010dn\u011b. A\u0165 u\u017e pot\u0159ebujete \u010das nebo zp\u016fsob, kter\u00fdm chcete dos\u00e1hnout sv\u00e9ho c\u00edle, jsme tu vedle v\u00e1s. Stanete se \u017e\u00e1kem velmi zku\u0161en\u00e9ho instruktora Elite, kter\u00fd v\u00e1m poskytne nejlep\u0161\u00ed skladbu. St\u00e1\u017e nebo intenzivn\u00ed tr\u00e9nink si vyberete pro v\u00e1s to nejlep\u0161\u00ed.St\u00e1t se profesion\u00e1ln\u00edm pot\u00e1p\u011b\u010dem PADI je va\u0161\u00edm dal\u0161\u00edm c\u00edlem? M\u016f\u017eeme toho dos\u00e1hnout spole\u010dn\u011b. A\u0165 u\u017e pot\u0159ebujete \u010das nebo zp\u016fsob, kter\u00fdm chcete dos\u00e1hnout sv\u00e9ho c\u00edle, jsme tu vedle v\u00e1s. Stanete se \u017e\u00e1kem velmi zku\u0161en\u00e9ho instruktora PADI Elite, kter\u00fd v\u00e1m poskytne nejlep\u0161\u00ed skladbu. St\u00e1\u017e nebo intenzivn\u00ed tr\u00e9nink si vyberete pro v\u00e1s to nejlep\u0161\u00ed.","robots":{"index":"index","follow":"follow","max-snippet":"max-snippet:-1","max-image-preview":"max-image-preview:large","max-video-preview":"max-video-preview:-1"},"canonical":"https:\/\/www.ljdivingtenerife.com\/go-pro-programs\/","og_locale":"cs_CZ","og_type":"article","og_title":"[:en]LJ Diving Tenerife - Pot\u00e1p\u011b\u010dsk\u00e9 centrum a \u0161kola pot\u00e1p\u011bn\u00ed - GO PRO program [:]","og_description":"{:en}Become a professional diver is your next goal ? We can achieve it together. Whatever the time you need or the way you wish to achieve your goal, we are here beside you. You will become the disciple of a very experienced Elite instructor who will provide you the best track. Internship or intensive training, you choose the best for you.{:es}Convertirse en un buceador profesional es su pr\u00f3ximo objetivo? Podemos lograrlo juntos. Independientemente del tiempo que necesite o de la forma en que desee lograr su objetivo, estamos a su lado. Te convertir\u00e1s en el disc\u00edpulo de un instructor Elite muy experimentado que te proporcionar\u00e1 la mejor pista. Pr\u00e1cticas o entrenamiento intensivo, eliges lo mejor para ti.Convertirse en un buceador profesional PADI es su pr\u00f3ximo objetivo? Podemos lograrlo juntos. Independientemente del tiempo que necesite o de la forma en que desee lograr su objetivo, estamos a su lado. Te convertir\u00e1s en el disc\u00edpulo de un instructor PADI Elite muy experimentado que te proporcionar\u00e1 la mejor pista. Pr\u00e1cticas o entrenamiento intensivo, eliges lo mejor para ti.{:fr}Devenir plongeur professionnel est votre prochain objectif? Nous pouvons l'atteindre ensemble. Quel que soit le temps dont vous avez besoin ou la mani\u00e8re dont vous souhaitez atteindre votre objectif, nous sommes l\u00e0 \u00e0 vos c\u00f4t\u00e9s. Vous deviendrez le disciple d'un instructeur Elite tr\u00e8s exp\u00e9riment\u00e9 qui vous montrera le meilleur chemin. Stage ou formation intensive, vous choisissez le meilleur pour vous.Devenir plongeur professionnel PADI est votre prochain objectif? Nous pouvons l'atteindre ensemble. Quel que soit le temps dont vous avez besoin ou la mani\u00e8re dont vous souhaitez atteindre votre objectif, nous sommes l\u00e0 \u00e0 vos c\u00f4t\u00e9s. Vous deviendrez le disciple d'un instructeur PADI Elite tr\u00e8s exp\u00e9riment\u00e9 qui vous montrera le meilleur chemin. Stage ou formation intensive, vous choisissez le meilleur pour vous.{:de}Ein Profi Taucher zu werden ist dein n\u00e4chstes Ziel? Wir k\u00f6nnen es gemeinsam erreichen. Egal, wie viel Zeit Sie ben\u00f6tigen oder wie Sie Ihr Ziel erreichen m\u00f6chten, wir sind hier neben Ihnen. Sie werden der Sch\u00fcler eines sehr erfahrenen Elite Instruktors, der Ihnen den besten Track bietet. Praktikum oder intensives Training, Sie w\u00e4hlen das Beste f\u00fcr Sie.Ein PADI Profi Taucher zu werden ist dein n\u00e4chstes Ziel? Wir k\u00f6nnen es gemeinsam erreichen. Egal, wie viel Zeit Sie ben\u00f6tigen oder wie Sie Ihr Ziel erreichen m\u00f6chten, wir sind hier neben Ihnen. Sie werden der Sch\u00fcler eines sehr erfahrenen PADI Elite Instruktors, der Ihnen den besten Track bietet. Praktikum oder intensives Training, Sie w\u00e4hlen das Beste f\u00fcr Sie.{:cz}St\u00e1t se profesion\u00e1ln\u00edm pot\u00e1p\u011b\u010dem je va\u0161\u00edm dal\u0161\u00edm c\u00edlem? M\u016f\u017eeme toho dos\u00e1hnout spole\u010dn\u011b. A\u0165 u\u017e pot\u0159ebujete \u010das nebo zp\u016fsob, kter\u00fdm chcete dos\u00e1hnout sv\u00e9ho c\u00edle, jsme tu vedle v\u00e1s. Stanete se \u017e\u00e1kem velmi zku\u0161en\u00e9ho instruktora Elite, kter\u00fd v\u00e1m poskytne nejlep\u0161\u00ed skladbu. St\u00e1\u017e nebo intenzivn\u00ed tr\u00e9nink si vyberete pro v\u00e1s to nejlep\u0161\u00ed.St\u00e1t se profesion\u00e1ln\u00edm pot\u00e1p\u011b\u010dem PADI je va\u0161\u00edm dal\u0161\u00edm c\u00edlem? M\u016f\u017eeme toho dos\u00e1hnout spole\u010dn\u011b. A\u0165 u\u017e pot\u0159ebujete \u010das nebo zp\u016fsob, kter\u00fdm chcete dos\u00e1hnout sv\u00e9ho c\u00edle, jsme tu vedle v\u00e1s. Stanete se \u017e\u00e1kem velmi zku\u0161en\u00e9ho instruktora PADI Elite, kter\u00fd v\u00e1m poskytne nejlep\u0161\u00ed skladbu. St\u00e1\u017e nebo intenzivn\u00ed tr\u00e9nink si vyberete pro v\u00e1s to nejlep\u0161\u00ed.{:}","og_url":"https:\/\/www.ljdivingtenerife.com\/go-pro-programs\/","og_site_name":"LJ Diving Tenerife - Pot\u00e1p\u011b\u010dsk\u00e9 centrum a \u0161kola pot\u00e1p\u011bn\u00ed","article_modified_time":"2024-03-09T19:55:03+00:00","twitter_card":"summary_large_image","twitter_misc":{"Odhadovan\u00e1 doba \u010dten\u00ed":"1 minuta"},"schema":{"@context":"https:\/\/schema.org","@graph":[{"@type":"WebPage","@id":"https:\/\/www.ljdivingtenerife.com\/go-pro-programs\/","url":"https:\/\/www.ljdivingtenerife.com\/go-pro-programs\/","name":"[:en]LJ Diving Tenerife - Pot\u00e1p\u011b\u010dsk\u00e9 centrum a \u0161kola pot\u00e1p\u011bn\u00ed - GO PRO program [:]","isPartOf":{"@id":"https:\/\/www.ljdivingtenerife.com\/fr\/#website"},"datePublished":"2017-09-06T11:32:07+00:00","dateModified":"2024-03-09T19:55:03+00:00","description":"{:en}Become a professional diver is your next goal ? We can achieve it together. Whatever the time you need or the way you wish to achieve your goal, we are here beside you. You will become the disciple of a very experienced Elite instructor who will provide you the best track. Internship or intensive training, you choose the best for you.{:es}Convertirse en un buceador profesional es su pr\u00f3ximo objetivo? Podemos lograrlo juntos. Independientemente del tiempo que necesite o de la forma en que desee lograr su objetivo, estamos a su lado. Te convertir\u00e1s en el disc\u00edpulo de un instructor Elite muy experimentado que te proporcionar\u00e1 la mejor pista. Pr\u00e1cticas o entrenamiento intensivo, eliges lo mejor para ti.Convertirse en un buceador profesional PADI es su pr\u00f3ximo objetivo? Podemos lograrlo juntos. Independientemente del tiempo que necesite o de la forma en que desee lograr su objetivo, estamos a su lado. Te convertir\u00e1s en el disc\u00edpulo de un instructor PADI Elite muy experimentado que te proporcionar\u00e1 la mejor pista. Pr\u00e1cticas o entrenamiento intensivo, eliges lo mejor para ti.{:fr}Devenir plongeur professionnel est votre prochain objectif? Nous pouvons l'atteindre ensemble. Quel que soit le temps dont vous avez besoin ou la mani\u00e8re dont vous souhaitez atteindre votre objectif, nous sommes l\u00e0 \u00e0 vos c\u00f4t\u00e9s. Vous deviendrez le disciple d'un instructeur Elite tr\u00e8s exp\u00e9riment\u00e9 qui vous montrera le meilleur chemin. Stage ou formation intensive, vous choisissez le meilleur pour vous.Devenir plongeur professionnel PADI est votre prochain objectif? Nous pouvons l'atteindre ensemble. Quel que soit le temps dont vous avez besoin ou la mani\u00e8re dont vous souhaitez atteindre votre objectif, nous sommes l\u00e0 \u00e0 vos c\u00f4t\u00e9s. Vous deviendrez le disciple d'un instructeur PADI Elite tr\u00e8s exp\u00e9riment\u00e9 qui vous montrera le meilleur chemin. Stage ou formation intensive, vous choisissez le meilleur pour vous.{:de}Ein Profi Taucher zu werden ist dein n\u00e4chstes Ziel? Wir k\u00f6nnen es gemeinsam erreichen. Egal, wie viel Zeit Sie ben\u00f6tigen oder wie Sie Ihr Ziel erreichen m\u00f6chten, wir sind hier neben Ihnen. Sie werden der Sch\u00fcler eines sehr erfahrenen Elite Instruktors, der Ihnen den besten Track bietet. Praktikum oder intensives Training, Sie w\u00e4hlen das Beste f\u00fcr Sie.Ein PADI Profi Taucher zu werden ist dein n\u00e4chstes Ziel? Wir k\u00f6nnen es gemeinsam erreichen. Egal, wie viel Zeit Sie ben\u00f6tigen oder wie Sie Ihr Ziel erreichen m\u00f6chten, wir sind hier neben Ihnen. Sie werden der Sch\u00fcler eines sehr erfahrenen PADI Elite Instruktors, der Ihnen den besten Track bietet. Praktikum oder intensives Training, Sie w\u00e4hlen das Beste f\u00fcr Sie.{:cz}St\u00e1t se profesion\u00e1ln\u00edm pot\u00e1p\u011b\u010dem je va\u0161\u00edm dal\u0161\u00edm c\u00edlem? M\u016f\u017eeme toho dos\u00e1hnout spole\u010dn\u011b. A\u0165 u\u017e pot\u0159ebujete \u010das nebo zp\u016fsob, kter\u00fdm chcete dos\u00e1hnout sv\u00e9ho c\u00edle, jsme tu vedle v\u00e1s. Stanete se \u017e\u00e1kem velmi zku\u0161en\u00e9ho instruktora Elite, kter\u00fd v\u00e1m poskytne nejlep\u0161\u00ed skladbu. St\u00e1\u017e nebo intenzivn\u00ed tr\u00e9nink si vyberete pro v\u00e1s to nejlep\u0161\u00ed.St\u00e1t se profesion\u00e1ln\u00edm pot\u00e1p\u011b\u010dem PADI je va\u0161\u00edm dal\u0161\u00edm c\u00edlem? M\u016f\u017eeme toho dos\u00e1hnout spole\u010dn\u011b. A\u0165 u\u017e pot\u0159ebujete \u010das nebo zp\u016fsob, kter\u00fdm chcete dos\u00e1hnout sv\u00e9ho c\u00edle, jsme tu vedle v\u00e1s. Stanete se \u017e\u00e1kem velmi zku\u0161en\u00e9ho instruktora PADI Elite, kter\u00fd v\u00e1m poskytne nejlep\u0161\u00ed skladbu. St\u00e1\u017e nebo intenzivn\u00ed tr\u00e9nink si vyberete pro v\u00e1s to nejlep\u0161\u00ed.{:}","breadcrumb":{"@id":"https:\/\/www.ljdivingtenerife.com\/go-pro-programs\/#breadcrumb"},"inLanguage":"cs","potentialAction":[{"@type":"ReadAction","target":["https:\/\/www.ljdivingtenerife.com\/go-pro-programs\/"]}]},{"@type":"BreadcrumbList","@id":"https:\/\/www.ljdivingtenerife.com\/go-pro-programs\/#breadcrumb","itemListElement":[{"@type":"ListItem","position":1,"name":"Home","item":"https:\/\/www.ljdivingtenerife.com\/"},{"@type":"ListItem","position":2,"name":"GO PRO program"}]},{"@type":"WebSite","@id":"https:\/\/www.ljdivingtenerife.com\/fr\/#website","url":"https:\/\/www.ljdivingtenerife.com\/fr\/","name":"LJ Diving Tenerife - Pot\u00e1p\u011b\u010dsk\u00e9 centrum a \u0161kola pot\u00e1p\u011bn\u00ed","description":"Pot\u00e1p\u011b\u010dsk\u00e9 centrum a \u0161kola pot\u00e1p\u011bn\u00ed v Tenerife. Rekrea\u010dn\u00ed ponory, vyzkou\u0161ejte ponory a certifika\u010dn\u00ed programy PADI a FFESSM (CMAS).","potentialAction":[{"@type":"SearchAction","target":{"@type":"EntryPoint","urlTemplate":"https:\/\/www.ljdivingtenerife.com\/fr\/?s={search_term_string}"},"query-input":"required name=search_term_string"}],"inLanguage":"cs"}]}},"_links":{"self":[{"href":"https:\/\/www.ljdivingtenerife.com\/cz\/wp-json\/wp\/v2\/pages\/816"}],"collection":[{"href":"https:\/\/www.ljdivingtenerife.com\/cz\/wp-json\/wp\/v2\/pages"}],"about":[{"href":"https:\/\/www.ljdivingtenerife.com\/cz\/wp-json\/wp\/v2\/types\/page"}],"author":[{"embeddable":true,"href":"https:\/\/www.ljdivingtenerife.com\/cz\/wp-json\/wp\/v2\/users\/1"}],"replies":[{"embeddable":true,"href":"https:\/\/www.ljdivingtenerife.com\/cz\/wp-json\/wp\/v2\/comments?post=816"}],"version-history":[{"count":14,"href":"https:\/\/www.ljdivingtenerife.com\/cz\/wp-json\/wp\/v2\/pages\/816\/revisions"}],"predecessor-version":[{"id":2579,"href":"https:\/\/www.ljdivingtenerife.com\/cz\/wp-json\/wp\/v2\/pages\/816\/revisions\/2579"}],"wp:attachment":[{"href":"https:\/\/www.ljdivingtenerife.com\/cz\/wp-json\/wp\/v2\/media?parent=816"}],"curies":[{"name":"wp","href":"https:\/\/api.w.org\/{rel}","templated":true}]}}