
{"id":812,"date":"2017-09-06T11:31:00","date_gmt":"2017-09-06T11:31:00","guid":{"rendered":"http:\/\/www.ljdivingtenerife.com\/\/?page_id=812"},"modified":"2026-01-02T10:28:02","modified_gmt":"2026-01-02T09:28:02","slug":"certification-programs","status":"publish","type":"page","link":"https:\/\/www.ljdivingtenerife.com\/cz\/certification-programs\/","title":{"rendered":"Kurzy a certifikac\u00ed"},"content":{"rendered":"<p>[vc_row][vc_column][vc_single_image image=&#8220;2500&#8243; img_size=&#8220;full&#8220; alignment=&#8220;center&#8220; css=&#8220;.vc_custom_1709824134396{padding-bottom: 20px !important;}&#8220;][\/vc_column][\/vc_row][vc_row][vc_column width=&#8220;1\/2&#8243;][vc_single_image image=&#8220;2456&#8243; alignment=&#8220;center&#8220;][\/vc_column][vc_column width=&#8220;1\/2&#8243;][vc_single_image image=&#8220;2530&#8243; alignment=&#8220;center&#8220;][\/vc_column][\/vc_row][vc_row][vc_column][vc_empty_space alter_height=&#8220;medium&#8220; hide_on_mobile=&#8220;&#8220;]<div id=\"sc_title_120466021\"\n\t\tclass=\"sc_title sc_title_default\"><h3 class=\"sc_item_title sc_title_title sc_align_default sc_item_title_style_default\">Certifika\u010dn\u00ed kurzy a programy<\/h3><\/div><!-- \/.sc_title -->[vc_empty_space alter_height=&#8220;medium&#8220; hide_on_mobile=&#8220;&#8220;][\/vc_column][\/vc_row][vc_row][vc_column][vc_column_text]Chce\u0161 se st\u00e1t certifikovan\u00fdm pot\u00e1p\u011b\u010dem nebo jednodu\u0161e zlep\u0161it sv\u00e9 dovednosti v pot\u00e1p\u011bn\u00ed? Z\u00edskej novou certifikaci!<\/p>\n<p>Na\u0161e kurzy jsou pro v\u00e1s individu\u00e1ln\u00ed, proto\u017ee p\u0159izp\u016fsobujeme tr\u00e9nink podle Va\u0161ich zku\u0161enost\u00ed a dovednost\u00ed.<\/p>\n<p>Na\u0161e vzd\u011bl\u00e1vac\u00ed kurzy jsou vysoce individualizovan\u00e9 a prov\u00e1d\u011bj\u00ed je zku\u0161en\u00ed instrukto\u0159i, aby zajistili dodr\u017een\u00ed osv\u011bd\u010den\u00fdch postup\u016f a maxim\u00e1ln\u00ed bezpe\u010dnosti, v\u017edy v r\u00e1mci standard\u016f ka\u017ed\u00e9 organizace, do kter\u00e9 pat\u0159\u00edme.<\/p>\n<p>V\u0161echny na\u0161e kurzy zahrnuj\u00ed:<\/p>\n<ul>\n<li>Kompletn\u00ed pron\u00e1jem za\u0159\u00edzen\u00ed<\/li>\n<li>e-Learning nabo Manu\u00e1ly (pokud je po\u017eadov\u00e1no)<\/li>\n<li>Poji\u0161t\u011bn\u00ed<\/li>\n<li>Tr\u00e9ninkov\u00e9 ponory s instruktorem<\/li>\n<li>Fotky<\/li>\n<li>V\u00fdjezdy lod\u00ed<\/li>\n<\/ul>\n<p>Z\u00edskejte certifik\u00e1t a objevte nov\u00fd zp\u016fsob pot\u00e1p\u011bn\u00ed s L\u00e1skou a Radost\u00ed ![\/vc_column_text][\/vc_column][\/vc_row][vc_row][vc_column][vc_empty_space height=&#8220;80px&#8220; alter_height=&#8220;large&#8220; hide_on_mobile=&#8220;&#8220;][\/vc_column][vc_column]<div id=\"sc_title_1162568789\"\n\t\tclass=\"sc_title sc_title_default\"><h3 class=\"sc_item_title sc_title_title sc_align_center sc_item_title_style_title-medium-size-style\">Certifika\u010dn\u00ed programy<\/h3><\/div><!-- \/.sc_title -->[\/vc_column][\/vc_row][vc_row][vc_column width=&#8220;1\/3&#8243;]<div  id=\"sc_price_1130136282\" \n\tclass=\"sc_price sc_price_default\"><div class=\"sc_price_info\"><div class=\"sc_price_subtitle\">Scuba Diver <\/div><div class=\"sc_price_price\"><span class=\"sc_price_value\">\u20ac350<\/span><\/div><div class=\"sc_price_title\">2 Dny<\/div><div class=\"sc_price_details\">3 ponory z lodi<br \/>\neLearning<br \/>\nPersonalizovan\u00e1 relace<br \/>\nFotky<\/div><\/div>\n<\/div>[\/vc_column][vc_column width=&#8220;1\/3&#8243;]<div  id=\"sc_price_526999666\" \n\tclass=\"sc_price sc_price_default\"><div class=\"sc_price_info\"><div class=\"sc_price_subtitle\">Open Water Diver <\/div><div class=\"sc_price_price\"><span class=\"sc_price_value\">\u20ac490<\/span><\/div><div class=\"sc_price_title\">3 Dny<\/div><div class=\"sc_price_details\">5 ponory z lodi<br \/>\neLearning<br \/>\nPersonalizovan\u00e1 relace<br \/>\nFotky<\/div><\/div>\n<\/div>[\/vc_column][vc_column width=&#8220;1\/3&#8243;]<div  id=\"sc_price_822102911\" \n\tclass=\"sc_price sc_price_default\"><div class=\"sc_price_info\"><div class=\"sc_price_subtitle\">Advanced Open Water Diver<\/div><div class=\"sc_price_price\"><span class=\"sc_price_value\">\u20ac410<\/span><\/div><div class=\"sc_price_title\">3 Dny<\/div><div class=\"sc_price_details\">5 ponory z lodi<br \/>\neLearning<br \/>\nPersonalizovan\u00e1 relace<br \/>\nFotky<\/div><\/div>\n<\/div>[\/vc_column][\/vc_row][vc_row][vc_column][vc_empty_space height=&#8220;32&#8243; hide_on_mobile=&#8220;&#8220;][\/vc_column][\/vc_row][vc_row][vc_column width=&#8220;1\/3&#8243;]<div  id=\"sc_price_233760771\" \n\tclass=\"sc_price sc_price_default\"><div class=\"sc_price_info\"><div class=\"sc_price_subtitle\">Emergency first response<\/div><div class=\"sc_price_price\"><span class=\"sc_price_value\">\u20ac160<\/span><\/div><div class=\"sc_price_title\">1 Den<\/div><div class=\"sc_price_details\">Praxe<br \/>\nSc\u00e9n\u00e1\u0159e<br \/>\neLearning<br \/>\nTeoretick\u00e1 zkou\u0161ka<\/div><\/div>\n<\/div>[\/vc_column][vc_column width=&#8220;1\/3&#8243;]<div  id=\"sc_price_1013846775\" \n\tclass=\"sc_price sc_price_default\"><div class=\"sc_price_info\"><div class=\"sc_price_subtitle\">Rescue Diver (Emergency First Response nen\u00ed v cen\u011b)<\/div><div class=\"sc_price_price\"><span class=\"sc_price_value\">\u20ac450<\/span><\/div><div class=\"sc_price_title\">3 Dny<\/div><div class=\"sc_price_details\">4 ponory<br \/>\nSc\u00e9n\u00e1\u0159<br \/>\neLearning<br \/>\nTeoretick\u00e1 zkou\u0161ka<\/div><\/div>\n<\/div>[\/vc_column][vc_column width=&#8220;1\/3&#8243;]<div  id=\"sc_price_1147905225\" \n\tclass=\"sc_price sc_price_default\"><div class=\"sc_price_info\"><div class=\"sc_price_subtitle\">Dive Master Profesion\u00e1ln\u00ed<\/div><div class=\"sc_price_price\"><span class=\"sc_price_value\">Cit\u00e1t<\/span><\/div><div class=\"sc_price_title\">2 T\u00fddny<\/div><div class=\"sc_price_details\">Je vy\u017eadov\u00e1no 60 ponor\u016f<br \/>\neLearning<br \/>\nTeoretick\u00e1 zkou\u0161ka<br \/>\nmo\u017en\u00e9 st\u00e1\u017ee<\/div><\/div>\n<\/div>[\/vc_column][\/vc_row][vc_row][vc_column][vc_empty_space height=&#8220;80&#8243; alter_height=&#8220;large&#8220; hide_on_mobile=&#8220;&#8220;][\/vc_column][vc_column]<div id=\"sc_title_529188259\"\n\t\tclass=\"sc_title sc_title_default\"><h3 class=\"sc_item_title sc_title_title sc_align_center sc_item_title_style_title-medium-size-style\">Specialita Kurzy<\/h3><\/div><!-- \/.sc_title -->[\/vc_column][\/vc_row][vc_row][vc_column width=&#8220;1\/3&#8243;]<div  id=\"sc_price_200582763\" \n\tclass=\"sc_price sc_price_default\"><div class=\"sc_price_info\"><div class=\"sc_price_subtitle\">Wreck Diver<\/div><div class=\"sc_price_price\"><span class=\"sc_price_value\">\u20ac340<\/span><\/div><div class=\"sc_price_title\">4 ponory<\/div><\/div>\n<\/div>[\/vc_column][vc_column width=&#8220;1\/3&#8243;]<div  id=\"sc_price_231022982\" \n\tclass=\"sc_price sc_price_default\"><div class=\"sc_price_info\"><div class=\"sc_price_subtitle\">Deep Diver <\/div><div class=\"sc_price_price\"><span class=\"sc_price_value\">\u20ac340<\/span><\/div><div class=\"sc_price_title\">4 ponory<\/div><\/div>\n<\/div>[\/vc_column][vc_column width=&#8220;1\/3&#8243;]<div  id=\"sc_price_2010057608\" \n\tclass=\"sc_price sc_price_default\"><div class=\"sc_price_info\"><div class=\"sc_price_subtitle\">Enriched Air Diver<\/div><div class=\"sc_price_price\"><span class=\"sc_price_value\">\u20ac290<\/span><\/div><div class=\"sc_price_title\">2 ponory + Exam<\/div><\/div>\n<\/div>[\/vc_column][\/vc_row][vc_row][vc_column][vc_empty_space][\/vc_column][\/vc_row][vc_row][vc_column width=&#8220;1\/2&#8243;]<div  id=\"sc_price_82371399\" \n\tclass=\"sc_price sc_price_default\"><div class=\"sc_price_info\"><div class=\"sc_price_subtitle\">Digital Underwater photographer <\/div><div class=\"sc_price_price\"><span class=\"sc_price_value\">\u20ac280<\/span><\/div><div class=\"sc_price_title\">3 ponory<\/div><\/div>\n<\/div>[\/vc_column][vc_column width=&#8220;1\/2&#8243;]<div  id=\"sc_price_1675225459\" \n\tclass=\"sc_price sc_price_default\"><div class=\"sc_price_info\"><div class=\"sc_price_subtitle\">Peak Performance Buyancy <\/div><div class=\"sc_price_price\"><span class=\"sc_price_value\">\u20ac230<\/span><\/div><div class=\"sc_price_title\">2 ponory<\/div><\/div>\n<\/div>[\/vc_column][\/vc_row]<\/p>","protected":false},"excerpt":{"rendered":"<p>[vc_row][vc_column][vc_single_image image=&#8220;2500&#8243; img_size=&#8220;full&#8220; alignment=&#8220;center&#8220; css=&#8220;.vc_custom_1709824134396{padding-bottom: 20px !important;}&#8220;][\/vc_column][\/vc_row][vc_row][vc_column width=&#8220;1\/2&#8243;][vc_single_image image=&#8220;2456&#8243; alignment=&#8220;center&#8220;][\/vc_column][vc_column width=&#8220;1\/2&#8243;][vc_single_image image=&#8220;2530&#8243; alignment=&#8220;center&#8220;][\/vc_column][\/vc_row][vc_row][vc_column][vc_empty_space alter_height=&#8220;medium&#8220; hide_on_mobile=&#8220;&#8220;][vc_empty_space alter_height=&#8220;medium&#8220; hide_on_mobile=&#8220;&#8220;][\/vc_column][\/vc_row][vc_row][vc_column][vc_column_text]Chce\u0161 se st\u00e1t certifikovan\u00fdm&hellip;<\/p>\n","protected":false},"author":1,"featured_media":0,"parent":0,"menu_order":0,"comment_status":"closed","ping_status":"closed","template":"","meta":[],"yoast_head":"<!-- This site is optimized with the Yoast SEO plugin v20.1 - https:\/\/yoast.com\/wordpress\/plugins\/seo\/ -->\n<title>(English) LJ Diving Tenerife - Pot\u00e1p\u011b\u010dsk\u00e9 centrum a \u0161kola pot\u00e1p\u011bn\u00ed -<\/title>\n<meta name=\"description\" content=\"(English) Get your scuba diving certification in our diving center. Diving center affiliate to FFESSM(CMAS) and Open Water Instructor available(other organisations). Small group or private sessions.\" \/>\n<meta name=\"robots\" content=\"index, follow, max-snippet:-1, max-image-preview:large, max-video-preview:-1\" \/>\n<link rel=\"canonical\" href=\"https:\/\/www.ljdivingtenerife.com\/certification-programs\/\" \/>\n<meta property=\"og:locale\" content=\"cs_CZ\" \/>\n<meta property=\"og:type\" content=\"article\" \/>\n<meta property=\"og:title\" content=\"[:en]LJ Diving Tenerife - Pot\u00e1p\u011b\u010dsk\u00e9 centrum a \u0161kola pot\u00e1p\u011bn\u00ed - [:es]LJ Diving Tenerife - Pot\u00e1p\u011b\u010dsk\u00e9 centrum a \u0161kola pot\u00e1p\u011bn\u00ed - [:]\" \/>\n<meta property=\"og:description\" content=\"{:en}Get your scuba diving certification in our diving center. Diving center affiliate to FFESSM(CMAS) and Open Water Instructor available(other organisations). Small group or private sessions.{:}\" \/>\n<meta property=\"og:url\" content=\"https:\/\/www.ljdivingtenerife.com\/certification-programs\/\" \/>\n<meta property=\"og:site_name\" content=\"LJ Diving Tenerife - Pot\u00e1p\u011b\u010dsk\u00e9 centrum a \u0161kola pot\u00e1p\u011bn\u00ed\" \/>\n<meta property=\"article:modified_time\" content=\"2026-01-02T09:28:02+00:00\" \/>\n<meta name=\"twitter:card\" content=\"summary_large_image\" \/>\n<meta name=\"twitter:label1\" content=\"Odhadovan\u00e1 doba \u010dten\u00ed\" \/>\n\t<meta name=\"twitter:data1\" content=\"3 minuty\" \/>\n<script type=\"application\/ld+json\" class=\"yoast-schema-graph\">{\"@context\":\"https:\/\/schema.org\",\"@graph\":[{\"@type\":\"WebPage\",\"@id\":\"https:\/\/www.ljdivingtenerife.com\/certification-programs\/\",\"url\":\"https:\/\/www.ljdivingtenerife.com\/certification-programs\/\",\"name\":\"[:en]LJ Diving Tenerife - Pot\u00e1p\u011b\u010dsk\u00e9 centrum a \u0161kola pot\u00e1p\u011bn\u00ed - [:es]LJ Diving Tenerife - Pot\u00e1p\u011b\u010dsk\u00e9 centrum a \u0161kola pot\u00e1p\u011bn\u00ed - [:]\",\"isPartOf\":{\"@id\":\"https:\/\/www.ljdivingtenerife.com\/fr\/#website\"},\"datePublished\":\"2017-09-06T11:31:00+00:00\",\"dateModified\":\"2026-01-02T09:28:02+00:00\",\"description\":\"{:en}Get your scuba diving certification in our diving center. Diving center affiliate to FFESSM(CMAS) and Open Water Instructor available(other organisations). Small group or private sessions.{:}\",\"breadcrumb\":{\"@id\":\"https:\/\/www.ljdivingtenerife.com\/certification-programs\/#breadcrumb\"},\"inLanguage\":\"cs\",\"potentialAction\":[{\"@type\":\"ReadAction\",\"target\":[\"https:\/\/www.ljdivingtenerife.com\/certification-programs\/\"]}]},{\"@type\":\"BreadcrumbList\",\"@id\":\"https:\/\/www.ljdivingtenerife.com\/certification-programs\/#breadcrumb\",\"itemListElement\":[{\"@type\":\"ListItem\",\"position\":1,\"name\":\"Home\",\"item\":\"https:\/\/www.ljdivingtenerife.com\/\"},{\"@type\":\"ListItem\",\"position\":2,\"name\":\"Courses and certifications\"}]},{\"@type\":\"WebSite\",\"@id\":\"https:\/\/www.ljdivingtenerife.com\/fr\/#website\",\"url\":\"https:\/\/www.ljdivingtenerife.com\/fr\/\",\"name\":\"LJ Diving Tenerife - Pot\u00e1p\u011b\u010dsk\u00e9 centrum a \u0161kola pot\u00e1p\u011bn\u00ed\",\"description\":\"Pot\u00e1p\u011b\u010dsk\u00e9 centrum a \u0161kola pot\u00e1p\u011bn\u00ed v Tenerife. Rekrea\u010dn\u00ed ponory, vyzkou\u0161ejte ponory a certifika\u010dn\u00ed programy PADI a FFESSM (CMAS).\",\"potentialAction\":[{\"@type\":\"SearchAction\",\"target\":{\"@type\":\"EntryPoint\",\"urlTemplate\":\"https:\/\/www.ljdivingtenerife.com\/fr\/?s={search_term_string}\"},\"query-input\":\"required name=search_term_string\"}],\"inLanguage\":\"cs\"}]}<\/script>\n<!-- \/ Yoast SEO plugin. -->","yoast_head_json":{"title":"(English) LJ Diving Tenerife - Pot\u00e1p\u011b\u010dsk\u00e9 centrum a \u0161kola pot\u00e1p\u011bn\u00ed -","description":"(English) Get your scuba diving certification in our diving center. Diving center affiliate to FFESSM(CMAS) and Open Water Instructor available(other organisations). Small group or private sessions.","robots":{"index":"index","follow":"follow","max-snippet":"max-snippet:-1","max-image-preview":"max-image-preview:large","max-video-preview":"max-video-preview:-1"},"canonical":"https:\/\/www.ljdivingtenerife.com\/certification-programs\/","og_locale":"cs_CZ","og_type":"article","og_title":"[:en]LJ Diving Tenerife - Pot\u00e1p\u011b\u010dsk\u00e9 centrum a \u0161kola pot\u00e1p\u011bn\u00ed - [:es]LJ Diving Tenerife - Pot\u00e1p\u011b\u010dsk\u00e9 centrum a \u0161kola pot\u00e1p\u011bn\u00ed - [:]","og_description":"{:en}Get your scuba diving certification in our diving center. Diving center affiliate to FFESSM(CMAS) and Open Water Instructor available(other organisations). Small group or private sessions.{:}","og_url":"https:\/\/www.ljdivingtenerife.com\/certification-programs\/","og_site_name":"LJ Diving Tenerife - Pot\u00e1p\u011b\u010dsk\u00e9 centrum a \u0161kola pot\u00e1p\u011bn\u00ed","article_modified_time":"2026-01-02T09:28:02+00:00","twitter_card":"summary_large_image","twitter_misc":{"Odhadovan\u00e1 doba \u010dten\u00ed":"3 minuty"},"schema":{"@context":"https:\/\/schema.org","@graph":[{"@type":"WebPage","@id":"https:\/\/www.ljdivingtenerife.com\/certification-programs\/","url":"https:\/\/www.ljdivingtenerife.com\/certification-programs\/","name":"[:en]LJ Diving Tenerife - Pot\u00e1p\u011b\u010dsk\u00e9 centrum a \u0161kola pot\u00e1p\u011bn\u00ed - [:es]LJ Diving Tenerife - Pot\u00e1p\u011b\u010dsk\u00e9 centrum a \u0161kola pot\u00e1p\u011bn\u00ed - [:]","isPartOf":{"@id":"https:\/\/www.ljdivingtenerife.com\/fr\/#website"},"datePublished":"2017-09-06T11:31:00+00:00","dateModified":"2026-01-02T09:28:02+00:00","description":"{:en}Get your scuba diving certification in our diving center. Diving center affiliate to FFESSM(CMAS) and Open Water Instructor available(other organisations). Small group or private sessions.{:}","breadcrumb":{"@id":"https:\/\/www.ljdivingtenerife.com\/certification-programs\/#breadcrumb"},"inLanguage":"cs","potentialAction":[{"@type":"ReadAction","target":["https:\/\/www.ljdivingtenerife.com\/certification-programs\/"]}]},{"@type":"BreadcrumbList","@id":"https:\/\/www.ljdivingtenerife.com\/certification-programs\/#breadcrumb","itemListElement":[{"@type":"ListItem","position":1,"name":"Home","item":"https:\/\/www.ljdivingtenerife.com\/"},{"@type":"ListItem","position":2,"name":"Courses and certifications"}]},{"@type":"WebSite","@id":"https:\/\/www.ljdivingtenerife.com\/fr\/#website","url":"https:\/\/www.ljdivingtenerife.com\/fr\/","name":"LJ Diving Tenerife - Pot\u00e1p\u011b\u010dsk\u00e9 centrum a \u0161kola pot\u00e1p\u011bn\u00ed","description":"Pot\u00e1p\u011b\u010dsk\u00e9 centrum a \u0161kola pot\u00e1p\u011bn\u00ed v Tenerife. Rekrea\u010dn\u00ed ponory, vyzkou\u0161ejte ponory a certifika\u010dn\u00ed programy PADI a FFESSM (CMAS).","potentialAction":[{"@type":"SearchAction","target":{"@type":"EntryPoint","urlTemplate":"https:\/\/www.ljdivingtenerife.com\/fr\/?s={search_term_string}"},"query-input":"required name=search_term_string"}],"inLanguage":"cs"}]}},"_links":{"self":[{"href":"https:\/\/www.ljdivingtenerife.com\/cz\/wp-json\/wp\/v2\/pages\/812"}],"collection":[{"href":"https:\/\/www.ljdivingtenerife.com\/cz\/wp-json\/wp\/v2\/pages"}],"about":[{"href":"https:\/\/www.ljdivingtenerife.com\/cz\/wp-json\/wp\/v2\/types\/page"}],"author":[{"embeddable":true,"href":"https:\/\/www.ljdivingtenerife.com\/cz\/wp-json\/wp\/v2\/users\/1"}],"replies":[{"embeddable":true,"href":"https:\/\/www.ljdivingtenerife.com\/cz\/wp-json\/wp\/v2\/comments?post=812"}],"version-history":[{"count":102,"href":"https:\/\/www.ljdivingtenerife.com\/cz\/wp-json\/wp\/v2\/pages\/812\/revisions"}],"predecessor-version":[{"id":2621,"href":"https:\/\/www.ljdivingtenerife.com\/cz\/wp-json\/wp\/v2\/pages\/812\/revisions\/2621"}],"wp:attachment":[{"href":"https:\/\/www.ljdivingtenerife.com\/cz\/wp-json\/wp\/v2\/media?parent=812"}],"curies":[{"name":"wp","href":"https:\/\/api.w.org\/{rel}","templated":true}]}}