
{"id":810,"date":"2017-09-06T11:30:37","date_gmt":"2017-09-06T11:30:37","guid":{"rendered":"http:\/\/www.ljdivingtenerife.com\/\/?page_id=810"},"modified":"2025-12-09T18:21:59","modified_gmt":"2025-12-09T17:21:59","slug":"scuba-diving","status":"publish","type":"page","link":"https:\/\/www.ljdivingtenerife.com\/cz\/scuba-diving\/","title":{"rendered":"POT\u00c1P\u011aN\u00cd"},"content":{"rendered":"<p>[vc_row][vc_column width=&#8220;1\/4&#8243;][vc_single_image image=&#8220;2530&#8243;][\/vc_column][vc_column width=&#8220;1\/4&#8243;][vc_single_image image=&#8220;1574&#8243; alignment=&#8220;center&#8220;][\/vc_column][vc_column width=&#8220;1\/4&#8243;][vc_single_image image=&#8220;799&#8243; img_size=&#8220;full&#8220; alignment=&#8220;center&#8220; css=&#8220;.vc_custom_1709920190395{margin-top: 30px !important;}&#8220;][\/vc_column][vc_column width=&#8220;1\/4&#8243;][vc_single_image image=&#8220;941&#8243; alignment=&#8220;center&#8220;][\/vc_column][\/vc_row][vc_row][vc_column][vc_single_image image=&#8220;2500&#8243; img_size=&#8220;full&#8220; alignment=&#8220;center&#8220;][\/vc_column][\/vc_row][vc_row][vc_column][vc_separator][\/vc_column][vc_column]<div id=\"sc_title_1631966462\"\n\t\tclass=\"sc_title sc_title_default  vc_custom_1706613117474\"><h3 class=\"sc_item_title sc_title_title sc_align_default sc_item_title_style_default\">Pot\u00e1p\u011b\u010d s certifik\u00e1tem<\/h3><\/div><!-- \/.sc_title -->[\/vc_column][\/vc_row][vc_row][vc_column][vc_column_text]<\/p>\n<p>S na\u0161imi kvalifikovan\u00fdmi a zku\u0161en\u00fdmi instruktory jsou ponory v\u017edy vedeny v souladu s bezpe\u010dnostn\u00edmi normami.<\/p>\n<p>Nez\u00e1le\u017e\u00ed na tom, jak\u00e9 m\u00e1\u0161 pot\u00e1p\u011b\u010dsk\u00e9 dovednosti nebo certifikaci, ka\u017ed\u00fd si m\u016f\u017ee vychutnat podvodn\u00ed sv\u011bt Kan\u00e1rsk\u00fdch ostrov\u016f!<\/p>\n<p>Jsi p\u0159ipraven prozkoumat na\u0161e obl\u00edben\u00e9 m\u00edsta k pot\u00e1p\u011bn\u00ed?<\/p>\n<p>Stisknut\u00edm tla\u010d\u00edtka n\u00ed\u017ee z\u00edsk\u00e1\u0161 dal\u0161\u00ed podrobnosti o lokalit\u00e1ch pro pot\u00e1p\u011bn\u00ed<\/p>\n<p>[\/vc_column_text][vc_empty_space alter_height=&#8220;small&#8220; hide_on_mobile=&#8220;&#8220;][vc_btn title=&#8220;Na\u0161e nejobl\u00edben\u011bj\u0161\u00ed m\u00edsta k pot\u00e1p\u011bn\u00ed&#8220; style=&#8220;3d&#8220; color=&#8220;primary&#8220; link=&#8220;url:https%3A%2F%2Fwww.ljdivingtenerife.com%2Fdive-sites%2F|title:pot%C3%A1p%C4%9B%C4%8Dsk%C3%A9%20str%C3%A1nky||&#8220;][\/vc_column][\/vc_row][vc_row][vc_column][vc_empty_space hide_on_mobile=&#8220;&#8220;][\/vc_column][vc_column]<div id=\"sc_title_97377875\"\n\t\tclass=\"sc_title sc_title_default  vc_custom_1706613133734\"><h3 class=\"sc_item_title sc_title_title sc_align_center sc_item_title_style_title-medium-size-style\">Ceny<\/h3><\/div><!-- \/.sc_title -->[\/vc_column][\/vc_row][vc_row][vc_column width=&#8220;1\/3&#8243;]<div  id=\"sc_price_216648754\" \n\tclass=\"sc_price sc_price_default\"><div class=\"sc_price_info\"><div class=\"sc_price_subtitle\">1-2 POT\u00c1P\u011aN\u00cd<\/div><div class=\"sc_price_price\"><span class=\"sc_price_value\">\u20ac50<\/span><\/div><div class=\"sc_price_title\">Za jeden pot\u00e1p\u011bn\u00ed<\/div><\/div>\n<\/div>[\/vc_column][vc_column width=&#8220;1\/3&#8243;]<div  id=\"sc_price_1198241833\" \n\tclass=\"sc_price sc_price_default\"><div class=\"sc_price_info\"><div class=\"sc_price_subtitle\">3-5 POT\u00c1P\u011aN\u00cd<\/div><div class=\"sc_price_price\"><span class=\"sc_price_value\">\u20ac48<\/span><\/div><div class=\"sc_price_title\">Za jeden pot\u00e1p\u011bn\u00ed<\/div><\/div>\n<\/div>[\/vc_column][vc_column width=&#8220;1\/3&#8243;]<div  id=\"sc_price_2103449893\" \n\tclass=\"sc_price sc_price_default\"><div class=\"sc_price_info\"><div class=\"sc_price_subtitle\">6-9 POT\u00c1P\u011aN\u00cd<\/div><div class=\"sc_price_price\"><span class=\"sc_price_value\">\u20ac45<\/span><\/div><div class=\"sc_price_title\">Za jeden pot\u00e1p\u011bn\u00ed<\/div><\/div>\n<\/div>[\/vc_column][\/vc_row][vc_row][vc_column][vc_empty_space hide_on_mobile=&#8220;&#8220;][\/vc_column][\/vc_row][vc_row][vc_column width=&#8220;1\/2&#8243;]<div  id=\"sc_price_719620276\" \n\tclass=\"sc_price sc_price_default\"><div class=\"sc_price_info\"><div class=\"sc_price_subtitle\">+10 POT\u00c1P\u011aN\u00cd (BONO KARTA )<\/div><div class=\"sc_price_price\"><span class=\"sc_price_value\">\u20ac42<\/span><\/div><div class=\"sc_price_title\">Za jeden pot\u00e1p\u011bn\u00ed<\/div><\/div>\n<\/div>[\/vc_column][vc_column width=&#8220;1\/2&#8243;]<div  id=\"sc_price_1162538765\" \n\tclass=\"sc_price sc_price_default\"><div class=\"sc_price_info\"><div class=\"sc_price_subtitle\">PRON\u00c1JEM PLN\u00c9HO VYBAVEN\u00cd<\/div><div class=\"sc_price_price\"><span class=\"sc_price_value\">\u20ac20<\/span><\/div><div class=\"sc_price_title\">Denn\u011b<\/div><\/div>\n<\/div>[\/vc_column][\/vc_row][vc_row][vc_column][vc_empty_space hide_on_mobile=&#8220;&#8220;][\/vc_column][\/vc_row][vc_row][vc_column width=&#8220;1\/2&#8243;]<div  id=\"sc_price_275839863\" \n\tclass=\"sc_price sc_price_default\"><div class=\"sc_price_info\"><div class=\"sc_price_subtitle\">P\u0159\u00edplatek za ``refresh`` pot\u00e1p\u011bn\u00ed<\/div><div class=\"sc_price_price\"><span class=\"sc_price_value\">\u20ac25<\/span><\/div><div class=\"sc_price_title\">Za osobu<\/div><\/div>\n<\/div>[\/vc_column][vc_column width=&#8220;1\/2&#8243;]<div  id=\"sc_price_137783474\" \n\tclass=\"sc_price sc_price_default\"><div class=\"sc_price_info\"><div class=\"sc_price_subtitle\">P\u0159\u00edplatek za no\u010dn\u00ed pot\u00e1p\u011bn\u00ed<\/div><div class=\"sc_price_price\"><span class=\"sc_price_value\">\u20ac40<\/span><\/div><div class=\"sc_price_title\">Za osobu<\/div><\/div>\n<\/div>[\/vc_column][\/vc_row]<\/p>","protected":false},"excerpt":{"rendered":"<p>[vc_row][vc_column width=&#8220;1\/4&#8243;][vc_single_image image=&#8220;2530&#8243;][\/vc_column][vc_column width=&#8220;1\/4&#8243;][vc_single_image image=&#8220;1574&#8243; alignment=&#8220;center&#8220;][\/vc_column][vc_column width=&#8220;1\/4&#8243;][vc_single_image image=&#8220;799&#8243; img_size=&#8220;full&#8220; alignment=&#8220;center&#8220; css=&#8220;.vc_custom_1709920190395{margin-top: 30px !important;}&#8220;][\/vc_column][vc_column width=&#8220;1\/4&#8243;][vc_single_image image=&#8220;941&#8243; alignment=&#8220;center&#8220;][\/vc_column][\/vc_row][vc_row][vc_column][vc_single_image image=&#8220;2500&#8243; img_size=&#8220;full&#8220; alignment=&#8220;center&#8220;][\/vc_column][\/vc_row][vc_row][vc_column][vc_separator][\/vc_column][vc_column][\/vc_column][\/vc_row][vc_row][vc_column][vc_column_text] S&hellip;<\/p>\n","protected":false},"author":1,"featured_media":924,"parent":0,"menu_order":0,"comment_status":"closed","ping_status":"closed","template":"","meta":[],"yoast_head":"<!-- This site is optimized with the Yoast SEO plugin v20.1 - https:\/\/yoast.com\/wordpress\/plugins\/seo\/ -->\n<title>(English) LJ Diving Tenerife - Pot\u00e1p\u011b\u010dsk\u00e9 centrum a \u0161kola pot\u00e1p\u011bn\u00ed - POT\u00c1P\u011aN\u00cd<\/title>\n<meta name=\"description\" content=\"Prozkoumejte a objevte nejlep\u0161\u00ed pot\u00e1p\u011b\u010dsk\u00e1 m\u00edsta na jihu Tenerife se zku\u0161en\u00fdm pr\u016fvodcem. Al pot\u00e1p\u011bn\u00ed z lodi. A\u0165 u\u017e jsou va\u0161e dovednosti nebo certifikace jak\u00e9koli, v\u017edy najdeme nejlep\u0161\u00ed m\u00edsto pro pot\u00e1p\u011bn\u00ed podle zku\u0161enost\u00ed a pov\u011btrnostn\u00edch podm\u00ednek. Chyst\u00e1te se experimentovat s pot\u00e1p\u011bc\u00ed filozofi\u00ed L\u00e1ska a radost. P\u0159ipojte se k n\u00e1m a nikdy nezapomenete na va\u0161e ponory, kter\u00e9 fotografuj\u00ed, a na teplou atmosf\u00e9ru, kterou vytv\u00e1\u0159\u00edme pro na\u0161e pot\u00e1p\u011b\u010de.\" \/>\n<meta name=\"robots\" content=\"index, follow, max-snippet:-1, max-image-preview:large, max-video-preview:-1\" \/>\n<link rel=\"canonical\" href=\"https:\/\/www.ljdivingtenerife.com\/scuba-diving\/\" \/>\n<meta property=\"og:locale\" content=\"cs_CZ\" \/>\n<meta property=\"og:type\" content=\"article\" \/>\n<meta property=\"og:title\" content=\"[:en]LJ Diving Tenerife - Pot\u00e1p\u011b\u010dsk\u00e9 centrum a \u0161kola pot\u00e1p\u011bn\u00ed - POT\u00c1P\u011aN\u00cd [:]\" \/>\n<meta property=\"og:description\" content=\"{:en}Explore and discover the best diving sites in Tenerife south with an experienced guide. Al diving session from the boat. Whatever your skills or certification we always find the best dive site according to the experience and weather conditions. You are going to experiment the &quot;Love and Joy&quot; scuba diving philosophy. Join us and you will never forget your dives thaks to the photos we are taking and the warm atmosphere we create for our divers.{:es}Explora y descubre los mejores sitios de buceo en el sur de Tenerife con un gu\u00eda experimentado. Al sesi\u00f3n de buceo desde el barco. Sean cuales sean sus habilidades o certificaci\u00f3n, siempre encontramos el mejor sitio de buceo de acuerdo con la experiencia y las condiciones clim\u00e1ticas. Vas a experimentar la filosof\u00eda de buceo &quot;Love and Joy&quot;. \u00danase a nosotros y nunca olvidar\u00e1 sus inmersiones gracias a las fotos que estamos tomando y la c\u00e1lida atm\u00f3sfera que creamos para nuestros buceadores.{:fr}Explorez et d\u00e9couvrez les meilleurs sites de plong\u00e9e de Tenerife Sud accompagn\u00e9 d&#039;un guide exp\u00e9riment\u00e9. Toutes nos plong\u00e9es se font depuis notre bateau. Quelles que soient vos comp\u00e9tences ou votre certification, nous trouvons toujours le meilleur site de plong\u00e9e en fonction de votre exp\u00e9rience et des conditions m\u00e9t\u00e9orologiques. Vous allez gouter \u00e0 la philosophie de la plong\u00e9e sous-marine &quot;Love and Joy&quot;. Rejoignez-nous et vous n&#039;oublierez jamais vos plong\u00e9es gr\u00e2ce aux photos que nous prenons et \u00e0 l&#039;atmosph\u00e8re chaleureuse que nous cr\u00e9ons pour nos plongeurs.{:de}Entdecken und entdecken Sie die besten Tauchpl\u00e4tze auf Teneriffa im S\u00fcden mit einem erfahrenen Guide. Alle Tauchg\u00e4nge vom Boot aus. Unabh\u00e4ngig von Ihren F\u00e4higkeiten oder Ihrer Zertifizierung finden wir immer den besten Tauchplatz, je nach Erfahrung und Wetterbedingungen. Sie werden die &quot;Love and Joy&quot; Tauchphilosophie ausprobieren. Machen Sie mit und Sie werden nie vergessen, dass Ihre Tauchg\u00e4nge den Fotos, die wir machen, und der warmen Atmosph\u00e4re, die wir f\u00fcr unsere Taucher schaffen, zu verdanken sind.{:cz}Prozkoumejte a objevte nejlep\u0161\u00ed pot\u00e1p\u011b\u010dsk\u00e1 m\u00edsta na jihu Tenerife se zku\u0161en\u00fdm pr\u016fvodcem. Al pot\u00e1p\u011bn\u00ed z lodi. A\u0165 u\u017e jsou va\u0161e dovednosti nebo certifikace jak\u00e9koli, v\u017edy najdeme nejlep\u0161\u00ed m\u00edsto pro pot\u00e1p\u011bn\u00ed podle zku\u0161enost\u00ed a pov\u011btrnostn\u00edch podm\u00ednek. Chyst\u00e1te se experimentovat s pot\u00e1p\u011bc\u00ed filozofi\u00ed L\u00e1ska a radost. P\u0159ipojte se k n\u00e1m a nikdy nezapomenete na va\u0161e ponory, kter\u00e9 fotografuj\u00ed, a na teplou atmosf\u00e9ru, kterou vytv\u00e1\u0159\u00edme pro na\u0161e pot\u00e1p\u011b\u010de.{:}\" \/>\n<meta property=\"og:url\" content=\"https:\/\/www.ljdivingtenerife.com\/scuba-diving\/\" \/>\n<meta property=\"og:site_name\" content=\"LJ Diving Tenerife - Pot\u00e1p\u011b\u010dsk\u00e9 centrum a \u0161kola pot\u00e1p\u011bn\u00ed\" \/>\n<meta property=\"article:modified_time\" content=\"2025-12-09T17:21:59+00:00\" \/>\n<meta property=\"og:image\" content=\"https:\/\/www.ljdivingtenerife.com\/wp-content\/uploads\/2017\/08\/what-4.jpg\" \/>\n\t<meta property=\"og:image:width\" content=\"2304\" \/>\n\t<meta property=\"og:image:height\" content=\"1728\" \/>\n\t<meta property=\"og:image:type\" content=\"image\/jpeg\" \/>\n<meta name=\"twitter:card\" content=\"summary_large_image\" \/>\n<meta name=\"twitter:label1\" content=\"Odhadovan\u00e1 doba \u010dten\u00ed\" \/>\n\t<meta name=\"twitter:data1\" content=\"2 minuty\" \/>\n<script type=\"application\/ld+json\" class=\"yoast-schema-graph\">{\"@context\":\"https:\/\/schema.org\",\"@graph\":[{\"@type\":\"WebPage\",\"@id\":\"https:\/\/www.ljdivingtenerife.com\/scuba-diving\/\",\"url\":\"https:\/\/www.ljdivingtenerife.com\/scuba-diving\/\",\"name\":\"[:en]LJ Diving Tenerife - Pot\u00e1p\u011b\u010dsk\u00e9 centrum a \u0161kola pot\u00e1p\u011bn\u00ed - POT\u00c1P\u011aN\u00cd [:]\",\"isPartOf\":{\"@id\":\"https:\/\/www.ljdivingtenerife.com\/fr\/#website\"},\"datePublished\":\"2017-09-06T11:30:37+00:00\",\"dateModified\":\"2025-12-09T17:21:59+00:00\",\"description\":\"{:en}Explore and discover the best diving sites in Tenerife south with an experienced guide. Al diving session from the boat. Whatever your skills or certification we always find the best dive site according to the experience and weather conditions. You are going to experiment the \\\"Love and Joy\\\" scuba diving philosophy. Join us and you will never forget your dives thaks to the photos we are taking and the warm atmosphere we create for our divers.{:es}Explora y descubre los mejores sitios de buceo en el sur de Tenerife con un gu\u00eda experimentado. Al sesi\u00f3n de buceo desde el barco. Sean cuales sean sus habilidades o certificaci\u00f3n, siempre encontramos el mejor sitio de buceo de acuerdo con la experiencia y las condiciones clim\u00e1ticas. Vas a experimentar la filosof\u00eda de buceo \\\"Love and Joy\\\". \u00danase a nosotros y nunca olvidar\u00e1 sus inmersiones gracias a las fotos que estamos tomando y la c\u00e1lida atm\u00f3sfera que creamos para nuestros buceadores.{:fr}Explorez et d\u00e9couvrez les meilleurs sites de plong\u00e9e de Tenerife Sud accompagn\u00e9 d'un guide exp\u00e9riment\u00e9. Toutes nos plong\u00e9es se font depuis notre bateau. Quelles que soient vos comp\u00e9tences ou votre certification, nous trouvons toujours le meilleur site de plong\u00e9e en fonction de votre exp\u00e9rience et des conditions m\u00e9t\u00e9orologiques. Vous allez gouter \u00e0 la philosophie de la plong\u00e9e sous-marine \\\"Love and Joy\\\". Rejoignez-nous et vous n'oublierez jamais vos plong\u00e9es gr\u00e2ce aux photos que nous prenons et \u00e0 l'atmosph\u00e8re chaleureuse que nous cr\u00e9ons pour nos plongeurs.{:de}Entdecken und entdecken Sie die besten Tauchpl\u00e4tze auf Teneriffa im S\u00fcden mit einem erfahrenen Guide. Alle Tauchg\u00e4nge vom Boot aus. Unabh\u00e4ngig von Ihren F\u00e4higkeiten oder Ihrer Zertifizierung finden wir immer den besten Tauchplatz, je nach Erfahrung und Wetterbedingungen. Sie werden die \\\"Love and Joy\\\" Tauchphilosophie ausprobieren. Machen Sie mit und Sie werden nie vergessen, dass Ihre Tauchg\u00e4nge den Fotos, die wir machen, und der warmen Atmosph\u00e4re, die wir f\u00fcr unsere Taucher schaffen, zu verdanken sind.{:cz}Prozkoumejte a objevte nejlep\u0161\u00ed pot\u00e1p\u011b\u010dsk\u00e1 m\u00edsta na jihu Tenerife se zku\u0161en\u00fdm pr\u016fvodcem. Al pot\u00e1p\u011bn\u00ed z lodi. A\u0165 u\u017e jsou va\u0161e dovednosti nebo certifikace jak\u00e9koli, v\u017edy najdeme nejlep\u0161\u00ed m\u00edsto pro pot\u00e1p\u011bn\u00ed podle zku\u0161enost\u00ed a pov\u011btrnostn\u00edch podm\u00ednek. Chyst\u00e1te se experimentovat s pot\u00e1p\u011bc\u00ed filozofi\u00ed L\u00e1ska a radost. P\u0159ipojte se k n\u00e1m a nikdy nezapomenete na va\u0161e ponory, kter\u00e9 fotografuj\u00ed, a na teplou atmosf\u00e9ru, kterou vytv\u00e1\u0159\u00edme pro na\u0161e pot\u00e1p\u011b\u010de.{:}\",\"breadcrumb\":{\"@id\":\"https:\/\/www.ljdivingtenerife.com\/scuba-diving\/#breadcrumb\"},\"inLanguage\":\"cs\",\"potentialAction\":[{\"@type\":\"ReadAction\",\"target\":[\"https:\/\/www.ljdivingtenerife.com\/scuba-diving\/\"]}]},{\"@type\":\"BreadcrumbList\",\"@id\":\"https:\/\/www.ljdivingtenerife.com\/scuba-diving\/#breadcrumb\",\"itemListElement\":[{\"@type\":\"ListItem\",\"position\":1,\"name\":\"Home\",\"item\":\"https:\/\/www.ljdivingtenerife.com\/\"},{\"@type\":\"ListItem\",\"position\":2,\"name\":\"Scuba Diving\"}]},{\"@type\":\"WebSite\",\"@id\":\"https:\/\/www.ljdivingtenerife.com\/fr\/#website\",\"url\":\"https:\/\/www.ljdivingtenerife.com\/fr\/\",\"name\":\"LJ Diving Tenerife - Pot\u00e1p\u011b\u010dsk\u00e9 centrum a \u0161kola pot\u00e1p\u011bn\u00ed\",\"description\":\"Pot\u00e1p\u011b\u010dsk\u00e9 centrum a \u0161kola pot\u00e1p\u011bn\u00ed v Tenerife. Rekrea\u010dn\u00ed ponory, vyzkou\u0161ejte ponory a certifika\u010dn\u00ed programy PADI a FFESSM (CMAS).\",\"potentialAction\":[{\"@type\":\"SearchAction\",\"target\":{\"@type\":\"EntryPoint\",\"urlTemplate\":\"https:\/\/www.ljdivingtenerife.com\/fr\/?s={search_term_string}\"},\"query-input\":\"required name=search_term_string\"}],\"inLanguage\":\"cs\"}]}<\/script>\n<!-- \/ Yoast SEO plugin. -->","yoast_head_json":{"title":"(English) LJ Diving Tenerife - Pot\u00e1p\u011b\u010dsk\u00e9 centrum a \u0161kola pot\u00e1p\u011bn\u00ed - POT\u00c1P\u011aN\u00cd","description":"Prozkoumejte a objevte nejlep\u0161\u00ed pot\u00e1p\u011b\u010dsk\u00e1 m\u00edsta na jihu Tenerife se zku\u0161en\u00fdm pr\u016fvodcem. Al pot\u00e1p\u011bn\u00ed z lodi. A\u0165 u\u017e jsou va\u0161e dovednosti nebo certifikace jak\u00e9koli, v\u017edy najdeme nejlep\u0161\u00ed m\u00edsto pro pot\u00e1p\u011bn\u00ed podle zku\u0161enost\u00ed a pov\u011btrnostn\u00edch podm\u00ednek. Chyst\u00e1te se experimentovat s pot\u00e1p\u011bc\u00ed filozofi\u00ed L\u00e1ska a radost. P\u0159ipojte se k n\u00e1m a nikdy nezapomenete na va\u0161e ponory, kter\u00e9 fotografuj\u00ed, a na teplou atmosf\u00e9ru, kterou vytv\u00e1\u0159\u00edme pro na\u0161e pot\u00e1p\u011b\u010de.","robots":{"index":"index","follow":"follow","max-snippet":"max-snippet:-1","max-image-preview":"max-image-preview:large","max-video-preview":"max-video-preview:-1"},"canonical":"https:\/\/www.ljdivingtenerife.com\/scuba-diving\/","og_locale":"cs_CZ","og_type":"article","og_title":"[:en]LJ Diving Tenerife - Pot\u00e1p\u011b\u010dsk\u00e9 centrum a \u0161kola pot\u00e1p\u011bn\u00ed - POT\u00c1P\u011aN\u00cd [:]","og_description":"{:en}Explore and discover the best diving sites in Tenerife south with an experienced guide. Al diving session from the boat. Whatever your skills or certification we always find the best dive site according to the experience and weather conditions. You are going to experiment the \"Love and Joy\" scuba diving philosophy. Join us and you will never forget your dives thaks to the photos we are taking and the warm atmosphere we create for our divers.{:es}Explora y descubre los mejores sitios de buceo en el sur de Tenerife con un gu\u00eda experimentado. Al sesi\u00f3n de buceo desde el barco. Sean cuales sean sus habilidades o certificaci\u00f3n, siempre encontramos el mejor sitio de buceo de acuerdo con la experiencia y las condiciones clim\u00e1ticas. Vas a experimentar la filosof\u00eda de buceo \"Love and Joy\". \u00danase a nosotros y nunca olvidar\u00e1 sus inmersiones gracias a las fotos que estamos tomando y la c\u00e1lida atm\u00f3sfera que creamos para nuestros buceadores.{:fr}Explorez et d\u00e9couvrez les meilleurs sites de plong\u00e9e de Tenerife Sud accompagn\u00e9 d'un guide exp\u00e9riment\u00e9. Toutes nos plong\u00e9es se font depuis notre bateau. Quelles que soient vos comp\u00e9tences ou votre certification, nous trouvons toujours le meilleur site de plong\u00e9e en fonction de votre exp\u00e9rience et des conditions m\u00e9t\u00e9orologiques. Vous allez gouter \u00e0 la philosophie de la plong\u00e9e sous-marine \"Love and Joy\". Rejoignez-nous et vous n'oublierez jamais vos plong\u00e9es gr\u00e2ce aux photos que nous prenons et \u00e0 l'atmosph\u00e8re chaleureuse que nous cr\u00e9ons pour nos plongeurs.{:de}Entdecken und entdecken Sie die besten Tauchpl\u00e4tze auf Teneriffa im S\u00fcden mit einem erfahrenen Guide. Alle Tauchg\u00e4nge vom Boot aus. Unabh\u00e4ngig von Ihren F\u00e4higkeiten oder Ihrer Zertifizierung finden wir immer den besten Tauchplatz, je nach Erfahrung und Wetterbedingungen. Sie werden die \"Love and Joy\" Tauchphilosophie ausprobieren. Machen Sie mit und Sie werden nie vergessen, dass Ihre Tauchg\u00e4nge den Fotos, die wir machen, und der warmen Atmosph\u00e4re, die wir f\u00fcr unsere Taucher schaffen, zu verdanken sind.{:cz}Prozkoumejte a objevte nejlep\u0161\u00ed pot\u00e1p\u011b\u010dsk\u00e1 m\u00edsta na jihu Tenerife se zku\u0161en\u00fdm pr\u016fvodcem. Al pot\u00e1p\u011bn\u00ed z lodi. A\u0165 u\u017e jsou va\u0161e dovednosti nebo certifikace jak\u00e9koli, v\u017edy najdeme nejlep\u0161\u00ed m\u00edsto pro pot\u00e1p\u011bn\u00ed podle zku\u0161enost\u00ed a pov\u011btrnostn\u00edch podm\u00ednek. Chyst\u00e1te se experimentovat s pot\u00e1p\u011bc\u00ed filozofi\u00ed L\u00e1ska a radost. P\u0159ipojte se k n\u00e1m a nikdy nezapomenete na va\u0161e ponory, kter\u00e9 fotografuj\u00ed, a na teplou atmosf\u00e9ru, kterou vytv\u00e1\u0159\u00edme pro na\u0161e pot\u00e1p\u011b\u010de.{:}","og_url":"https:\/\/www.ljdivingtenerife.com\/scuba-diving\/","og_site_name":"LJ Diving Tenerife - Pot\u00e1p\u011b\u010dsk\u00e9 centrum a \u0161kola pot\u00e1p\u011bn\u00ed","article_modified_time":"2025-12-09T17:21:59+00:00","og_image":[{"width":2304,"height":1728,"url":"https:\/\/www.ljdivingtenerife.com\/wp-content\/uploads\/2017\/08\/what-4.jpg","type":"image\/jpeg"}],"twitter_card":"summary_large_image","twitter_misc":{"Odhadovan\u00e1 doba \u010dten\u00ed":"2 minuty"},"schema":{"@context":"https:\/\/schema.org","@graph":[{"@type":"WebPage","@id":"https:\/\/www.ljdivingtenerife.com\/scuba-diving\/","url":"https:\/\/www.ljdivingtenerife.com\/scuba-diving\/","name":"[:en]LJ Diving Tenerife - Pot\u00e1p\u011b\u010dsk\u00e9 centrum a \u0161kola pot\u00e1p\u011bn\u00ed - POT\u00c1P\u011aN\u00cd [:]","isPartOf":{"@id":"https:\/\/www.ljdivingtenerife.com\/fr\/#website"},"datePublished":"2017-09-06T11:30:37+00:00","dateModified":"2025-12-09T17:21:59+00:00","description":"{:en}Explore and discover the best diving sites in Tenerife south with an experienced guide. Al diving session from the boat. Whatever your skills or certification we always find the best dive site according to the experience and weather conditions. You are going to experiment the \"Love and Joy\" scuba diving philosophy. Join us and you will never forget your dives thaks to the photos we are taking and the warm atmosphere we create for our divers.{:es}Explora y descubre los mejores sitios de buceo en el sur de Tenerife con un gu\u00eda experimentado. Al sesi\u00f3n de buceo desde el barco. Sean cuales sean sus habilidades o certificaci\u00f3n, siempre encontramos el mejor sitio de buceo de acuerdo con la experiencia y las condiciones clim\u00e1ticas. Vas a experimentar la filosof\u00eda de buceo \"Love and Joy\". \u00danase a nosotros y nunca olvidar\u00e1 sus inmersiones gracias a las fotos que estamos tomando y la c\u00e1lida atm\u00f3sfera que creamos para nuestros buceadores.{:fr}Explorez et d\u00e9couvrez les meilleurs sites de plong\u00e9e de Tenerife Sud accompagn\u00e9 d'un guide exp\u00e9riment\u00e9. Toutes nos plong\u00e9es se font depuis notre bateau. Quelles que soient vos comp\u00e9tences ou votre certification, nous trouvons toujours le meilleur site de plong\u00e9e en fonction de votre exp\u00e9rience et des conditions m\u00e9t\u00e9orologiques. Vous allez gouter \u00e0 la philosophie de la plong\u00e9e sous-marine \"Love and Joy\". Rejoignez-nous et vous n'oublierez jamais vos plong\u00e9es gr\u00e2ce aux photos que nous prenons et \u00e0 l'atmosph\u00e8re chaleureuse que nous cr\u00e9ons pour nos plongeurs.{:de}Entdecken und entdecken Sie die besten Tauchpl\u00e4tze auf Teneriffa im S\u00fcden mit einem erfahrenen Guide. Alle Tauchg\u00e4nge vom Boot aus. Unabh\u00e4ngig von Ihren F\u00e4higkeiten oder Ihrer Zertifizierung finden wir immer den besten Tauchplatz, je nach Erfahrung und Wetterbedingungen. Sie werden die \"Love and Joy\" Tauchphilosophie ausprobieren. Machen Sie mit und Sie werden nie vergessen, dass Ihre Tauchg\u00e4nge den Fotos, die wir machen, und der warmen Atmosph\u00e4re, die wir f\u00fcr unsere Taucher schaffen, zu verdanken sind.{:cz}Prozkoumejte a objevte nejlep\u0161\u00ed pot\u00e1p\u011b\u010dsk\u00e1 m\u00edsta na jihu Tenerife se zku\u0161en\u00fdm pr\u016fvodcem. Al pot\u00e1p\u011bn\u00ed z lodi. A\u0165 u\u017e jsou va\u0161e dovednosti nebo certifikace jak\u00e9koli, v\u017edy najdeme nejlep\u0161\u00ed m\u00edsto pro pot\u00e1p\u011bn\u00ed podle zku\u0161enost\u00ed a pov\u011btrnostn\u00edch podm\u00ednek. Chyst\u00e1te se experimentovat s pot\u00e1p\u011bc\u00ed filozofi\u00ed L\u00e1ska a radost. P\u0159ipojte se k n\u00e1m a nikdy nezapomenete na va\u0161e ponory, kter\u00e9 fotografuj\u00ed, a na teplou atmosf\u00e9ru, kterou vytv\u00e1\u0159\u00edme pro na\u0161e pot\u00e1p\u011b\u010de.{:}","breadcrumb":{"@id":"https:\/\/www.ljdivingtenerife.com\/scuba-diving\/#breadcrumb"},"inLanguage":"cs","potentialAction":[{"@type":"ReadAction","target":["https:\/\/www.ljdivingtenerife.com\/scuba-diving\/"]}]},{"@type":"BreadcrumbList","@id":"https:\/\/www.ljdivingtenerife.com\/scuba-diving\/#breadcrumb","itemListElement":[{"@type":"ListItem","position":1,"name":"Home","item":"https:\/\/www.ljdivingtenerife.com\/"},{"@type":"ListItem","position":2,"name":"Scuba Diving"}]},{"@type":"WebSite","@id":"https:\/\/www.ljdivingtenerife.com\/fr\/#website","url":"https:\/\/www.ljdivingtenerife.com\/fr\/","name":"LJ Diving Tenerife - Pot\u00e1p\u011b\u010dsk\u00e9 centrum a \u0161kola pot\u00e1p\u011bn\u00ed","description":"Pot\u00e1p\u011b\u010dsk\u00e9 centrum a \u0161kola pot\u00e1p\u011bn\u00ed v Tenerife. Rekrea\u010dn\u00ed ponory, vyzkou\u0161ejte ponory a certifika\u010dn\u00ed programy PADI a FFESSM (CMAS).","potentialAction":[{"@type":"SearchAction","target":{"@type":"EntryPoint","urlTemplate":"https:\/\/www.ljdivingtenerife.com\/fr\/?s={search_term_string}"},"query-input":"required name=search_term_string"}],"inLanguage":"cs"}]}},"_links":{"self":[{"href":"https:\/\/www.ljdivingtenerife.com\/cz\/wp-json\/wp\/v2\/pages\/810"}],"collection":[{"href":"https:\/\/www.ljdivingtenerife.com\/cz\/wp-json\/wp\/v2\/pages"}],"about":[{"href":"https:\/\/www.ljdivingtenerife.com\/cz\/wp-json\/wp\/v2\/types\/page"}],"author":[{"embeddable":true,"href":"https:\/\/www.ljdivingtenerife.com\/cz\/wp-json\/wp\/v2\/users\/1"}],"replies":[{"embeddable":true,"href":"https:\/\/www.ljdivingtenerife.com\/cz\/wp-json\/wp\/v2\/comments?post=810"}],"version-history":[{"count":42,"href":"https:\/\/www.ljdivingtenerife.com\/cz\/wp-json\/wp\/v2\/pages\/810\/revisions"}],"predecessor-version":[{"id":2620,"href":"https:\/\/www.ljdivingtenerife.com\/cz\/wp-json\/wp\/v2\/pages\/810\/revisions\/2620"}],"wp:featuredmedia":[{"embeddable":true,"href":"https:\/\/www.ljdivingtenerife.com\/cz\/wp-json\/wp\/v2\/media\/924"}],"wp:attachment":[{"href":"https:\/\/www.ljdivingtenerife.com\/cz\/wp-json\/wp\/v2\/media?parent=810"}],"curies":[{"name":"wp","href":"https:\/\/api.w.org\/{rel}","templated":true}]}}