
{"id":78,"date":"2016-10-11T08:24:52","date_gmt":"2016-10-11T08:24:52","guid":{"rendered":"http:\/\/www.ljdivingtenerife.com\/\/?page_id=78"},"modified":"2020-07-14T09:27:16","modified_gmt":"2020-07-14T08:27:16","slug":"gallery","status":"publish","type":"page","link":"https:\/\/www.ljdivingtenerife.com\/cz\/gallery\/","title":{"rendered":"Galerie"},"content":{"rendered":"<p>[vc_row][vc_column][vc_column_text]Welcome to our photo gallery !<\/p>\n<p>Here are few pictures of what you could see or meet during your dives in the canarian ocean.<\/p>\n<p>These photos has been shot by our clients who are not professional photographers. Anyway they reflect their sensitivity and creativity which is the most important for us.<\/p>\n<p>Enjoy and come to dive with us to discover this incredible undersea world !<\/p>\n<p>&nbsp;<\/p>\n<p>[\/vc_column_text][\/vc_column][\/vc_row][vc_row][vc_column][vc_media_grid style=&#8220;load-more&#8220; items_per_page=&#8220;12&#8243; btn_title=&#8220;V\u00edce&#8230;&#8220; grid_id=&#8220;vc_gid:1534322372152-d2cb05ef-eb68-7&#8243; include=&#8220;923,922,921,920,919,775,764,762,760,753,738,737,736,975,980,986,988,1187,1188,1189,1195,1200,1201,1199,1197,1196,1202,1204,1205,1206,1207,1212,1214,1215,1216,1218,1219,1226,1244,1246,1224,1223,1221,1457,1458,1520,1249&#8243;][\/vc_column][\/vc_row]<\/p>","protected":false},"excerpt":{"rendered":"<p>[vc_row][vc_column][vc_column_text]Welcome to our photo gallery ! Here are few pictures of what you could see or meet during your dives&hellip;<\/p>\n","protected":false},"author":1,"featured_media":0,"parent":0,"menu_order":0,"comment_status":"closed","ping_status":"closed","template":"","meta":[],"yoast_head":"<!-- This site is optimized with the Yoast SEO plugin v20.1 - https:\/\/yoast.com\/wordpress\/plugins\/seo\/ -->\n<title>Galerie - LJ Diving Tenerife - Pot\u00e1p\u011b\u010dsk\u00e9 centrum a \u0161kola pot\u00e1p\u011bn\u00ed<\/title>\n<meta name=\"description\" content=\"Check out some of the pictures from the dive sites. Discover our gallery of only amateur shots. Enjoy !\" \/>\n<meta name=\"robots\" content=\"index, follow, max-snippet:-1, max-image-preview:large, max-video-preview:-1\" \/>\n<link rel=\"canonical\" href=\"https:\/\/www.ljdivingtenerife.com\/en\/gallery\/\" \/>\n<meta property=\"og:locale\" content=\"cs_CZ\" \/>\n<meta property=\"og:type\" content=\"article\" \/>\n<meta property=\"og:title\" content=\"Galerie - LJ Diving Tenerife - Pot\u00e1p\u011b\u010dsk\u00e9 centrum a \u0161kola pot\u00e1p\u011bn\u00ed\" \/>\n<meta property=\"og:description\" content=\"Check out some of the pictures from the dive sites. Discover our gallery of only amateur shots. Enjoy !\" \/>\n<meta property=\"og:url\" content=\"https:\/\/www.ljdivingtenerife.com\/en\/gallery\/\" \/>\n<meta property=\"og:site_name\" content=\"LJ Diving Tenerife - Pot\u00e1p\u011b\u010dsk\u00e9 centrum a \u0161kola pot\u00e1p\u011bn\u00ed\" \/>\n<meta property=\"article:modified_time\" content=\"2020-07-14T08:27:16+00:00\" \/>\n<meta name=\"twitter:card\" content=\"summary_large_image\" \/>\n<meta name=\"twitter:label1\" content=\"Odhadovan\u00e1 doba \u010dten\u00ed\" \/>\n\t<meta name=\"twitter:data1\" content=\"3 minuty\" \/>\n<script type=\"application\/ld+json\" class=\"yoast-schema-graph\">{\"@context\":\"https:\/\/schema.org\",\"@graph\":[{\"@type\":\"WebPage\",\"@id\":\"https:\/\/www.ljdivingtenerife.com\/en\/gallery\/\",\"url\":\"https:\/\/www.ljdivingtenerife.com\/en\/gallery\/\",\"name\":\"Galerie - LJ Diving Tenerife - Pot\u00e1p\u011b\u010dsk\u00e9 centrum a \u0161kola pot\u00e1p\u011bn\u00ed\",\"isPartOf\":{\"@id\":\"https:\/\/www.ljdivingtenerife.com\/fr\/#website\"},\"datePublished\":\"2016-10-11T08:24:52+00:00\",\"dateModified\":\"2020-07-14T08:27:16+00:00\",\"description\":\"Check out some of the pictures from the dive sites. Discover our gallery of only amateur shots. Enjoy !\",\"breadcrumb\":{\"@id\":\"https:\/\/www.ljdivingtenerife.com\/en\/gallery\/#breadcrumb\"},\"inLanguage\":\"cs\",\"potentialAction\":[{\"@type\":\"ReadAction\",\"target\":[\"https:\/\/www.ljdivingtenerife.com\/en\/gallery\/\"]}]},{\"@type\":\"BreadcrumbList\",\"@id\":\"https:\/\/www.ljdivingtenerife.com\/en\/gallery\/#breadcrumb\",\"itemListElement\":[{\"@type\":\"ListItem\",\"position\":1,\"name\":\"Home\",\"item\":\"https:\/\/www.ljdivingtenerife.com\/\"},{\"@type\":\"ListItem\",\"position\":2,\"name\":\"Gallery\"}]},{\"@type\":\"WebSite\",\"@id\":\"https:\/\/www.ljdivingtenerife.com\/fr\/#website\",\"url\":\"https:\/\/www.ljdivingtenerife.com\/fr\/\",\"name\":\"LJ Diving Tenerife - Pot\u00e1p\u011b\u010dsk\u00e9 centrum a \u0161kola pot\u00e1p\u011bn\u00ed\",\"description\":\"Pot\u00e1p\u011b\u010dsk\u00e9 centrum a \u0161kola pot\u00e1p\u011bn\u00ed v Tenerife. Rekrea\u010dn\u00ed ponory, vyzkou\u0161ejte ponory a certifika\u010dn\u00ed programy PADI a FFESSM (CMAS).\",\"potentialAction\":[{\"@type\":\"SearchAction\",\"target\":{\"@type\":\"EntryPoint\",\"urlTemplate\":\"https:\/\/www.ljdivingtenerife.com\/fr\/?s={search_term_string}\"},\"query-input\":\"required name=search_term_string\"}],\"inLanguage\":\"cs\"}]}<\/script>\n<!-- \/ Yoast SEO plugin. -->","yoast_head_json":{"title":"Galerie - LJ Diving Tenerife - Pot\u00e1p\u011b\u010dsk\u00e9 centrum a \u0161kola pot\u00e1p\u011bn\u00ed","description":"Check out some of the pictures from the dive sites. Discover our gallery of only amateur shots. Enjoy !","robots":{"index":"index","follow":"follow","max-snippet":"max-snippet:-1","max-image-preview":"max-image-preview:large","max-video-preview":"max-video-preview:-1"},"canonical":"https:\/\/www.ljdivingtenerife.com\/en\/gallery\/","og_locale":"cs_CZ","og_type":"article","og_title":"Galerie - LJ Diving Tenerife - Pot\u00e1p\u011b\u010dsk\u00e9 centrum a \u0161kola pot\u00e1p\u011bn\u00ed","og_description":"Check out some of the pictures from the dive sites. Discover our gallery of only amateur shots. Enjoy !","og_url":"https:\/\/www.ljdivingtenerife.com\/en\/gallery\/","og_site_name":"LJ Diving Tenerife - Pot\u00e1p\u011b\u010dsk\u00e9 centrum a \u0161kola pot\u00e1p\u011bn\u00ed","article_modified_time":"2020-07-14T08:27:16+00:00","twitter_card":"summary_large_image","twitter_misc":{"Odhadovan\u00e1 doba \u010dten\u00ed":"3 minuty"},"schema":{"@context":"https:\/\/schema.org","@graph":[{"@type":"WebPage","@id":"https:\/\/www.ljdivingtenerife.com\/en\/gallery\/","url":"https:\/\/www.ljdivingtenerife.com\/en\/gallery\/","name":"Galerie - LJ Diving Tenerife - Pot\u00e1p\u011b\u010dsk\u00e9 centrum a \u0161kola pot\u00e1p\u011bn\u00ed","isPartOf":{"@id":"https:\/\/www.ljdivingtenerife.com\/fr\/#website"},"datePublished":"2016-10-11T08:24:52+00:00","dateModified":"2020-07-14T08:27:16+00:00","description":"Check out some of the pictures from the dive sites. Discover our gallery of only amateur shots. Enjoy !","breadcrumb":{"@id":"https:\/\/www.ljdivingtenerife.com\/en\/gallery\/#breadcrumb"},"inLanguage":"cs","potentialAction":[{"@type":"ReadAction","target":["https:\/\/www.ljdivingtenerife.com\/en\/gallery\/"]}]},{"@type":"BreadcrumbList","@id":"https:\/\/www.ljdivingtenerife.com\/en\/gallery\/#breadcrumb","itemListElement":[{"@type":"ListItem","position":1,"name":"Home","item":"https:\/\/www.ljdivingtenerife.com\/"},{"@type":"ListItem","position":2,"name":"Gallery"}]},{"@type":"WebSite","@id":"https:\/\/www.ljdivingtenerife.com\/fr\/#website","url":"https:\/\/www.ljdivingtenerife.com\/fr\/","name":"LJ Diving Tenerife - Pot\u00e1p\u011b\u010dsk\u00e9 centrum a \u0161kola pot\u00e1p\u011bn\u00ed","description":"Pot\u00e1p\u011b\u010dsk\u00e9 centrum a \u0161kola pot\u00e1p\u011bn\u00ed v Tenerife. Rekrea\u010dn\u00ed ponory, vyzkou\u0161ejte ponory a certifika\u010dn\u00ed programy PADI a FFESSM (CMAS).","potentialAction":[{"@type":"SearchAction","target":{"@type":"EntryPoint","urlTemplate":"https:\/\/www.ljdivingtenerife.com\/fr\/?s={search_term_string}"},"query-input":"required name=search_term_string"}],"inLanguage":"cs"}]}},"_links":{"self":[{"href":"https:\/\/www.ljdivingtenerife.com\/cz\/wp-json\/wp\/v2\/pages\/78"}],"collection":[{"href":"https:\/\/www.ljdivingtenerife.com\/cz\/wp-json\/wp\/v2\/pages"}],"about":[{"href":"https:\/\/www.ljdivingtenerife.com\/cz\/wp-json\/wp\/v2\/types\/page"}],"author":[{"embeddable":true,"href":"https:\/\/www.ljdivingtenerife.com\/cz\/wp-json\/wp\/v2\/users\/1"}],"replies":[{"embeddable":true,"href":"https:\/\/www.ljdivingtenerife.com\/cz\/wp-json\/wp\/v2\/comments?post=78"}],"version-history":[{"count":1,"href":"https:\/\/www.ljdivingtenerife.com\/cz\/wp-json\/wp\/v2\/pages\/78\/revisions"}],"predecessor-version":[{"id":2350,"href":"https:\/\/www.ljdivingtenerife.com\/cz\/wp-json\/wp\/v2\/pages\/78\/revisions\/2350"}],"wp:attachment":[{"href":"https:\/\/www.ljdivingtenerife.com\/cz\/wp-json\/wp\/v2\/media?parent=78"}],"curies":[{"name":"wp","href":"https:\/\/api.w.org\/{rel}","templated":true}]}}