
{"id":76,"date":"2016-10-11T08:24:39","date_gmt":"2016-10-11T08:24:39","guid":{"rendered":"http:\/\/www.ljdivingtenerife.com\/\/?page_id=76"},"modified":"2020-04-24T09:36:18","modified_gmt":"2020-04-24T08:36:18","slug":"contact","status":"publish","type":"page","link":"https:\/\/www.ljdivingtenerife.com\/cz\/contact\/","title":{"rendered":"Kontakt"},"content":{"rendered":"<p>[vc_row][vc_column][vc_widget_sidebar sidebar_id=&#8220;sidebar_widgets&#8220;][vc_empty_space alter_height=&#8220;medium&#8220; hide_on_mobile=&#8220;&#8220;]<div id=\"sc_title_273725682\"\n\t\tclass=\"sc_title sc_title_default\"><h3 class=\"sc_item_title sc_title_title sc_align_center sc_item_title_style_default\">Kontaktujte n\u00e1s<\/h3><\/div><!-- \/.sc_title -->[\/vc_column][\/vc_row][vc_row][vc_column][vc_empty_space alter_height=&#8220;medium&#8220; hide_on_mobile=&#8220;&#8220;][vc_column_text]<\/p>\n<h4 style=\"text-align: center;\">Forget the frontiers&hellip; We are speaking your language<\/h4>\n<p>[\/vc_column_text][vc_empty_space alter_height=&#8220;large&#8220; hide_on_mobile=&#8220;&#8220;][\/vc_column][\/vc_row][vc_row][vc_column width=&#8220;1\/2&#8243;][vc_row_inner][vc_column_inner width=&#8220;1\/4&#8243;][vc_single_image image=&#8220;954&#8243;][\/vc_column_inner][vc_column_inner width=&#8220;1\/4&#8243;][vc_single_image image=&#8220;955&#8243;][\/vc_column_inner][vc_column_inner width=&#8220;1\/4&#8243;][vc_single_image image=&#8220;956&#8243;][\/vc_column_inner][vc_column_inner width=&#8220;1\/4&#8243;][vc_single_image image=&#8220;957&#8243;][\/vc_column_inner][\/vc_row_inner][\/vc_column][vc_column width=&#8220;1\/2&#8243;][vc_row_inner][vc_column_inner width=&#8220;1\/4&#8243;][vc_single_image image=&#8220;958&#8243;][\/vc_column_inner][vc_column_inner width=&#8220;1\/4&#8243;][vc_single_image image=&#8220;1033&#8243;][\/vc_column_inner][vc_column_inner width=&#8220;1\/4&#8243;][vc_single_image image=&#8220;960&#8243;][\/vc_column_inner][vc_column_inner width=&#8220;1\/4&#8243;][vc_single_image image=&#8220;953&#8243;][\/vc_column_inner][\/vc_row_inner][\/vc_column][\/vc_row][vc_row full_width=&#8220;stretch_row_content_no_spaces&#8220;][vc_column][vc_empty_space alter_height=&#8220;large&#8220; hide_on_mobile=&#8220;&#8220;][\/vc_column][\/vc_row][vc_row][vc_column width=&#8220;1\/2&#8243;][vc_single_image image=&#8220;2091&#8243; img_size=&#8220;full&#8220; alignment=&#8220;center&#8220; style=&#8220;vc_box_rounded&#8220;][vc_empty_space alter_height=&#8220;medium&#8220; hide_on_mobile=&#8220;&#8220;][vc_gmaps link=&#8220;#E-8_JTNDaWZyYW1lJTIwc3JjJTNEJTIyaHR0cHMlM0ElMkYlMkZ3d3cuZ29vZ2xlLmNvbSUyRm1hcHMlMkZlbWJlZCUzRnBiJTNEJTIxMW0xOCUyMTFtMTIlMjExbTMlMjExZDM1MjIuNTQ4MTE4Mjg2MDcxJTIxMmQtMTYuNjU5MjE5Nzg0NTMwMDg0JTIxM2QyOC4wMDc3MTg0ODI2Njg0OTQlMjEybTMlMjExZjAlMjEyZjAlMjEzZjAlMjEzbTIlMjExaTEwMjQlMjEyaTc2OCUyMTRmMTMuMSUyMTNtMyUyMTFtMiUyMTFzMHhjNmFhMjczYjljYjE0YWIlMjUzQTB4NTM3MmUwYTliZTQ5Y2NkNyUyMTJzQ2FsbGUlMkJDb25zdWVsbyUyQkFsZm9uc28lMkJEaWF6LUZsb3JlcyUyNTJDJTJCMTYlMjUyQyUyQjM4NjMxJTJCQXJvbmElMjUyQyUyQlNhbnRhJTJCQ3J1eiUyQmRlJTJCVGVuZXJpZmUlMjUyQyUyQlNwYWluJTIxNWUwJTIxM20yJTIxMXNlbiUyMTJzdWslMjE0djE1MjgyOTU3NDM5MDklMjIlMjB3aWR0aCUzRCUyMjYwMCUyMiUyMGhlaWdodCUzRCUyMjQ1MCUyMiUyMGZyYW1lYm9yZGVyJTNEJTIyMCUyMiUyMHN0eWxlJTNEJTIyYm9yZGVyJTNBMCUyMiUyMGFsbG93ZnVsbHNjcmVlbiUzRSUzQyUyRmlmcmFtZSUzRQ==&#8220;][\/vc_column][vc_column width=&#8220;1\/2&#8243;][vc_empty_space alter_height=&#8220;medium&#8220; hide_on_mobile=&#8220;&#8220;][vc_single_image image=&#8220;1728&#8243; img_size=&#8220;full&#8220; alignment=&#8220;center&#8220; style=&#8220;vc_box_rounded&#8220;][vc_empty_space alter_height=&#8220;medium&#8220; hide_on_mobile=&#8220;&#8220;]<div\n\t id=\"sc_form_878181947\"\tclass=\"sc_form sc_form_default sc_align_default\">\n\t\t<form class=\"sc_form_form \" method=\"post\" action=\"https:\/\/www.ljdivingtenerife.com\/wp-admin\/admin-ajax.php\">\n\t\t<div class=\"sc_form_details trx_addons_columns_wrap\"><div class=\"trx_addons_column-1_2\"><label class=\"sc_form_field sc_form_field_name required\">\n\t\t<span class=\"sc_form_field_wrap\"><input type=\"text\" \n\t\t\t\t\tname=\"name\"\n\t\t\t\t\tid=\"name\"\n\t\t\t\t\tvalue=\"\"\n\t\t\t\t\t aria-required=\"true\"\t\t\t\t\t placeholder=\"Your name\"\t\t\t\t\t>\t<\/span>\n<\/label>\n\t\t\t<\/div><div class=\"trx_addons_column-1_2\"><label class=\"sc_form_field sc_form_field_email required\">\n\t\t<span class=\"sc_form_field_wrap\"><input type=\"text\" \n\t\t\t\t\tname=\"email\"\n\t\t\t\t\tid=\"email\"\n\t\t\t\t\tvalue=\"\"\n\t\t\t\t\t aria-required=\"true\"\t\t\t\t\t placeholder=\"Your e-mail\"\t\t\t\t\t>\t<\/span>\n<\/label>\n\t\t\t<\/div><\/div><label class=\"sc_form_field sc_form_field_message required\">\n\t\t<span class=\"sc_form_field_wrap\"><textarea \n\t\t\t\t\tname=\"message\"\n\t\t\t\t\tid=\"message\"\n\t\t\t\t\t aria-required=\"true\"\t\t\t\t\t placeholder=\"Your message\"\t\t\t\t\t><\/textarea>\t<\/span>\n<\/label>\n\t\t<div class=\"sc_form_field sc_form_field_button\"><button>Send Message<\/button><\/div>\n\t\t<div class=\"trx_addons_message_box sc_form_result\"><\/div>\n\t<\/form>\n<\/div><!-- \/.sc_form -->\n[vc_cta h2=&#8220;chybov\u00e1 zpr\u00e1va ?&#8220; h2_font_container=&#8220;font_size:24|color:%231e73be&#8220; h2_use_theme_fonts=&#8220;yes&#8220; use_custom_fonts_h2=&#8220;true&#8220;]Kontaktujte n\u00e1s p\u0159\u00edmo !<\/p>\n<li>E-mail : <b><u>info@ljdivingtenerife.com<\/u><\/b><\/li>\n<li>Mobiln\u00ed :  <b><u>+34 673 597 774<\/u><\/b><\/li>\n<p>[\/vc_cta][\/vc_column][\/vc_row][vc_row full_width=&#8220;stretch_row_content_no_spaces&#8220;][vc_column][vc_empty_space alter_height=&#8220;large&#8220; hide_on_mobile=&#8220;&#8220;][\/vc_column][\/vc_row][vc_row css=&#8220;.vc_custom_1476714760537{margin-top: 6.8em !important;margin-bottom: 7.3em !important;}&#8220;][vc_column width=&#8220;1\/3&#8243;][vc_column_text css=&#8220;.vc_custom_1528295563229{padding-top: 6.2em !important;padding-bottom: 6.4em !important;background-color: #f8f9f1 !important;background-position: 0 0 !important;background-repeat: repeat !important;}&#8220;]<\/p>\n<h5 class=\"trx_addons_no_margins\" style=\"text-align: center;\">Address<\/h5>\n<p style=\"text-align: center;\"><span style=\"color: #2d4059;\">Calle Consuelo Alfonso Diaz Flores 16 &#8211; 38631 LAS GALLETAS &#8211; Tenerife<\/span><\/p>\n<p>[\/vc_column_text][\/vc_column][vc_column width=&#8220;1\/3&#8243;][vc_column_text css=&#8220;.vc_custom_1528295559941{padding-top: 6.2em !important;padding-bottom: 6.4em !important;background-color: #f8f9f1 !important;background-position: 0 0 !important;background-repeat: repeat !important;}&#8220;]<\/p>\n<h5 class=\"trx_addons_no_margins\" style=\"text-align: center;\">Phone<\/h5>\n<p style=\"text-align: center;\"><span style=\"color: #2d4059;\">+34 673 597 774<\/span><\/p>\n<p>&nbsp;<\/p>\n<p>[\/vc_column_text][\/vc_column][vc_column width=&#8220;1\/3&#8243;][vc_column_text css=&#8220;.vc_custom_1528295578166{padding-top: 6.2em !important;padding-bottom: 6.4em !important;background-color: #f8f9f1 !important;background-position: 0 0 !important;background-repeat: repeat !important;}&#8220;]<\/p>\n<h5 class=\"trx_addons_no_margins\" style=\"text-align: center;\">Email<\/h5>\n<p style=\"text-align: center;\"><span style=\"color: #2d4059;\">info@ljdivingtenerife.com<\/span><\/p>\n<p>&nbsp;<\/p>\n<p>[\/vc_column_text][\/vc_column][\/vc_row][vc_row][vc_column][vc_empty_space alter_height=&#8220;large&#8220; hide_on_mobile=&#8220;&#8220;][\/vc_column][\/vc_row][vc_row][vc_column][vc_empty_space alter_height=&#8220;large&#8220; hide_on_mobile=&#8220;&#8220;][\/vc_column][\/vc_row]<\/p>","protected":false},"excerpt":{"rendered":"<p>[vc_row][vc_column][vc_widget_sidebar sidebar_id=&#8220;sidebar_widgets&#8220;][vc_empty_space alter_height=&#8220;medium&#8220; hide_on_mobile=&#8220;&#8220;][\/vc_column][\/vc_row][vc_row][vc_column][vc_empty_space alter_height=&#8220;medium&#8220; hide_on_mobile=&#8220;&#8220;][vc_column_text] Forget the frontiers&hellip; We are speaking your language [\/vc_column_text][vc_empty_space alter_height=&#8220;large&#8220; hide_on_mobile=&#8220;&#8220;][\/vc_column][\/vc_row][vc_row][vc_column width=&#8220;1\/2&#8243;][vc_row_inner][vc_column_inner width=&#8220;1\/4&#8243;][vc_single_image image=&#8220;954&#8243;][\/vc_column_inner][vc_column_inner&hellip;<\/p>\n","protected":false},"author":1,"featured_media":0,"parent":0,"menu_order":0,"comment_status":"closed","ping_status":"closed","template":"","meta":[],"yoast_head":"<!-- This site is optimized with the Yoast SEO plugin v20.1 - https:\/\/yoast.com\/wordpress\/plugins\/seo\/ -->\n<title>Kontakt - LJ Diving Tenerife - Pot\u00e1p\u011b\u010dsk\u00e9 centrum a \u0161kola pot\u00e1p\u011bn\u00ed<\/title>\n<meta name=\"description\" content=\"Contactez notre centre de plong\u00e9e pour toute information \u00e0 prpopos des plong\u00e9es d&#039;exploration et des programmes de certification PADi et FFESSM (CMAS)\" \/>\n<meta name=\"robots\" content=\"index, follow, max-snippet:-1, max-image-preview:large, max-video-preview:-1\" \/>\n<link rel=\"canonical\" href=\"https:\/\/www.ljdivingtenerife.com\/fr\/contact\/\" \/>\n<meta property=\"og:locale\" content=\"cs_CZ\" \/>\n<meta property=\"og:type\" content=\"article\" \/>\n<meta property=\"og:title\" content=\"Kontakt - LJ Diving Tenerife - Pot\u00e1p\u011b\u010dsk\u00e9 centrum a \u0161kola pot\u00e1p\u011bn\u00ed\" \/>\n<meta property=\"og:description\" content=\"Contactez notre centre de plong\u00e9e pour toute information \u00e0 prpopos des plong\u00e9es d&#039;exploration et des programmes de certification PADi et FFESSM (CMAS)\" \/>\n<meta property=\"og:url\" content=\"https:\/\/www.ljdivingtenerife.com\/fr\/contact\/\" \/>\n<meta property=\"og:site_name\" content=\"LJ Diving Tenerife - Pot\u00e1p\u011b\u010dsk\u00e9 centrum a \u0161kola pot\u00e1p\u011bn\u00ed\" \/>\n<meta property=\"article:modified_time\" content=\"2020-04-24T08:36:18+00:00\" \/>\n<meta name=\"twitter:card\" content=\"summary_large_image\" \/>\n<meta name=\"twitter:label1\" content=\"Odhadovan\u00e1 doba \u010dten\u00ed\" \/>\n\t<meta name=\"twitter:data1\" content=\"17 minut\" \/>\n<script type=\"application\/ld+json\" class=\"yoast-schema-graph\">{\"@context\":\"https:\/\/schema.org\",\"@graph\":[{\"@type\":\"WebPage\",\"@id\":\"https:\/\/www.ljdivingtenerife.com\/fr\/contact\/\",\"url\":\"https:\/\/www.ljdivingtenerife.com\/fr\/contact\/\",\"name\":\"Kontakt - LJ Diving Tenerife - Pot\u00e1p\u011b\u010dsk\u00e9 centrum a \u0161kola pot\u00e1p\u011bn\u00ed\",\"isPartOf\":{\"@id\":\"https:\/\/www.ljdivingtenerife.com\/fr\/#website\"},\"datePublished\":\"2016-10-11T08:24:39+00:00\",\"dateModified\":\"2020-04-24T08:36:18+00:00\",\"description\":\"Contactez notre centre de plong\u00e9e pour toute information \u00e0 prpopos des plong\u00e9es d'exploration et des programmes de certification PADi et FFESSM (CMAS)\",\"breadcrumb\":{\"@id\":\"https:\/\/www.ljdivingtenerife.com\/fr\/contact\/#breadcrumb\"},\"inLanguage\":\"cs\",\"potentialAction\":[{\"@type\":\"ReadAction\",\"target\":[\"https:\/\/www.ljdivingtenerife.com\/fr\/contact\/\"]}]},{\"@type\":\"BreadcrumbList\",\"@id\":\"https:\/\/www.ljdivingtenerife.com\/fr\/contact\/#breadcrumb\",\"itemListElement\":[{\"@type\":\"ListItem\",\"position\":1,\"name\":\"Home\",\"item\":\"https:\/\/www.ljdivingtenerife.com\/\"},{\"@type\":\"ListItem\",\"position\":2,\"name\":\"Contact\"}]},{\"@type\":\"WebSite\",\"@id\":\"https:\/\/www.ljdivingtenerife.com\/fr\/#website\",\"url\":\"https:\/\/www.ljdivingtenerife.com\/fr\/\",\"name\":\"LJ Diving Tenerife - Pot\u00e1p\u011b\u010dsk\u00e9 centrum a \u0161kola pot\u00e1p\u011bn\u00ed\",\"description\":\"Pot\u00e1p\u011b\u010dsk\u00e9 centrum a \u0161kola pot\u00e1p\u011bn\u00ed v Tenerife. Rekrea\u010dn\u00ed ponory, vyzkou\u0161ejte ponory a certifika\u010dn\u00ed programy PADI a FFESSM (CMAS).\",\"potentialAction\":[{\"@type\":\"SearchAction\",\"target\":{\"@type\":\"EntryPoint\",\"urlTemplate\":\"https:\/\/www.ljdivingtenerife.com\/fr\/?s={search_term_string}\"},\"query-input\":\"required name=search_term_string\"}],\"inLanguage\":\"cs\"}]}<\/script>\n<!-- \/ Yoast SEO plugin. -->","yoast_head_json":{"title":"Kontakt - LJ Diving Tenerife - Pot\u00e1p\u011b\u010dsk\u00e9 centrum a \u0161kola pot\u00e1p\u011bn\u00ed","description":"Contactez notre centre de plong\u00e9e pour toute information \u00e0 prpopos des plong\u00e9es d'exploration et des programmes de certification PADi et FFESSM (CMAS)","robots":{"index":"index","follow":"follow","max-snippet":"max-snippet:-1","max-image-preview":"max-image-preview:large","max-video-preview":"max-video-preview:-1"},"canonical":"https:\/\/www.ljdivingtenerife.com\/fr\/contact\/","og_locale":"cs_CZ","og_type":"article","og_title":"Kontakt - LJ Diving Tenerife - Pot\u00e1p\u011b\u010dsk\u00e9 centrum a \u0161kola pot\u00e1p\u011bn\u00ed","og_description":"Contactez notre centre de plong\u00e9e pour toute information \u00e0 prpopos des plong\u00e9es d'exploration et des programmes de certification PADi et FFESSM (CMAS)","og_url":"https:\/\/www.ljdivingtenerife.com\/fr\/contact\/","og_site_name":"LJ Diving Tenerife - Pot\u00e1p\u011b\u010dsk\u00e9 centrum a \u0161kola pot\u00e1p\u011bn\u00ed","article_modified_time":"2020-04-24T08:36:18+00:00","twitter_card":"summary_large_image","twitter_misc":{"Odhadovan\u00e1 doba \u010dten\u00ed":"17 minut"},"schema":{"@context":"https:\/\/schema.org","@graph":[{"@type":"WebPage","@id":"https:\/\/www.ljdivingtenerife.com\/fr\/contact\/","url":"https:\/\/www.ljdivingtenerife.com\/fr\/contact\/","name":"Kontakt - LJ Diving Tenerife - Pot\u00e1p\u011b\u010dsk\u00e9 centrum a \u0161kola pot\u00e1p\u011bn\u00ed","isPartOf":{"@id":"https:\/\/www.ljdivingtenerife.com\/fr\/#website"},"datePublished":"2016-10-11T08:24:39+00:00","dateModified":"2020-04-24T08:36:18+00:00","description":"Contactez notre centre de plong\u00e9e pour toute information \u00e0 prpopos des plong\u00e9es d'exploration et des programmes de certification PADi et FFESSM (CMAS)","breadcrumb":{"@id":"https:\/\/www.ljdivingtenerife.com\/fr\/contact\/#breadcrumb"},"inLanguage":"cs","potentialAction":[{"@type":"ReadAction","target":["https:\/\/www.ljdivingtenerife.com\/fr\/contact\/"]}]},{"@type":"BreadcrumbList","@id":"https:\/\/www.ljdivingtenerife.com\/fr\/contact\/#breadcrumb","itemListElement":[{"@type":"ListItem","position":1,"name":"Home","item":"https:\/\/www.ljdivingtenerife.com\/"},{"@type":"ListItem","position":2,"name":"Contact"}]},{"@type":"WebSite","@id":"https:\/\/www.ljdivingtenerife.com\/fr\/#website","url":"https:\/\/www.ljdivingtenerife.com\/fr\/","name":"LJ Diving Tenerife - Pot\u00e1p\u011b\u010dsk\u00e9 centrum a \u0161kola pot\u00e1p\u011bn\u00ed","description":"Pot\u00e1p\u011b\u010dsk\u00e9 centrum a \u0161kola pot\u00e1p\u011bn\u00ed v Tenerife. Rekrea\u010dn\u00ed ponory, vyzkou\u0161ejte ponory a certifika\u010dn\u00ed programy PADI a FFESSM (CMAS).","potentialAction":[{"@type":"SearchAction","target":{"@type":"EntryPoint","urlTemplate":"https:\/\/www.ljdivingtenerife.com\/fr\/?s={search_term_string}"},"query-input":"required name=search_term_string"}],"inLanguage":"cs"}]}},"_links":{"self":[{"href":"https:\/\/www.ljdivingtenerife.com\/cz\/wp-json\/wp\/v2\/pages\/76"}],"collection":[{"href":"https:\/\/www.ljdivingtenerife.com\/cz\/wp-json\/wp\/v2\/pages"}],"about":[{"href":"https:\/\/www.ljdivingtenerife.com\/cz\/wp-json\/wp\/v2\/types\/page"}],"author":[{"embeddable":true,"href":"https:\/\/www.ljdivingtenerife.com\/cz\/wp-json\/wp\/v2\/users\/1"}],"replies":[{"embeddable":true,"href":"https:\/\/www.ljdivingtenerife.com\/cz\/wp-json\/wp\/v2\/comments?post=76"}],"version-history":[{"count":0,"href":"https:\/\/www.ljdivingtenerife.com\/cz\/wp-json\/wp\/v2\/pages\/76\/revisions"}],"wp:attachment":[{"href":"https:\/\/www.ljdivingtenerife.com\/cz\/wp-json\/wp\/v2\/media?parent=76"}],"curies":[{"name":"wp","href":"https:\/\/api.w.org\/{rel}","templated":true}]}}