
{"id":345,"date":"2016-10-17T13:44:47","date_gmt":"2016-10-17T13:44:47","guid":{"rendered":"http:\/\/www.ljdivingtenerife.com\/\/?page_id=345"},"modified":"2020-04-27T13:01:15","modified_gmt":"2020-04-27T12:01:15","slug":"diving-center","status":"publish","type":"page","link":"https:\/\/www.ljdivingtenerife.com\/cz\/diving-center\/","title":{"rendered":"NA\u0160E POT\u00c1P\u011a\u010cSK\u00c9 CENTRUM A \u0160KOLA POT\u00c1P\u011aN\u00cd"},"content":{"rendered":"<p>[vc_row full_width=&#8220;stretch_row&#8220; css=&#8220;.vc_custom_1476885050757{padding-top: 6em !important;padding-bottom: 6.9em !important;}&#8220;][vc_column width=&#8220;5\/6&#8243; css=&#8220;.vc_custom_1476879863491{padding-top: 0.7em !important;padding-left: 6.3em !important;}&#8220;][vc_empty_space height=&#8220;40px&#8220; hide_on_mobile=&#8220;&#8220;]<div id=\"sc_title_47987413\"\n\t\tclass=\"sc_title sc_title_default\"><h3 class=\"sc_item_title sc_title_title sc_align_center sc_item_title_style_default\">NA\u0160E POT\u00c1P\u011a\u010cSK\u00c9 CENTRUM<\/h3><div class=\"sc_item_descr sc_title_descr sc_align_center\"><p style=\"text-align: center;\">Na\u0161e pot\u00e1p\u011b\u010dsk\u00e9 centrum je jako n\u00e1\u0161 druh\u00fd domov.<\/p>\n<p style=\"text-align: center;\">P\u0159\u00edprava a m\u00edsto k odpo\u010dinku ve velmi p\u0159\u00edjemn\u00e9m prost\u0159ed\u00ed ti vytvo\u0159\u00ed tu spr\u00e1vnou atmosf\u00e9ru k pot\u00e1p\u011bn\u00ed bez stresu nebo sp\u011bchu.<\/p>\n<p style=\"text-align: center;\">Prostor 140m2 nab\u00edz\u00ed ty nejlep\u0161\u00ed slu\u017eby a pohodu!<\/p><\/div><\/div><!-- \/.sc_title -->[vc_single_image image=&#8220;1810&#8243; img_size=&#8220;full&#8220; alignment=&#8220;center&#8220; style=&#8220;vc_box_shadow_3d&#8220;][vc_empty_space height=&#8220;60px&#8220; alter_height=&#8220;medium&#8220; hide_on_mobile=&#8220;&#8220;][vc_column_text]Na\u0161e pot\u00e1p\u011b\u010dsk\u00e9 centrum bylo navr\u017eeno tak, aby se v\u0161ichni c\u00edtili uvoln\u011bn\u011b a \u0161\u0165astn\u011b.<\/p>\n<p>[\/vc_column_text][vc_empty_space height=&#8220;60px&#8220; alter_height=&#8220;medium&#8220; hide_on_mobile=&#8220;&#8220;][vc_column_text]<strong>&#8222;Spole\u010densk\u00e1&#8220;<\/strong> oblast nab\u00edz\u00ed spoustu prostoru pro &#8222;pohodu&#8220;. M\u016f\u017ee\u0161 si vychutnat tepl\u00fd n\u00e1poj nebo d\u017eus v klidn\u00e9 a oby\u010dejn\u011b vesel\u00e9 atmosf\u00e9\u0159e. Posa\u010f se do pohodln\u00e9ho k\u0159esla nebo na pohovku a sd\u00edlej sv\u00e9 zku\u0161enosti s ostatn\u00edmi pot\u00e1p\u011b\u010di nebo s rodinn\u00fdmi p\u0159\u00edslu\u0161n\u00edky.<\/p>\n<p>[\/vc_column_text][vc_gallery type=&#8220;image_grid&#8220; images=&#8220;1811,1812,1813,1815&#8243; img_size=&#8220;medium&#8220;][vc_empty_space height=&#8220;60px&#8220; alter_height=&#8220;medium&#8220; hide_on_mobile=&#8220;&#8220;][vc_column_text]<pV\u0161echny prostory jsou optimalizov\u00e1ny tak, aby nab\u00edzely nejlep\u0161\u00ed slu\u017eby a z\u00e1rove\u0148 z\u016fstaly velmi funk\u010dn\u00ed.\n\n<strong>&#8222;Pot\u00e1p\u011b\u010dsk\u00e1&#8220;<\/strong> \u010d\u00e1st je vyhrazena pro pot\u00e1p\u011b\u010de a obsahuje speci\u00e1ln\u00ed za\u0159\u00edzen\u00ed pro oplachov\u00e1n\u00ed a su\u0161en\u00ed v\u00fdstroje. V\u017edy bude\u0161 m\u00edt such\u00fd a \u010dist\u00fd neopren, aby sis mohl pohodln\u011b vychutnat sv\u016fj ponor. Je zde i zvl\u00e1\u0161tn\u00ed m\u00edsto, kde m\u016f\u017ee\u0161 uschovat sv\u00e9 v\u011bci v suchu, bezpe\u010d\u00ed a pod z\u00e1mkem.<\/p>\n<p>[\/vc_column_text][vc_gallery type=&#8220;image_grid&#8220; images=&#8220;1814,1816,1817,1819&#8243; img_size=&#8220;medium&#8220;][vc_empty_space height=&#8220;60px&#8220; alter_height=&#8220;medium&#8220; hide_on_mobile=&#8220;&#8220;][vc_column_text]<strong>&#8222;Soukrom\u00e1&#8220;<\/strong> nab\u00edz\u00ed jednoduch\u00e9 a pohodln\u00e9 ubytov\u00e1n\u00ed (maxim\u00e1ln\u011b pro 2 osoby), abyste sn\u00ed\u017eili sv\u016fj rozpo\u010det a je\u0161t\u011b l\u00e9pe si u\u017eili pot\u00e1p\u011bn\u00ed v Tenerife u n\u00e1s.<\/p>\n<p>[\/vc_column_text][vc_single_image image=&#8220;1820&#8243; img_size=&#8220;full&#8220; alignment=&#8220;center&#8220; style=&#8220;vc_box_shadow_3d&#8220;][vc_empty_space height=&#8220;60px&#8220; alter_height=&#8220;medium&#8220; hide_on_mobile=&#8220;&#8220;][vc_column_text]<\/p>\n<div align=\"center\">\n<h4>Tak co, jsi p\u0159ipraven na perfektn\u00ed den pot\u00e1p\u011bn\u00ed?<\/h4>\n<\/div>\n<p>[\/vc_column_text][vc_gallery type=&#8220;image_grid&#8220; images=&#8220;1728,1801&#8243; img_size=&#8220;medium&#8220; onclick=&#8220;&#8220;][\/vc_column][vc_column width=&#8220;1\/6&#8243;][vc_widget_sidebar sidebar_id=&#8220;sidebar_widgets&#8220;][\/vc_column][\/vc_row]<\/p>","protected":false},"excerpt":{"rendered":"<p>[vc_row full_width=&#8220;stretch_row&#8220; css=&#8220;.vc_custom_1476885050757{padding-top: 6em !important;padding-bottom: 6.9em !important;}&#8220;][vc_column width=&#8220;5\/6&#8243; css=&#8220;.vc_custom_1476879863491{padding-top: 0.7em !important;padding-left: 6.3em !important;}&#8220;][vc_empty_space height=&#8220;40px&#8220; hide_on_mobile=&#8220;&#8220;][vc_single_image image=&#8220;1810&#8243; img_size=&#8220;full&#8220; alignment=&#8220;center&#8220; style=&#8220;vc_box_shadow_3d&#8220;][vc_empty_space height=&#8220;60px&#8220;&hellip;<\/p>\n","protected":false},"author":1,"featured_media":0,"parent":0,"menu_order":0,"comment_status":"closed","ping_status":"closed","template":"","meta":[],"yoast_head":"<!-- This site is optimized with the Yoast SEO plugin v20.1 - https:\/\/yoast.com\/wordpress\/plugins\/seo\/ -->\n<title>Notre centre de plong\u00e9e<\/title>\n<meta name=\"description\" content=\"D\u00e9couvrez notre incroyable centre de plong\u00e9e. Espace et confort pour profiter pleinement de vos s\u00e9ances de plong\u00e9e sous-marine. Prenez votre temps et d\u00e9tendez-vous avant et apr\u00e8s vos plong\u00e9es \u00e0 c\u00f4t\u00e9 du bar ou dans l&#039;espace plus cosy o\u00f9 les canap\u00e9s vous attendent. Prenez un verre en partageant votre derni\u00e8re exp\u00e9rience de plong\u00e9e avec les autres plongeurs. Vous avez besoin d&#039;un \u00e9quipement? Demandez-nous car nous pourrions trouver le meilleur pour vous dans notre boutique de plong\u00e9e SCUBAPRO.\" \/>\n<meta name=\"robots\" content=\"index, follow, max-snippet:-1, max-image-preview:large, max-video-preview:-1\" \/>\n<link rel=\"canonical\" href=\"https:\/\/www.ljdivingtenerife.com\/fr\/diving-center\/\" \/>\n<meta property=\"og:locale\" content=\"cs_CZ\" \/>\n<meta property=\"og:type\" content=\"article\" \/>\n<meta property=\"og:title\" content=\"Notre centre de plong\u00e9e\" \/>\n<meta property=\"og:description\" content=\"D\u00e9couvrez notre incroyable centre de plong\u00e9e. Espace et confort pour profiter pleinement de vos s\u00e9ances de plong\u00e9e sous-marine. Prenez votre temps et d\u00e9tendez-vous avant et apr\u00e8s vos plong\u00e9es \u00e0 c\u00f4t\u00e9 du bar ou dans l&#039;espace plus cosy o\u00f9 les canap\u00e9s vous attendent. Prenez un verre en partageant votre derni\u00e8re exp\u00e9rience de plong\u00e9e avec les autres plongeurs. Vous avez besoin d&#039;un \u00e9quipement? Demandez-nous car nous pourrions trouver le meilleur pour vous dans notre boutique de plong\u00e9e SCUBAPRO.\" \/>\n<meta property=\"og:url\" content=\"https:\/\/www.ljdivingtenerife.com\/fr\/diving-center\/\" \/>\n<meta property=\"og:site_name\" content=\"LJ Diving Tenerife - Pot\u00e1p\u011b\u010dsk\u00e9 centrum a \u0161kola pot\u00e1p\u011bn\u00ed\" \/>\n<meta property=\"article:modified_time\" content=\"2020-04-27T12:01:15+00:00\" \/>\n<meta name=\"twitter:card\" content=\"summary_large_image\" \/>\n<meta name=\"twitter:label1\" content=\"Odhadovan\u00e1 doba \u010dten\u00ed\" \/>\n\t<meta name=\"twitter:data1\" content=\"10 minut\" \/>\n<script type=\"application\/ld+json\" class=\"yoast-schema-graph\">{\"@context\":\"https:\/\/schema.org\",\"@graph\":[{\"@type\":\"WebPage\",\"@id\":\"https:\/\/www.ljdivingtenerife.com\/fr\/diving-center\/\",\"url\":\"https:\/\/www.ljdivingtenerife.com\/fr\/diving-center\/\",\"name\":\"Notre centre de plong\u00e9e\",\"isPartOf\":{\"@id\":\"https:\/\/www.ljdivingtenerife.com\/fr\/#website\"},\"datePublished\":\"2016-10-17T13:44:47+00:00\",\"dateModified\":\"2020-04-27T12:01:15+00:00\",\"description\":\"D\u00e9couvrez notre incroyable centre de plong\u00e9e. Espace et confort pour profiter pleinement de vos s\u00e9ances de plong\u00e9e sous-marine. Prenez votre temps et d\u00e9tendez-vous avant et apr\u00e8s vos plong\u00e9es \u00e0 c\u00f4t\u00e9 du bar ou dans l'espace plus cosy o\u00f9 les canap\u00e9s vous attendent. Prenez un verre en partageant votre derni\u00e8re exp\u00e9rience de plong\u00e9e avec les autres plongeurs. Vous avez besoin d'un \u00e9quipement? Demandez-nous car nous pourrions trouver le meilleur pour vous dans notre boutique de plong\u00e9e SCUBAPRO.\",\"breadcrumb\":{\"@id\":\"https:\/\/www.ljdivingtenerife.com\/fr\/diving-center\/#breadcrumb\"},\"inLanguage\":\"cs\",\"potentialAction\":[{\"@type\":\"ReadAction\",\"target\":[\"https:\/\/www.ljdivingtenerife.com\/fr\/diving-center\/\"]}]},{\"@type\":\"BreadcrumbList\",\"@id\":\"https:\/\/www.ljdivingtenerife.com\/fr\/diving-center\/#breadcrumb\",\"itemListElement\":[{\"@type\":\"ListItem\",\"position\":1,\"name\":\"Home\",\"item\":\"https:\/\/www.ljdivingtenerife.com\/\"},{\"@type\":\"ListItem\",\"position\":2,\"name\":\"NOTRE CENTRE ET ECOLE DE PLONGEE\"}]},{\"@type\":\"WebSite\",\"@id\":\"https:\/\/www.ljdivingtenerife.com\/fr\/#website\",\"url\":\"https:\/\/www.ljdivingtenerife.com\/fr\/\",\"name\":\"LJ Diving Tenerife - Pot\u00e1p\u011b\u010dsk\u00e9 centrum a \u0161kola pot\u00e1p\u011bn\u00ed\",\"description\":\"Pot\u00e1p\u011b\u010dsk\u00e9 centrum a \u0161kola pot\u00e1p\u011bn\u00ed v Tenerife. Rekrea\u010dn\u00ed ponory, vyzkou\u0161ejte ponory a certifika\u010dn\u00ed programy PADI a FFESSM (CMAS).\",\"potentialAction\":[{\"@type\":\"SearchAction\",\"target\":{\"@type\":\"EntryPoint\",\"urlTemplate\":\"https:\/\/www.ljdivingtenerife.com\/fr\/?s={search_term_string}\"},\"query-input\":\"required name=search_term_string\"}],\"inLanguage\":\"cs\"}]}<\/script>\n<!-- \/ Yoast SEO plugin. -->","yoast_head_json":{"title":"Notre centre de plong\u00e9e","description":"D\u00e9couvrez notre incroyable centre de plong\u00e9e. Espace et confort pour profiter pleinement de vos s\u00e9ances de plong\u00e9e sous-marine. Prenez votre temps et d\u00e9tendez-vous avant et apr\u00e8s vos plong\u00e9es \u00e0 c\u00f4t\u00e9 du bar ou dans l'espace plus cosy o\u00f9 les canap\u00e9s vous attendent. Prenez un verre en partageant votre derni\u00e8re exp\u00e9rience de plong\u00e9e avec les autres plongeurs. Vous avez besoin d'un \u00e9quipement? Demandez-nous car nous pourrions trouver le meilleur pour vous dans notre boutique de plong\u00e9e SCUBAPRO.","robots":{"index":"index","follow":"follow","max-snippet":"max-snippet:-1","max-image-preview":"max-image-preview:large","max-video-preview":"max-video-preview:-1"},"canonical":"https:\/\/www.ljdivingtenerife.com\/fr\/diving-center\/","og_locale":"cs_CZ","og_type":"article","og_title":"Notre centre de plong\u00e9e","og_description":"D\u00e9couvrez notre incroyable centre de plong\u00e9e. Espace et confort pour profiter pleinement de vos s\u00e9ances de plong\u00e9e sous-marine. Prenez votre temps et d\u00e9tendez-vous avant et apr\u00e8s vos plong\u00e9es \u00e0 c\u00f4t\u00e9 du bar ou dans l'espace plus cosy o\u00f9 les canap\u00e9s vous attendent. Prenez un verre en partageant votre derni\u00e8re exp\u00e9rience de plong\u00e9e avec les autres plongeurs. Vous avez besoin d'un \u00e9quipement? Demandez-nous car nous pourrions trouver le meilleur pour vous dans notre boutique de plong\u00e9e SCUBAPRO.","og_url":"https:\/\/www.ljdivingtenerife.com\/fr\/diving-center\/","og_site_name":"LJ Diving Tenerife - Pot\u00e1p\u011b\u010dsk\u00e9 centrum a \u0161kola pot\u00e1p\u011bn\u00ed","article_modified_time":"2020-04-27T12:01:15+00:00","twitter_card":"summary_large_image","twitter_misc":{"Odhadovan\u00e1 doba \u010dten\u00ed":"10 minut"},"schema":{"@context":"https:\/\/schema.org","@graph":[{"@type":"WebPage","@id":"https:\/\/www.ljdivingtenerife.com\/fr\/diving-center\/","url":"https:\/\/www.ljdivingtenerife.com\/fr\/diving-center\/","name":"Notre centre de plong\u00e9e","isPartOf":{"@id":"https:\/\/www.ljdivingtenerife.com\/fr\/#website"},"datePublished":"2016-10-17T13:44:47+00:00","dateModified":"2020-04-27T12:01:15+00:00","description":"D\u00e9couvrez notre incroyable centre de plong\u00e9e. Espace et confort pour profiter pleinement de vos s\u00e9ances de plong\u00e9e sous-marine. Prenez votre temps et d\u00e9tendez-vous avant et apr\u00e8s vos plong\u00e9es \u00e0 c\u00f4t\u00e9 du bar ou dans l'espace plus cosy o\u00f9 les canap\u00e9s vous attendent. Prenez un verre en partageant votre derni\u00e8re exp\u00e9rience de plong\u00e9e avec les autres plongeurs. Vous avez besoin d'un \u00e9quipement? Demandez-nous car nous pourrions trouver le meilleur pour vous dans notre boutique de plong\u00e9e SCUBAPRO.","breadcrumb":{"@id":"https:\/\/www.ljdivingtenerife.com\/fr\/diving-center\/#breadcrumb"},"inLanguage":"cs","potentialAction":[{"@type":"ReadAction","target":["https:\/\/www.ljdivingtenerife.com\/fr\/diving-center\/"]}]},{"@type":"BreadcrumbList","@id":"https:\/\/www.ljdivingtenerife.com\/fr\/diving-center\/#breadcrumb","itemListElement":[{"@type":"ListItem","position":1,"name":"Home","item":"https:\/\/www.ljdivingtenerife.com\/"},{"@type":"ListItem","position":2,"name":"NOTRE CENTRE ET ECOLE DE PLONGEE"}]},{"@type":"WebSite","@id":"https:\/\/www.ljdivingtenerife.com\/fr\/#website","url":"https:\/\/www.ljdivingtenerife.com\/fr\/","name":"LJ Diving Tenerife - Pot\u00e1p\u011b\u010dsk\u00e9 centrum a \u0161kola pot\u00e1p\u011bn\u00ed","description":"Pot\u00e1p\u011b\u010dsk\u00e9 centrum a \u0161kola pot\u00e1p\u011bn\u00ed v Tenerife. Rekrea\u010dn\u00ed ponory, vyzkou\u0161ejte ponory a certifika\u010dn\u00ed programy PADI a FFESSM (CMAS).","potentialAction":[{"@type":"SearchAction","target":{"@type":"EntryPoint","urlTemplate":"https:\/\/www.ljdivingtenerife.com\/fr\/?s={search_term_string}"},"query-input":"required name=search_term_string"}],"inLanguage":"cs"}]}},"_links":{"self":[{"href":"https:\/\/www.ljdivingtenerife.com\/cz\/wp-json\/wp\/v2\/pages\/345"}],"collection":[{"href":"https:\/\/www.ljdivingtenerife.com\/cz\/wp-json\/wp\/v2\/pages"}],"about":[{"href":"https:\/\/www.ljdivingtenerife.com\/cz\/wp-json\/wp\/v2\/types\/page"}],"author":[{"embeddable":true,"href":"https:\/\/www.ljdivingtenerife.com\/cz\/wp-json\/wp\/v2\/users\/1"}],"replies":[{"embeddable":true,"href":"https:\/\/www.ljdivingtenerife.com\/cz\/wp-json\/wp\/v2\/comments?post=345"}],"version-history":[{"count":2,"href":"https:\/\/www.ljdivingtenerife.com\/cz\/wp-json\/wp\/v2\/pages\/345\/revisions"}],"predecessor-version":[{"id":2189,"href":"https:\/\/www.ljdivingtenerife.com\/cz\/wp-json\/wp\/v2\/pages\/345\/revisions\/2189"}],"wp:attachment":[{"href":"https:\/\/www.ljdivingtenerife.com\/cz\/wp-json\/wp\/v2\/media?parent=345"}],"curies":[{"name":"wp","href":"https:\/\/api.w.org\/{rel}","templated":true}]}}